{"id":7295,"date":"2023-01-13T16:00:57","date_gmt":"2023-01-13T15:00:57","guid":{"rendered":"https:\/\/verohomes.pl\/unsere-projekte\/haus-48-m%c2%b2-pulver\/"},"modified":"2025-10-23T14:02:05","modified_gmt":"2025-10-23T12:02:05","slug":"haus-48-m2-pulver","status":"publish","type":"page","link":"https:\/\/verohomes.pl\/de\/unsere-projekte\/haus-48-m2-pulver\/","title":{"rendered":"Haus 48 m\u00b2 Pulver"},"content":{"rendered":"\t\t<div data-elementor-type=\"wp-page\" data-elementor-id=\"7295\" class=\"elementor elementor-7295 elementor-2729\" data-elementor-post-type=\"page\">\n\t\t\t\t\t\t<section class=\"elementor-section elementor-top-section elementor-element elementor-element-09b2a8e elementor-section-boxed elementor-section-height-default elementor-section-height-default\" data-id=\"09b2a8e\" data-element_type=\"section\" data-e-type=\"section\">\n\t\t\t\t\t\t<div class=\"elementor-container elementor-column-gap-no\">\n\t\t\t\t\t<div class=\"elementor-column elementor-col-100 elementor-top-column elementor-element elementor-element-23be989\" data-id=\"23be989\" data-element_type=\"column\" data-e-type=\"column\">\n\t\t\t<div class=\"elementor-widget-wrap elementor-element-populated\">\n\t\t\t\t\t\t<div class=\"elementor-element elementor-element-b473073 elementor-absolute elementor-widget elementor-widget-heading\" data-id=\"b473073\" data-element_type=\"widget\" data-e-type=\"widget\" data-settings=\"{&quot;_position&quot;:&quot;absolute&quot;}\" data-widget_type=\"heading.default\">\n\t\t\t\t<div class=\"elementor-widget-container\">\n\t\t\t\t\t<span class=\"elementor-heading-title elementor-size-default\">Haus Pulver<\/span>\t\t\t\t<\/div>\n\t\t\t\t<\/div>\n\t\t\t\t<div class=\"elementor-element elementor-element-9e3549e elementor-align-center elementor-widget elementor-widget-button\" data-id=\"9e3549e\" data-element_type=\"widget\" data-e-type=\"widget\" data-widget_type=\"button.default\">\n\t\t\t\t<div class=\"elementor-widget-container\">\n\t\t\t\t\t\t\t\t\t<div class=\"elementor-button-wrapper\">\n\t\t\t\t\t<a class=\"elementor-button elementor-button-link elementor-size-sm\" href=\"https:\/\/verohomes.pl\/wp-content\/uploads\/spacery3d\/wycieczka7\/domek_mobilny_2.html\">\n\t\t\t\t\t\t<span class=\"elementor-button-content-wrapper\">\n\t\t\t\t\t\t\t\t\t<span class=\"elementor-button-text\">VIRTUELLEN SPAZIERGANG<\/span>\n\t\t\t\t\t<\/span>\n\t\t\t\t\t<\/a>\n\t\t\t\t<\/div>\n\t\t\t\t\t\t\t\t<\/div>\n\t\t\t\t<\/div>\n\t\t\t\t\t<\/div>\n\t\t<\/div>\n\t\t\t\t\t<\/div>\n\t\t<\/section>\n\t\t\t\t<section class=\"elementor-section elementor-top-section elementor-element elementor-element-4566621 elementor-section-content-middle elementor-section-full_width elementor-section-height-default elementor-section-height-default\" data-id=\"4566621\" data-element_type=\"section\" data-e-type=\"section\" data-settings=\"{&quot;background_background&quot;:&quot;classic&quot;}\">\n\t\t\t\t\t\t<div class=\"elementor-container elementor-column-gap-no\">\n\t\t\t\t\t<div class=\"elementor-column elementor-col-100 elementor-top-column elementor-element elementor-element-0b0d5d4\" data-id=\"0b0d5d4\" data-element_type=\"column\" data-e-type=\"column\">\n\t\t\t<div class=\"elementor-widget-wrap elementor-element-populated\">\n\t\t\t\t\t\t<div class=\"elementor-element elementor-element-0527529 elementor-widget elementor-widget-image\" data-id=\"0527529\" data-element_type=\"widget\" data-e-type=\"widget\" data-widget_type=\"image.default\">\n\t\t\t\t<div class=\"elementor-widget-container\">\n\t\t\t\t\t\t\t\t\t\t\t\t\t\t\t<img fetchpriority=\"high\" decoding=\"async\" width=\"1200\" height=\"960\" src=\"https:\/\/verohomes.pl\/wp-content\/uploads\/2023\/02\/Dom-mobilny-12-6.webp\" class=\"attachment-full size-full wp-image-6936\" alt=\"Domy ca\u0142oroczne bez pozwolenia Vero Homes pok\u00f3j dzieci\u0119cy\" srcset=\"https:\/\/verohomes.pl\/wp-content\/uploads\/2023\/02\/Dom-mobilny-12-6.webp 1200w, https:\/\/verohomes.pl\/wp-content\/uploads\/2023\/02\/Dom-mobilny-12-6-300x240.webp 300w, https:\/\/verohomes.pl\/wp-content\/uploads\/2023\/02\/Dom-mobilny-12-6-1024x819.webp 1024w, https:\/\/verohomes.pl\/wp-content\/uploads\/2023\/02\/Dom-mobilny-12-6-768x614.webp 768w\" sizes=\"(max-width: 1200px) 100vw, 1200px\" \/>\t\t\t\t\t\t\t\t\t\t\t\t\t\t\t<\/div>\n\t\t\t\t<\/div>\n\t\t\t\t\t<\/div>\n\t\t<\/div>\n\t\t\t\t\t<\/div>\n\t\t<\/section>\n\t\t\t\t<section class=\"elementor-section elementor-top-section elementor-element elementor-element-a304e2e elementor-section-boxed elementor-section-height-default elementor-section-height-default\" data-id=\"a304e2e\" data-element_type=\"section\" data-e-type=\"section\">\n\t\t\t\t\t\t<div class=\"elementor-container elementor-column-gap-default\">\n\t\t\t\t\t<div class=\"elementor-column elementor-col-100 elementor-top-column elementor-element elementor-element-7e4b227\" data-id=\"7e4b227\" data-element_type=\"column\" data-e-type=\"column\">\n\t\t\t<div class=\"elementor-widget-wrap elementor-element-populated\">\n\t\t\t\t\t\t<div class=\"elementor-element elementor-element-5300f3a elementor-widget elementor-widget-heading\" data-id=\"5300f3a\" data-element_type=\"widget\" data-e-type=\"widget\" data-widget_type=\"heading.default\">\n\t\t\t\t<div class=\"elementor-widget-container\">\n\t\t\t\t\t<h2 class=\"elementor-heading-title elementor-size-default\">Galerie<\/h2>\t\t\t\t<\/div>\n\t\t\t\t<\/div>\n\t\t\t\t\t<\/div>\n\t\t<\/div>\n\t\t\t\t\t<\/div>\n\t\t<\/section>\n\t\t\t\t<section class=\"elementor-section elementor-top-section elementor-element elementor-element-7282617 elementor-section-boxed elementor-section-height-default elementor-section-height-default\" data-id=\"7282617\" data-element_type=\"section\" data-e-type=\"section\">\n\t\t\t\t\t\t<div class=\"elementor-container elementor-column-gap-default\">\n\t\t\t\t\t<div class=\"elementor-column elementor-col-100 elementor-top-column elementor-element elementor-element-bb9734d\" data-id=\"bb9734d\" data-element_type=\"column\" data-e-type=\"column\">\n\t\t\t<div class=\"elementor-widget-wrap elementor-element-populated\">\n\t\t\t\t\t\t<div class=\"elementor-element elementor-element-6fb7c9c gallery-spacing-custom elementor-widget elementor-widget-image-gallery\" data-id=\"6fb7c9c\" data-element_type=\"widget\" data-e-type=\"widget\" data-widget_type=\"image-gallery.default\">\n\t\t\t\t<div class=\"elementor-widget-container\">\n\t\t\t\t\t\t\t<div class=\"elementor-image-gallery\">\n\t\t\t<div id='gallery-1' class='gallery galleryid-7295 gallery-columns-3 gallery-size-large'><figure class='gallery-item'>\n\t\t\t<div class='gallery-icon landscape'>\n\t\t\t\t<a data-elementor-open-lightbox=\"yes\" data-elementor-lightbox-slideshow=\"6fb7c9c\" data-elementor-lightbox-title=\"Dom mobilny 9\" data-elementor-lightbox-description=\"Dom mobilny 9\" data-e-action-hash=\"#elementor-action%3Aaction%3Dlightbox%26settings%3DeyJpZCI6NjkzMywidXJsIjoiaHR0cHM6XC9cL3Zlcm9ob21lcy5wbFwvd3AtY29udGVudFwvdXBsb2Fkc1wvMjAyM1wvMDJcL0RvbS1tb2JpbG55LTktNi53ZWJwIiwic2xpZGVzaG93IjoiNmZiN2M5YyJ9\" href='https:\/\/verohomes.pl\/wp-content\/uploads\/2023\/02\/Dom-mobilny-9-6.webp'><img decoding=\"async\" width=\"1024\" height=\"819\" src=\"https:\/\/verohomes.pl\/wp-content\/uploads\/2023\/02\/Dom-mobilny-9-6-1024x819.webp\" class=\"attachment-large size-large\" alt=\"Domy ca\u0142oroczne bez pozwolenia Vero Homes  aneks kuchenny\" srcset=\"https:\/\/verohomes.pl\/wp-content\/uploads\/2023\/02\/Dom-mobilny-9-6-1024x819.webp 1024w, https:\/\/verohomes.pl\/wp-content\/uploads\/2023\/02\/Dom-mobilny-9-6-300x240.webp 300w, https:\/\/verohomes.pl\/wp-content\/uploads\/2023\/02\/Dom-mobilny-9-6-768x614.webp 768w, https:\/\/verohomes.pl\/wp-content\/uploads\/2023\/02\/Dom-mobilny-9-6.webp 1200w\" sizes=\"(max-width: 1024px) 100vw, 1024px\" \/><\/a>\n\t\t\t<\/div><\/figure><figure class='gallery-item'>\n\t\t\t<div class='gallery-icon landscape'>\n\t\t\t\t<a data-elementor-open-lightbox=\"yes\" data-elementor-lightbox-slideshow=\"6fb7c9c\" data-elementor-lightbox-title=\"Dom 48 m\u00b2 pudrowy\" data-elementor-lightbox-description=\"Dom 48 m\u00b2 pudrowy\" data-e-action-hash=\"#elementor-action%3Aaction%3Dlightbox%26settings%3DeyJpZCI6NjkzMSwidXJsIjoiaHR0cHM6XC9cL3Zlcm9ob21lcy5wbFwvd3AtY29udGVudFwvdXBsb2Fkc1wvMjAyM1wvMDJcL0RvbS1tb2JpbG55LTctNi53ZWJwIiwic2xpZGVzaG93IjoiNmZiN2M5YyJ9\" href='https:\/\/verohomes.pl\/wp-content\/uploads\/2023\/02\/Dom-mobilny-7-6.webp'><img decoding=\"async\" width=\"1024\" height=\"819\" src=\"https:\/\/verohomes.pl\/wp-content\/uploads\/2023\/02\/Dom-mobilny-7-6-1024x819.webp\" class=\"attachment-large size-large\" alt=\"Domy ca\u0142oroczne bez pozwolenia Vero Homes  salon\" srcset=\"https:\/\/verohomes.pl\/wp-content\/uploads\/2023\/02\/Dom-mobilny-7-6-1024x819.webp 1024w, https:\/\/verohomes.pl\/wp-content\/uploads\/2023\/02\/Dom-mobilny-7-6-300x240.webp 300w, https:\/\/verohomes.pl\/wp-content\/uploads\/2023\/02\/Dom-mobilny-7-6-768x614.webp 768w, https:\/\/verohomes.pl\/wp-content\/uploads\/2023\/02\/Dom-mobilny-7-6.webp 1200w\" sizes=\"(max-width: 1024px) 100vw, 1024px\" \/><\/a>\n\t\t\t<\/div><\/figure><figure class='gallery-item'>\n\t\t\t<div class='gallery-icon landscape'>\n\t\t\t\t<a data-elementor-open-lightbox=\"yes\" data-elementor-lightbox-slideshow=\"6fb7c9c\" data-elementor-lightbox-title=\"Dom 48 m\u00b2 pudrowy\" data-elementor-lightbox-description=\"Dom 48 m\u00b2 pudrowy\" data-e-action-hash=\"#elementor-action%3Aaction%3Dlightbox%26settings%3DeyJpZCI6NjkyNSwidXJsIjoiaHR0cHM6XC9cL3Zlcm9ob21lcy5wbFwvd3AtY29udGVudFwvdXBsb2Fkc1wvMjAyM1wvMDJcL0RvbS1tb2JpbG55LTEtNi53ZWJwIiwic2xpZGVzaG93IjoiNmZiN2M5YyJ9\" href='https:\/\/verohomes.pl\/wp-content\/uploads\/2023\/02\/Dom-mobilny-1-6.webp'><img loading=\"lazy\" decoding=\"async\" width=\"1024\" height=\"819\" src=\"https:\/\/verohomes.pl\/wp-content\/uploads\/2023\/02\/Dom-mobilny-1-6-1024x819.webp\" class=\"attachment-large size-large\" alt=\"Ca\u0142oroczny dom mobilny pudrowy Vero Homes salon z aneksem kuchennym\" srcset=\"https:\/\/verohomes.pl\/wp-content\/uploads\/2023\/02\/Dom-mobilny-1-6-1024x819.webp 1024w, https:\/\/verohomes.pl\/wp-content\/uploads\/2023\/02\/Dom-mobilny-1-6-300x240.webp 300w, https:\/\/verohomes.pl\/wp-content\/uploads\/2023\/02\/Dom-mobilny-1-6-768x614.webp 768w, https:\/\/verohomes.pl\/wp-content\/uploads\/2023\/02\/Dom-mobilny-1-6.webp 1200w\" sizes=\"(max-width: 1024px) 100vw, 1024px\" \/><\/a>\n\t\t\t<\/div><\/figure><figure class='gallery-item'>\n\t\t\t<div class='gallery-icon landscape'>\n\t\t\t\t<a data-elementor-open-lightbox=\"yes\" data-elementor-lightbox-slideshow=\"6fb7c9c\" data-elementor-lightbox-title=\"Dom mobilny 11\" data-elementor-lightbox-description=\"Dom mobilny 11\" data-e-action-hash=\"#elementor-action%3Aaction%3Dlightbox%26settings%3DeyJpZCI6NjkzNSwidXJsIjoiaHR0cHM6XC9cL3Zlcm9ob21lcy5wbFwvd3AtY29udGVudFwvdXBsb2Fkc1wvMjAyM1wvMDJcL0RvbS1tb2JpbG55LTExLTYud2VicCIsInNsaWRlc2hvdyI6IjZmYjdjOWMifQ%3D%3D\" href='https:\/\/verohomes.pl\/wp-content\/uploads\/2023\/02\/Dom-mobilny-11-6.webp'><img loading=\"lazy\" decoding=\"async\" width=\"1024\" height=\"819\" src=\"https:\/\/verohomes.pl\/wp-content\/uploads\/2023\/02\/Dom-mobilny-11-6-1024x819.webp\" class=\"attachment-large size-large\" alt=\"Domy ca\u0142oroczne bez pozwolenia Vero Homes kuchnia\" srcset=\"https:\/\/verohomes.pl\/wp-content\/uploads\/2023\/02\/Dom-mobilny-11-6-1024x819.webp 1024w, https:\/\/verohomes.pl\/wp-content\/uploads\/2023\/02\/Dom-mobilny-11-6-300x240.webp 300w, https:\/\/verohomes.pl\/wp-content\/uploads\/2023\/02\/Dom-mobilny-11-6-768x614.webp 768w, https:\/\/verohomes.pl\/wp-content\/uploads\/2023\/02\/Dom-mobilny-11-6.webp 1200w\" sizes=\"(max-width: 1024px) 100vw, 1024px\" \/><\/a>\n\t\t\t<\/div><\/figure><figure class='gallery-item'>\n\t\t\t<div class='gallery-icon landscape'>\n\t\t\t\t<a data-elementor-open-lightbox=\"yes\" data-elementor-lightbox-slideshow=\"6fb7c9c\" data-elementor-lightbox-title=\"Dom mobilny 8\" data-elementor-lightbox-description=\"Dom mobilny 8\" data-e-action-hash=\"#elementor-action%3Aaction%3Dlightbox%26settings%3DeyJpZCI6NjkzMiwidXJsIjoiaHR0cHM6XC9cL3Zlcm9ob21lcy5wbFwvd3AtY29udGVudFwvdXBsb2Fkc1wvMjAyM1wvMDJcL0RvbS1tb2JpbG55LTgtNi53ZWJwIiwic2xpZGVzaG93IjoiNmZiN2M5YyJ9\" href='https:\/\/verohomes.pl\/wp-content\/uploads\/2023\/02\/Dom-mobilny-8-6.webp'><img loading=\"lazy\" decoding=\"async\" width=\"1024\" height=\"819\" src=\"https:\/\/verohomes.pl\/wp-content\/uploads\/2023\/02\/Dom-mobilny-8-6-1024x819.webp\" class=\"attachment-large size-large\" alt=\"Domy ca\u0142oroczne bez pozwolenia Vero Homes  aneks kuchenny\" srcset=\"https:\/\/verohomes.pl\/wp-content\/uploads\/2023\/02\/Dom-mobilny-8-6-1024x819.webp 1024w, https:\/\/verohomes.pl\/wp-content\/uploads\/2023\/02\/Dom-mobilny-8-6-300x240.webp 300w, https:\/\/verohomes.pl\/wp-content\/uploads\/2023\/02\/Dom-mobilny-8-6-768x614.webp 768w, https:\/\/verohomes.pl\/wp-content\/uploads\/2023\/02\/Dom-mobilny-8-6.webp 1200w\" sizes=\"(max-width: 1024px) 100vw, 1024px\" \/><\/a>\n\t\t\t<\/div><\/figure><figure class='gallery-item'>\n\t\t\t<div class='gallery-icon landscape'>\n\t\t\t\t<a data-elementor-open-lightbox=\"yes\" data-elementor-lightbox-slideshow=\"6fb7c9c\" data-elementor-lightbox-title=\"Dom 48 m\u00b2 pudrowy\" data-elementor-lightbox-description=\"Dom 48 m\u00b2 pudrowy\" data-e-action-hash=\"#elementor-action%3Aaction%3Dlightbox%26settings%3DeyJpZCI6NjkyNywidXJsIjoiaHR0cHM6XC9cL3Zlcm9ob21lcy5wbFwvd3AtY29udGVudFwvdXBsb2Fkc1wvMjAyM1wvMDJcL0RvbS1tb2JpbG55LTMtNi53ZWJwIiwic2xpZGVzaG93IjoiNmZiN2M5YyJ9\" href='https:\/\/verohomes.pl\/wp-content\/uploads\/2023\/02\/Dom-mobilny-3-6.webp'><img loading=\"lazy\" decoding=\"async\" width=\"1024\" height=\"819\" src=\"https:\/\/verohomes.pl\/wp-content\/uploads\/2023\/02\/Dom-mobilny-3-6-1024x819.webp\" class=\"attachment-large size-large\" alt=\"Domy ca\u0142oroczne bez pozwolenia Vero Homes sypialnia pudrowy\" srcset=\"https:\/\/verohomes.pl\/wp-content\/uploads\/2023\/02\/Dom-mobilny-3-6-1024x819.webp 1024w, https:\/\/verohomes.pl\/wp-content\/uploads\/2023\/02\/Dom-mobilny-3-6-300x240.webp 300w, https:\/\/verohomes.pl\/wp-content\/uploads\/2023\/02\/Dom-mobilny-3-6-768x614.webp 768w, https:\/\/verohomes.pl\/wp-content\/uploads\/2023\/02\/Dom-mobilny-3-6.webp 1200w\" sizes=\"(max-width: 1024px) 100vw, 1024px\" \/><\/a>\n\t\t\t<\/div><\/figure><figure class='gallery-item'>\n\t\t\t<div class='gallery-icon landscape'>\n\t\t\t\t<a data-elementor-open-lightbox=\"yes\" data-elementor-lightbox-slideshow=\"6fb7c9c\" data-elementor-lightbox-title=\"Dom 48 m\u00b2 pudrowy\" data-elementor-lightbox-description=\"Dom 48 m\u00b2 pudrowy\" data-e-action-hash=\"#elementor-action%3Aaction%3Dlightbox%26settings%3DeyJpZCI6NjkyOCwidXJsIjoiaHR0cHM6XC9cL3Zlcm9ob21lcy5wbFwvd3AtY29udGVudFwvdXBsb2Fkc1wvMjAyM1wvMDJcL0RvbS1tb2JpbG55LTQtNi53ZWJwIiwic2xpZGVzaG93IjoiNmZiN2M5YyJ9\" href='https:\/\/verohomes.pl\/wp-content\/uploads\/2023\/02\/Dom-mobilny-4-6.webp'><img loading=\"lazy\" decoding=\"async\" width=\"1024\" height=\"819\" src=\"https:\/\/verohomes.pl\/wp-content\/uploads\/2023\/02\/Dom-mobilny-4-6-1024x819.webp\" class=\"attachment-large size-large\" alt=\"Domy ca\u0142oroczne bez pozwolenia Vero Homes  sypialnia\" srcset=\"https:\/\/verohomes.pl\/wp-content\/uploads\/2023\/02\/Dom-mobilny-4-6-1024x819.webp 1024w, https:\/\/verohomes.pl\/wp-content\/uploads\/2023\/02\/Dom-mobilny-4-6-300x240.webp 300w, https:\/\/verohomes.pl\/wp-content\/uploads\/2023\/02\/Dom-mobilny-4-6-768x614.webp 768w, https:\/\/verohomes.pl\/wp-content\/uploads\/2023\/02\/Dom-mobilny-4-6.webp 1200w\" sizes=\"(max-width: 1024px) 100vw, 1024px\" \/><\/a>\n\t\t\t<\/div><\/figure><figure class='gallery-item'>\n\t\t\t<div class='gallery-icon landscape'>\n\t\t\t\t<a data-elementor-open-lightbox=\"yes\" data-elementor-lightbox-slideshow=\"6fb7c9c\" data-elementor-lightbox-title=\"Dom mobilny 14\" data-elementor-lightbox-description=\"Dom mobilny 14\" data-e-action-hash=\"#elementor-action%3Aaction%3Dlightbox%26settings%3DeyJpZCI6NjkzOCwidXJsIjoiaHR0cHM6XC9cL3Zlcm9ob21lcy5wbFwvd3AtY29udGVudFwvdXBsb2Fkc1wvMjAyM1wvMDJcL0RvbS1tb2JpbG55LTE0LTUud2VicCIsInNsaWRlc2hvdyI6IjZmYjdjOWMifQ%3D%3D\" href='https:\/\/verohomes.pl\/wp-content\/uploads\/2023\/02\/Dom-mobilny-14-5.webp'><img loading=\"lazy\" decoding=\"async\" width=\"1024\" height=\"819\" src=\"https:\/\/verohomes.pl\/wp-content\/uploads\/2023\/02\/Dom-mobilny-14-5-1024x819.webp\" class=\"attachment-large size-large\" alt=\"Domy ca\u0142oroczne bez pozwolenia Vero Homes sypialnia\" srcset=\"https:\/\/verohomes.pl\/wp-content\/uploads\/2023\/02\/Dom-mobilny-14-5-1024x819.webp 1024w, https:\/\/verohomes.pl\/wp-content\/uploads\/2023\/02\/Dom-mobilny-14-5-300x240.webp 300w, https:\/\/verohomes.pl\/wp-content\/uploads\/2023\/02\/Dom-mobilny-14-5-768x614.webp 768w, https:\/\/verohomes.pl\/wp-content\/uploads\/2023\/02\/Dom-mobilny-14-5.webp 1200w\" sizes=\"(max-width: 1024px) 100vw, 1024px\" \/><\/a>\n\t\t\t<\/div><\/figure><figure class='gallery-item'>\n\t\t\t<div class='gallery-icon landscape'>\n\t\t\t\t<a data-elementor-open-lightbox=\"yes\" data-elementor-lightbox-slideshow=\"6fb7c9c\" data-elementor-lightbox-title=\"Dom mobilny 12\" data-elementor-lightbox-description=\"Dom mobilny 12\" data-e-action-hash=\"#elementor-action%3Aaction%3Dlightbox%26settings%3DeyJpZCI6NjkzNiwidXJsIjoiaHR0cHM6XC9cL3Zlcm9ob21lcy5wbFwvd3AtY29udGVudFwvdXBsb2Fkc1wvMjAyM1wvMDJcL0RvbS1tb2JpbG55LTEyLTYud2VicCIsInNsaWRlc2hvdyI6IjZmYjdjOWMifQ%3D%3D\" href='https:\/\/verohomes.pl\/wp-content\/uploads\/2023\/02\/Dom-mobilny-12-6.webp'><img loading=\"lazy\" decoding=\"async\" width=\"1024\" height=\"819\" src=\"https:\/\/verohomes.pl\/wp-content\/uploads\/2023\/02\/Dom-mobilny-12-6-1024x819.webp\" class=\"attachment-large size-large\" alt=\"Domy ca\u0142oroczne bez pozwolenia Vero Homes pok\u00f3j dzieci\u0119cy\" srcset=\"https:\/\/verohomes.pl\/wp-content\/uploads\/2023\/02\/Dom-mobilny-12-6-1024x819.webp 1024w, https:\/\/verohomes.pl\/wp-content\/uploads\/2023\/02\/Dom-mobilny-12-6-300x240.webp 300w, https:\/\/verohomes.pl\/wp-content\/uploads\/2023\/02\/Dom-mobilny-12-6-768x614.webp 768w, https:\/\/verohomes.pl\/wp-content\/uploads\/2023\/02\/Dom-mobilny-12-6.webp 1200w\" sizes=\"(max-width: 1024px) 100vw, 1024px\" \/><\/a>\n\t\t\t<\/div><\/figure><figure class='gallery-item'>\n\t\t\t<div class='gallery-icon landscape'>\n\t\t\t\t<a data-elementor-open-lightbox=\"yes\" data-elementor-lightbox-slideshow=\"6fb7c9c\" data-elementor-lightbox-title=\"Dom mobilny 13\" data-elementor-lightbox-description=\"Dom mobilny 13\" data-e-action-hash=\"#elementor-action%3Aaction%3Dlightbox%26settings%3DeyJpZCI6NjkzNywidXJsIjoiaHR0cHM6XC9cL3Zlcm9ob21lcy5wbFwvd3AtY29udGVudFwvdXBsb2Fkc1wvMjAyM1wvMDJcL0RvbS1tb2JpbG55LTEzLTUud2VicCIsInNsaWRlc2hvdyI6IjZmYjdjOWMifQ%3D%3D\" href='https:\/\/verohomes.pl\/wp-content\/uploads\/2023\/02\/Dom-mobilny-13-5.webp'><img loading=\"lazy\" decoding=\"async\" width=\"1024\" height=\"819\" src=\"https:\/\/verohomes.pl\/wp-content\/uploads\/2023\/02\/Dom-mobilny-13-5-1024x819.webp\" class=\"attachment-large size-large\" alt=\"Domy ca\u0142oroczne bez pozwolenia Vero Homes pok\u00f3j dla dzieci\" srcset=\"https:\/\/verohomes.pl\/wp-content\/uploads\/2023\/02\/Dom-mobilny-13-5-1024x819.webp 1024w, https:\/\/verohomes.pl\/wp-content\/uploads\/2023\/02\/Dom-mobilny-13-5-300x240.webp 300w, https:\/\/verohomes.pl\/wp-content\/uploads\/2023\/02\/Dom-mobilny-13-5-768x614.webp 768w, https:\/\/verohomes.pl\/wp-content\/uploads\/2023\/02\/Dom-mobilny-13-5.webp 1200w\" sizes=\"(max-width: 1024px) 100vw, 1024px\" \/><\/a>\n\t\t\t<\/div><\/figure><figure class='gallery-item'>\n\t\t\t<div class='gallery-icon landscape'>\n\t\t\t\t<a data-elementor-open-lightbox=\"yes\" data-elementor-lightbox-slideshow=\"6fb7c9c\" data-elementor-lightbox-title=\"Dom 48 m\u00b2 pudrowy\" data-elementor-lightbox-description=\"Dom 48 m\u00b2 pudrowy\" data-e-action-hash=\"#elementor-action%3Aaction%3Dlightbox%26settings%3DeyJpZCI6NjkyNiwidXJsIjoiaHR0cHM6XC9cL3Zlcm9ob21lcy5wbFwvd3AtY29udGVudFwvdXBsb2Fkc1wvMjAyM1wvMDJcL0RvbS1tb2JpbG55LTItNi53ZWJwIiwic2xpZGVzaG93IjoiNmZiN2M5YyJ9\" href='https:\/\/verohomes.pl\/wp-content\/uploads\/2023\/02\/Dom-mobilny-2-6.webp'><img loading=\"lazy\" decoding=\"async\" width=\"1024\" height=\"819\" src=\"https:\/\/verohomes.pl\/wp-content\/uploads\/2023\/02\/Dom-mobilny-2-6-1024x819.webp\" class=\"attachment-large size-large\" alt=\"Ca\u0142oroczny dom mobilny pudrowy Vero Homes pok\u00f3j dla dzieci\" srcset=\"https:\/\/verohomes.pl\/wp-content\/uploads\/2023\/02\/Dom-mobilny-2-6-1024x819.webp 1024w, https:\/\/verohomes.pl\/wp-content\/uploads\/2023\/02\/Dom-mobilny-2-6-300x240.webp 300w, https:\/\/verohomes.pl\/wp-content\/uploads\/2023\/02\/Dom-mobilny-2-6-768x614.webp 768w, https:\/\/verohomes.pl\/wp-content\/uploads\/2023\/02\/Dom-mobilny-2-6.webp 1200w\" sizes=\"(max-width: 1024px) 100vw, 1024px\" \/><\/a>\n\t\t\t<\/div><\/figure><figure class='gallery-item'>\n\t\t\t<div class='gallery-icon landscape'>\n\t\t\t\t<a data-elementor-open-lightbox=\"yes\" data-elementor-lightbox-slideshow=\"6fb7c9c\" data-elementor-lightbox-title=\"Dom 48 m\u00b2 pudrowy\" data-elementor-lightbox-description=\"Dom 48 m\u00b2 pudrowy\" data-e-action-hash=\"#elementor-action%3Aaction%3Dlightbox%26settings%3DeyJpZCI6NjkyOSwidXJsIjoiaHR0cHM6XC9cL3Zlcm9ob21lcy5wbFwvd3AtY29udGVudFwvdXBsb2Fkc1wvMjAyM1wvMDJcL0RvbS1tb2JpbG55LTUtNi53ZWJwIiwic2xpZGVzaG93IjoiNmZiN2M5YyJ9\" href='https:\/\/verohomes.pl\/wp-content\/uploads\/2023\/02\/Dom-mobilny-5-6.webp'><img loading=\"lazy\" decoding=\"async\" width=\"1024\" height=\"819\" src=\"https:\/\/verohomes.pl\/wp-content\/uploads\/2023\/02\/Dom-mobilny-5-6-1024x819.webp\" class=\"attachment-large size-large\" alt=\"Domy ca\u0142oroczne bez pozwolenia Vero Homes  salon\" srcset=\"https:\/\/verohomes.pl\/wp-content\/uploads\/2023\/02\/Dom-mobilny-5-6-1024x819.webp 1024w, https:\/\/verohomes.pl\/wp-content\/uploads\/2023\/02\/Dom-mobilny-5-6-300x240.webp 300w, https:\/\/verohomes.pl\/wp-content\/uploads\/2023\/02\/Dom-mobilny-5-6-768x614.webp 768w, https:\/\/verohomes.pl\/wp-content\/uploads\/2023\/02\/Dom-mobilny-5-6.webp 1200w\" sizes=\"(max-width: 1024px) 100vw, 1024px\" \/><\/a>\n\t\t\t<\/div><\/figure>\n\t\t<\/div>\n\t\t<\/div>\n\t\t\t\t\t\t<\/div>\n\t\t\t\t<\/div>\n\t\t\t\t\t<\/div>\n\t\t<\/div>\n\t\t\t\t\t<\/div>\n\t\t<\/section>\n\t\t\t\t<section class=\"elementor-section elementor-top-section elementor-element elementor-element-7dc827b elementor-section-boxed elementor-section-height-default elementor-section-height-default\" data-id=\"7dc827b\" data-element_type=\"section\" data-e-type=\"section\">\n\t\t\t\t\t\t<div class=\"elementor-container elementor-column-gap-default\">\n\t\t\t\t\t<div class=\"elementor-column elementor-col-100 elementor-top-column elementor-element elementor-element-6933bad\" data-id=\"6933bad\" data-element_type=\"column\" data-e-type=\"column\">\n\t\t\t<div class=\"elementor-widget-wrap elementor-element-populated\">\n\t\t\t\t\t\t<div class=\"elementor-element elementor-element-f574aaf elementor-widget elementor-widget-heading\" data-id=\"f574aaf\" data-element_type=\"widget\" data-e-type=\"widget\" data-widget_type=\"heading.default\">\n\t\t\t\t<div class=\"elementor-widget-container\">\n\t\t\t\t\t<h2 class=\"elementor-heading-title elementor-size-default\">Haus-Plan<\/h2>\t\t\t\t<\/div>\n\t\t\t\t<\/div>\n\t\t\t\t\t<\/div>\n\t\t<\/div>\n\t\t\t\t\t<\/div>\n\t\t<\/section>\n\t\t\t\t<section class=\"elementor-section elementor-top-section elementor-element elementor-element-8945ead elementor-section-boxed elementor-section-height-default elementor-section-height-default\" data-id=\"8945ead\" data-element_type=\"section\" data-e-type=\"section\">\n\t\t\t\t\t\t<div class=\"elementor-container elementor-column-gap-default\">\n\t\t\t\t\t<div class=\"elementor-column elementor-col-100 elementor-top-column elementor-element elementor-element-34ec988\" data-id=\"34ec988\" data-element_type=\"column\" data-e-type=\"column\">\n\t\t\t<div class=\"elementor-widget-wrap elementor-element-populated\">\n\t\t\t\t\t\t<div class=\"elementor-element elementor-element-f58e6f7 elementor-widget elementor-widget-image\" data-id=\"f58e6f7\" data-element_type=\"widget\" data-e-type=\"widget\" data-widget_type=\"image.default\">\n\t\t\t\t<div class=\"elementor-widget-container\">\n\t\t\t\t\t\t\t\t\t\t\t\t\t\t\t<img loading=\"lazy\" decoding=\"async\" width=\"1024\" height=\"436\" src=\"https:\/\/verohomes.pl\/wp-content\/uploads\/2024\/11\/Rzut-Dom-pudrowy-1024x436.jpg\" class=\"attachment-large size-large wp-image-12000\" alt=\"dom-48m2\" srcset=\"https:\/\/verohomes.pl\/wp-content\/uploads\/2024\/11\/Rzut-Dom-pudrowy-1024x436.jpg 1024w, https:\/\/verohomes.pl\/wp-content\/uploads\/2024\/11\/Rzut-Dom-pudrowy-300x128.jpg 300w, https:\/\/verohomes.pl\/wp-content\/uploads\/2024\/11\/Rzut-Dom-pudrowy-768x327.jpg 768w, https:\/\/verohomes.pl\/wp-content\/uploads\/2024\/11\/Rzut-Dom-pudrowy-1536x654.jpg 1536w, https:\/\/verohomes.pl\/wp-content\/uploads\/2024\/11\/Rzut-Dom-pudrowy.jpg 1996w\" sizes=\"(max-width: 1024px) 100vw, 1024px\" \/>\t\t\t\t\t\t\t\t\t\t\t\t\t\t\t<\/div>\n\t\t\t\t<\/div>\n\t\t\t\t\t<\/div>\n\t\t<\/div>\n\t\t\t\t\t<\/div>\n\t\t<\/section>\n\t\t\t\t<\/div>\n\t\t","protected":false},"excerpt":{"rendered":"<p>Haus Pulver VIRTUELLEN SPAZIERGANG Galerie Haus-Plan<\/p>\n","protected":false},"author":3,"featured_media":0,"parent":7269,"menu_order":0,"comment_status":"closed","ping_status":"closed","template":"","meta":{"inline_featured_image":false,"site-sidebar-layout":"no-sidebar","site-content-layout":"page-builder","ast-site-content-layout":"","site-content-style":"default","site-sidebar-style":"default","ast-global-header-display":"","ast-banner-title-visibility":"","ast-main-header-display":"","ast-hfb-above-header-display":"","ast-hfb-below-header-display":"","ast-hfb-mobile-header-display":"","site-post-title":"disabled","ast-breadcrumbs-content":"","ast-featured-img":"disabled","footer-sml-layout":"","theme-transparent-header-meta":"","adv-header-id-meta":"","stick-header-meta":"","header-above-stick-meta":"","header-main-stick-meta":"","header-below-stick-meta":"","astra-migrate-meta-layouts":"","footnotes":""},"class_list":["post-7295","page","type-page","status-publish","hentry"],"_links":{"self":[{"href":"https:\/\/verohomes.pl\/de\/wp-json\/wp\/v2\/pages\/7295","targetHints":{"allow":["GET"]}}],"collection":[{"href":"https:\/\/verohomes.pl\/de\/wp-json\/wp\/v2\/pages"}],"about":[{"href":"https:\/\/verohomes.pl\/de\/wp-json\/wp\/v2\/types\/page"}],"author":[{"embeddable":true,"href":"https:\/\/verohomes.pl\/de\/wp-json\/wp\/v2\/users\/3"}],"replies":[{"embeddable":true,"href":"https:\/\/verohomes.pl\/de\/wp-json\/wp\/v2\/comments?post=7295"}],"version-history":[{"count":5,"href":"https:\/\/verohomes.pl\/de\/wp-json\/wp\/v2\/pages\/7295\/revisions"}],"predecessor-version":[{"id":13124,"href":"https:\/\/verohomes.pl\/de\/wp-json\/wp\/v2\/pages\/7295\/revisions\/13124"}],"up":[{"embeddable":true,"href":"https:\/\/verohomes.pl\/de\/wp-json\/wp\/v2\/pages\/7269"}],"wp:attachment":[{"href":"https:\/\/verohomes.pl\/de\/wp-json\/wp\/v2\/media?parent=7295"}],"curies":[{"name":"wp","href":"https:\/\/api.w.org\/{rel}","templated":true}]}}