{"id":7252,"date":"2023-01-20T11:21:18","date_gmt":"2023-01-20T10:21:18","guid":{"rendered":"https:\/\/verohomes.pl\/auftragsabwicklung\/"},"modified":"2023-10-19T15:40:08","modified_gmt":"2023-10-19T13:40:08","slug":"auftragsabwicklung","status":"publish","type":"page","link":"https:\/\/verohomes.pl\/de\/auftragsabwicklung\/","title":{"rendered":"Auftragsabwicklung"},"content":{"rendered":"\t\t<div data-elementor-type=\"wp-page\" data-elementor-id=\"7252\" class=\"elementor elementor-7252 elementor-3338\" data-elementor-post-type=\"page\">\n\t\t\t\t\t\t<section class=\"elementor-section elementor-top-section elementor-element elementor-element-c68df95 elementor-section-boxed elementor-section-height-default elementor-section-height-default\" data-id=\"c68df95\" data-element_type=\"section\" data-e-type=\"section\" data-settings=\"{&quot;background_background&quot;:&quot;classic&quot;}\">\n\t\t\t\t\t\t<div class=\"elementor-container elementor-column-gap-no\">\n\t\t\t\t\t<div class=\"elementor-column elementor-col-100 elementor-top-column elementor-element elementor-element-2a13fdfa\" data-id=\"2a13fdfa\" data-element_type=\"column\" data-e-type=\"column\" data-settings=\"{&quot;background_background&quot;:&quot;classic&quot;}\">\n\t\t\t<div class=\"elementor-widget-wrap elementor-element-populated\">\n\t\t\t\t\t\t<div class=\"elementor-element elementor-element-74282629 elementor-absolute elementor-widget elementor-widget-heading\" data-id=\"74282629\" data-element_type=\"widget\" data-e-type=\"widget\" data-settings=\"{&quot;_position&quot;:&quot;absolute&quot;}\" data-widget_type=\"heading.default\">\n\t\t\t\t<div class=\"elementor-widget-container\">\n\t\t\t\t\t<span class=\"elementor-heading-title elementor-size-default\">Auftragsabwicklung<\/span>\t\t\t\t<\/div>\n\t\t\t\t<\/div>\n\t\t\t\t<div class=\"elementor-element elementor-element-3ba413a elementor-widget elementor-widget-heading\" data-id=\"3ba413a\" data-element_type=\"widget\" data-e-type=\"widget\" data-widget_type=\"heading.default\">\n\t\t\t\t<div class=\"elementor-widget-container\">\n\t\t\t\t\t<h2 class=\"elementor-heading-title elementor-size-default\">Die Wartezeit auf ein mobiles Haus betr\u00e4gt 4-8 Wochen nach Genehmigung des Projekts, w\u00e4hrend die Wartezeit auf ein \u00d6kohaus mit Entwurf 99 Tage nach Projektgenehmigung und Erhalt der Baugenehmigung betr\u00e4gt.<\/h2>\t\t\t\t<\/div>\n\t\t\t\t<\/div>\n\t\t\t\t<div class=\"elementor-element elementor-element-abb428f uael-timeline--center uael-timeline-responsive-tablet uael-timeline-arrow-center elementor-widget elementor-widget-uael-timeline\" data-id=\"abb428f\" data-element_type=\"widget\" data-e-type=\"widget\" data-widget_type=\"uael-timeline.default\">\n\t\t\t\t<div class=\"elementor-widget-container\">\n\t\t\t\t\t<div class=\"uael-timeline-wrapper uael-timeline-node\">\n\t\n\t<div class=\"uael-timeline-main\">\n\t\t<div class=\"uael-days\">\n\t\t\t\t\t\t\t\t\t\t\t\t<div class=\"elementor-repeater-item-626e971 uael-timeline-field animate-border out-view\">\n\t\t\t\t\t\t<div class=\"uael-timeline-widget uael-timeline-right\">\n\t\t\t\t\t\t\t<div class=\"uael-timeline-marker\">\n\t\t\t\t\t\t\t\t<span class=\"timeline-icon-new out-view-timeline-icon\">\n\t\t\t\t\t\t\t\t\t<svg xmlns=\"http:\/\/www.w3.org\/2000\/svg\" id=\"Capa_1\" height=\"512\" viewBox=\"0 0 512 512\" width=\"512\"><g id=\"_x31__1_\"><path d=\"m376 512v-512h-99.902l-3.56 9.932c-9.419 26.294-27.202 49.746-52.837 69.697-26.528 20.684-51.211 34.849-73.359 42.1l-10.342 3.383v114.771l19.702-6.519c36.387-12.012 69.448-29.268 98.672-51.445v330.081z\"><\/path><\/g><\/svg>\t\t\t\t\t\t\t\t<\/span>\n\t\t\t\t\t\t\t<\/div>\n\n\t\t\t\t\t\t\t<div class=\"uael-day-new uael-day-right\">\n\t\t\t\t\t\t\t\t<div class=\"uael-events-new\">\n\t\t\t\t\t\t\t\t\t\t\t\t\t\t\t\t\t\t<div class=\"uael-events-inner-new\">\n\t\t\t\t\t\t\t\t\t\t\t\t\t\t\t\t\t\t\t\t<div class=\"uael-content\">\n\t\t\t\t\t\t\t\t\t\t\t\t\t\t\t\t\t\t\t\t\t\t\t\t\t\t\t\t\t\t\t\t\t<div class=\"uael-timeline-heading-text\">\n\t\t\t\t\t\t\t\t\t\t\t\t<h3 class=\"uael-timeline-heading\">Analyse der Bed\u00fcrfnisse und Erwartungen<\/h3>\n\t\t\t\t\t\t\t\t\t\t\t<\/div>\n\t\t\t\t\t\t\t\t\t\t\t\t\t\t\t\t\t\t\t\t\t\t\t\t\t\t\t\t\t\t\t\t\t\t\t\t\t\t\t\t\t\t\t\t\t\t\t\t\t\t\t\t\t\t\t\t\t\t\t\t\t\t\t\t\t<\/div>\n\t\t\t\t\t\t\t\t\t\t\t\t\t\t\t\t\t\t\t\t\t\t\t<div class=\"uael-timeline-arrow\"><\/div>\n\t\t\t\t\t\t\t\t\t\t\t\t\t\t\t\t\t\t\t\t<\/div>\n\t\t\t\t\t\t\t\t\t\t\t\t\t\t\t\t\t<\/div>\n\t\t\t\t\t\t\t<\/div>\n\t\t\t\t\t\t\t\t\t\t\t\t\t\t\t<div class=\"uael-timeline-date-new\">\n\t\t\t\t\t\t\t\t\t<div class=\"uael-date-new\"><div class=\"inner-date-new\"><div ><\/div><\/div>\n\t\t\t\t\t\t\t\t\t<\/div>\n\t\t\t\t\t\t\t\t<\/div>\n\t\t\t\t\t\t\t\t\t\t\t\t\t<\/div>\n\t\t\t\t\t<\/div>\n\t\t\t\t\t\t\t\t\t\t\t\t\t\t\t\t\t<div class=\"elementor-repeater-item-7384bd7 uael-timeline-field animate-border out-view\">\n\t\t\t\t\t\t<div class=\"uael-timeline-widget uael-timeline-left\">\n\t\t\t\t\t\t\t<div class=\"uael-timeline-marker\">\n\t\t\t\t\t\t\t\t<span class=\"timeline-icon-new out-view-timeline-icon\">\n\t\t\t\t\t\t\t\t\t<svg xmlns=\"http:\/\/www.w3.org\/2000\/svg\" id=\"Capa_1\" height=\"512\" viewBox=\"0 0 512 512\" width=\"512\"><g id=\"_x32_\"><path d=\"m436.879 148.037c0-73.682-52.808-148.037-170.786-148.037-105.308 0-166.875 53.555-178.067 154.878l-1.67 15.103 124.336 12.114 1.025-15.439c3.545-53.467 28.286-60.674 52.031-60.674 32.285 0 48.647 16.348 48.647 48.589 0 94.33-216.104 166.375-235.43 340.774l-1.844 16.655h361.758v-117.107h-171.797c54.405-60.11 171.797-126.067 171.797-246.856z\"><\/path><\/g><\/svg>\t\t\t\t\t\t\t\t<\/span>\n\t\t\t\t\t\t\t<\/div>\n\n\t\t\t\t\t\t\t<div class=\"uael-day-new uael-day-left\">\n\t\t\t\t\t\t\t\t<div class=\"uael-events-new\">\n\t\t\t\t\t\t\t\t\t\t\t\t\t\t\t\t\t\t<div class=\"uael-events-inner-new\">\n\t\t\t\t\t\t\t\t\t\t\t\t\t\t\t\t\t\t\t\t<div class=\"uael-content\">\n\t\t\t\t\t\t\t\t\t\t\t\t\t\t\t\t\t\t\t\t\t\t\t\t\t\t\t\t\t\t\t\t\t<div class=\"uael-timeline-heading-text\">\n\t\t\t\t\t\t\t\t\t\t\t\t<h3 class=\"uael-timeline-heading\">Projekt von Architekten<\/h3>\n\t\t\t\t\t\t\t\t\t\t\t<\/div>\n\t\t\t\t\t\t\t\t\t\t\t\t\t\t\t\t\t\t\t\t\t\t\t\t\t\t\t\t\t\t\t\t\t\t\t\t\t\t\t\t\t\t\t\t\t\t\t\t\t\t\t\t\t\t\t\t\t\t\t\t\t\t\t\t\t<\/div>\n\t\t\t\t\t\t\t\t\t\t\t\t\t\t\t\t\t\t\t\t\t\t\t<div class=\"uael-timeline-arrow\"><\/div>\n\t\t\t\t\t\t\t\t\t\t\t\t\t\t\t\t\t\t\t\t<\/div>\n\t\t\t\t\t\t\t\t\t\t\t\t\t\t\t\t\t<\/div>\n\t\t\t\t\t\t\t<\/div>\n\t\t\t\t\t\t\t\t\t\t\t\t\t\t\t<div class=\"uael-timeline-date-new\">\n\t\t\t\t\t\t\t\t\t<div class=\"uael-date-new\"><div class=\"inner-date-new\"><div ><\/div><\/div>\n\t\t\t\t\t\t\t\t\t<\/div>\n\t\t\t\t\t\t\t\t<\/div>\n\t\t\t\t\t\t\t\t\t\t\t\t\t<\/div>\n\t\t\t\t\t<\/div>\n\t\t\t\t\t\t\t\t\t\t\t\t\t\t\t\t\t<div class=\"elementor-repeater-item-edf30f4 uael-timeline-field animate-border out-view\">\n\t\t\t\t\t\t<div class=\"uael-timeline-widget uael-timeline-right\">\n\t\t\t\t\t\t\t<div class=\"uael-timeline-marker\">\n\t\t\t\t\t\t\t\t<span class=\"timeline-icon-new out-view-timeline-icon\">\n\t\t\t\t\t\t\t\t\t<svg xmlns=\"http:\/\/www.w3.org\/2000\/svg\" id=\"Capa_1\" height=\"512\" viewBox=\"0 0 512 512\" width=\"512\"><g id=\"_x33_\"><path d=\"m363.395 231.083c33.926-25.107 51.079-56.792 51.079-94.526 0-66.636-60.732-136.557-162.378-136.557-158.476 0-167.63 144.392-171.108 151.117l118.74 19.087c1.679-4.734-1.149-65.142 49.658-65.142 45.748 0 47.476 48.183 27.715 67.441-13.91 13.568-22.534 11.392-65.405 14.78l-15.601 109.058c14.685-3.471 39.459-12.041 61.758-12.041 25.591 0 51.416 18.164 51.416 58.755 0 43.682-27.524 63.237-54.8 63.237-57.998 0-55.866-65.857-57.524-70.195l-121.787 13.975c1.564 3.002 3.976 161.928 179.985 161.928 101.895 0 181.699-73.085 181.699-165.092 0-52.207-27.934-94.936-73.447-115.825z\"><\/path><\/g><\/svg>\t\t\t\t\t\t\t\t<\/span>\n\t\t\t\t\t\t\t<\/div>\n\n\t\t\t\t\t\t\t<div class=\"uael-day-new uael-day-right\">\n\t\t\t\t\t\t\t\t<div class=\"uael-events-new\">\n\t\t\t\t\t\t\t\t\t\t\t\t\t\t\t\t\t\t<div class=\"uael-events-inner-new\">\n\t\t\t\t\t\t\t\t\t\t\t\t\t\t\t\t\t\t\t\t<div class=\"uael-content\">\n\t\t\t\t\t\t\t\t\t\t\t\t\t\t\t\t\t\t\t\t\t\t\t\t\t\t\t\t\t\t\t\t\t<div class=\"uael-timeline-heading-text\">\n\t\t\t\t\t\t\t\t\t\t\t\t<h3 class=\"uael-timeline-heading\">Erstellung eines Kostenvoranschlags<\/h3>\n\t\t\t\t\t\t\t\t\t\t\t<\/div>\n\t\t\t\t\t\t\t\t\t\t\t\t\t\t\t\t\t\t\t\t\t\t\t\t\t\t\t\t\t\t\t\t\t\t\t\t\t\t\t\t\t\t\t\t\t\t\t\t\t\t\t\t\t\t\t\t\t\t\t\t\t\t\t\t\t<\/div>\n\t\t\t\t\t\t\t\t\t\t\t\t\t\t\t\t\t\t\t\t\t\t\t<div class=\"uael-timeline-arrow\"><\/div>\n\t\t\t\t\t\t\t\t\t\t\t\t\t\t\t\t\t\t\t\t<\/div>\n\t\t\t\t\t\t\t\t\t\t\t\t\t\t\t\t\t<\/div>\n\t\t\t\t\t\t\t<\/div>\n\t\t\t\t\t\t\t\t\t\t\t\t\t\t\t<div class=\"uael-timeline-date-new\">\n\t\t\t\t\t\t\t\t\t<div class=\"uael-date-new\"><div class=\"inner-date-new\"><div ><\/div><\/div>\n\t\t\t\t\t\t\t\t\t<\/div>\n\t\t\t\t\t\t\t\t<\/div>\n\t\t\t\t\t\t\t\t\t\t\t\t\t<\/div>\n\t\t\t\t\t<\/div>\n\t\t\t\t\t\t\t\t\t\t\t\t\t\t\t\t\t<div class=\"elementor-repeater-item-73c41b4 uael-timeline-field animate-border out-view\">\n\t\t\t\t\t\t<div class=\"uael-timeline-widget uael-timeline-left\">\n\t\t\t\t\t\t\t<div class=\"uael-timeline-marker\">\n\t\t\t\t\t\t\t\t<span class=\"timeline-icon-new out-view-timeline-icon\">\n\t\t\t\t\t\t\t\t\t<svg xmlns=\"http:\/\/www.w3.org\/2000\/svg\" id=\"Capa_1\" height=\"512\" viewBox=\"0 0 512 512\" width=\"512\"><g id=\"_x34_\"><path d=\"m379.018 0h-96.988l-206.03 314.106v99.697h187.852v98.197h115.166v-98.196h56.982v-110.537h-56.982zm-178.14 303.267 62.974-97.5v97.5z\"><\/path><\/g><\/svg>\t\t\t\t\t\t\t\t<\/span>\n\t\t\t\t\t\t\t<\/div>\n\n\t\t\t\t\t\t\t<div class=\"uael-day-new uael-day-left\">\n\t\t\t\t\t\t\t\t<div class=\"uael-events-new\">\n\t\t\t\t\t\t\t\t\t\t\t\t\t\t\t\t\t\t<div class=\"uael-events-inner-new\">\n\t\t\t\t\t\t\t\t\t\t\t\t\t\t\t\t\t\t\t\t<div class=\"uael-content\">\n\t\t\t\t\t\t\t\t\t\t\t\t\t\t\t\t\t\t\t\t\t\t\t\t\t\t\t\t\t\t\t\t\t<div class=\"uael-timeline-heading-text\">\n\t\t\t\t\t\t\t\t\t\t\t\t<h3 class=\"uael-timeline-heading\">Bestellung (Anzahlung)<\/h3>\n\t\t\t\t\t\t\t\t\t\t\t<\/div>\n\t\t\t\t\t\t\t\t\t\t\t\t\t\t\t\t\t\t\t\t\t\t\t\t\t\t\t\t\t\t\t\t\t\t\t\t\t\t\t\t\t\t\t\t\t\t\t\t\t\t\t\t\t\t\t\t\t\t\t\t\t\t\t\t\t<\/div>\n\t\t\t\t\t\t\t\t\t\t\t\t\t\t\t\t\t\t\t\t\t\t\t<div class=\"uael-timeline-arrow\"><\/div>\n\t\t\t\t\t\t\t\t\t\t\t\t\t\t\t\t\t\t\t\t<\/div>\n\t\t\t\t\t\t\t\t\t\t\t\t\t\t\t\t\t<\/div>\n\t\t\t\t\t\t\t<\/div>\n\t\t\t\t\t\t\t\t\t\t\t\t\t\t\t<div class=\"uael-timeline-date-new\">\n\t\t\t\t\t\t\t\t\t<div class=\"uael-date-new\"><div class=\"inner-date-new\"><div ><\/div><\/div>\n\t\t\t\t\t\t\t\t\t<\/div>\n\t\t\t\t\t\t\t\t<\/div>\n\t\t\t\t\t\t\t\t\t\t\t\t\t<\/div>\n\t\t\t\t\t<\/div>\n\t\t\t\t\t\t\t\t\t\t\t\t\t\t\t\t\t<div class=\"elementor-repeater-item-cb5670a uael-timeline-field animate-border out-view\">\n\t\t\t\t\t\t<div class=\"uael-timeline-widget uael-timeline-right\">\n\t\t\t\t\t\t\t<div class=\"uael-timeline-marker\">\n\t\t\t\t\t\t\t\t<span class=\"timeline-icon-new out-view-timeline-icon\">\n\t\t\t\t\t\t\t\t\t<svg xmlns=\"http:\/\/www.w3.org\/2000\/svg\" id=\"Capa_1\" height=\"512\" viewBox=\"0 0 512 512\" width=\"512\"><g id=\"_x35_\"><path d=\"m272.399 153.729c-15.044 0-30 2.227-44.722 6.621l7.72-42.524h178.606v-117.826h-274.802l-53.54 278.621 99.727 14.077c4.191-3.409 26.049-35.874 66.929-35.874 37.383 0 57.964 25.972 57.964 73.11 0 49.248-20.669 78.647-55.283 78.647-55.767 0-54.844-65.602-56.279-68.613l-123.722 12.496c1.589 3.083 6.57 159.536 178.989 159.536 118.872 0 183.018-94.644 183.018-183.706-.001-114.609-82.808-174.565-164.605-174.565z\"><\/path><\/g><\/svg>\t\t\t\t\t\t\t\t<\/span>\n\t\t\t\t\t\t\t<\/div>\n\n\t\t\t\t\t\t\t<div class=\"uael-day-new uael-day-right\">\n\t\t\t\t\t\t\t\t<div class=\"uael-events-new\">\n\t\t\t\t\t\t\t\t\t\t\t\t\t\t\t\t\t\t<div class=\"uael-events-inner-new\">\n\t\t\t\t\t\t\t\t\t\t\t\t\t\t\t\t\t\t\t\t<div class=\"uael-content\">\n\t\t\t\t\t\t\t\t\t\t\t\t\t\t\t\t\t\t\t\t\t\t\t\t\t\t\t\t\t\t\t\t\t<div class=\"uael-timeline-heading-text\">\n\t\t\t\t\t\t\t\t\t\t\t\t<h3 class=\"uael-timeline-heading\">Projektplanung durch einen Architekten<\/h3>\n\t\t\t\t\t\t\t\t\t\t\t<\/div>\n\t\t\t\t\t\t\t\t\t\t\t\t\t\t\t\t\t\t\t\t\t\t\t\t\t\t\t\t\t\t\t\t\t\t\t\t\t\t\t\t\t\t\t\t\t\t\t\t\t\t\t\t\t\t\t\t\t\t\t\t\t\t\t\t\t<\/div>\n\t\t\t\t\t\t\t\t\t\t\t\t\t\t\t\t\t\t\t\t\t\t\t<div class=\"uael-timeline-arrow\"><\/div>\n\t\t\t\t\t\t\t\t\t\t\t\t\t\t\t\t\t\t\t\t<\/div>\n\t\t\t\t\t\t\t\t\t\t\t\t\t\t\t\t\t<\/div>\n\t\t\t\t\t\t\t<\/div>\n\t\t\t\t\t\t\t\t\t\t\t\t\t\t\t<div class=\"uael-timeline-date-new\">\n\t\t\t\t\t\t\t\t\t<div class=\"uael-date-new\"><div class=\"inner-date-new\"><div ><\/div><\/div>\n\t\t\t\t\t\t\t\t\t<\/div>\n\t\t\t\t\t\t\t\t<\/div>\n\t\t\t\t\t\t\t\t\t\t\t\t\t<\/div>\n\t\t\t\t\t<\/div>\n\t\t\t\t\t\t\t\t\t\t\t\t\t\t\t\t\t<div class=\"elementor-repeater-item-4e924fe uael-timeline-field animate-border out-view\">\n\t\t\t\t\t\t<div class=\"uael-timeline-widget uael-timeline-left\">\n\t\t\t\t\t\t\t<div class=\"uael-timeline-marker\">\n\t\t\t\t\t\t\t\t<span class=\"timeline-icon-new out-view-timeline-icon\">\n\t\t\t\t\t\t\t\t\t<svg xmlns=\"http:\/\/www.w3.org\/2000\/svg\" id=\"Capa_1\" height=\"512\" viewBox=\"0 0 512 512\" width=\"512\"><g id=\"_x36_\"><path d=\"m207.528 187.158c6.797-50.501 21.724-82.211 58.418-82.211 16.025 0 34.995 4.49 39.39 39.523l1.816 14.535 122.314-12.844-2.798-15.76c-14.574-82.238-71.073-130.401-154.994-130.401-126.182 0-195.674 92.76-195.674 259.368 0 162.263 66.138 252.632 186.24 252.632 102.305 0 173.76-72.685 173.76-175.335-.015-146.489-147.158-200.781-228.472-149.507zm54.712 76.875c32.93 0 51.064 26.14 51.064 73.594 0 31.374-8.042 68.783-46.348 68.783-26.382 0-54.771-24.041-54.771-76.802.002-41.053 18.708-65.575 50.055-65.575z\"><\/path><\/g><\/svg>\t\t\t\t\t\t\t\t<\/span>\n\t\t\t\t\t\t\t<\/div>\n\n\t\t\t\t\t\t\t<div class=\"uael-day-new uael-day-left\">\n\t\t\t\t\t\t\t\t<div class=\"uael-events-new\">\n\t\t\t\t\t\t\t\t\t\t\t\t\t\t\t\t\t\t<div class=\"uael-events-inner-new\">\n\t\t\t\t\t\t\t\t\t\t\t\t\t\t\t\t\t\t\t\t<div class=\"uael-content\">\n\t\t\t\t\t\t\t\t\t\t\t\t\t\t\t\t\t\t\t\t\t\t\t\t\t\t\t\t\t\t\t\t\t<div class=\"uael-timeline-heading-text\">\n\t\t\t\t\t\t\t\t\t\t\t\t<h3 class=\"uael-timeline-heading\">Hausherstellung von A bis Z<\/h3>\n\t\t\t\t\t\t\t\t\t\t\t<\/div>\n\t\t\t\t\t\t\t\t\t\t\t\t\t\t\t\t\t\t\t\t\t\t\t\t\t\t\t\t\t\t\t\t\t\t\t\t\t\t\t\t\t\t\t\t\t\t\t\t\t\t\t\t\t\t\t\t\t\t\t\t\t\t\t\t\t<\/div>\n\t\t\t\t\t\t\t\t\t\t\t\t\t\t\t\t\t\t\t\t\t\t\t<div class=\"uael-timeline-arrow\"><\/div>\n\t\t\t\t\t\t\t\t\t\t\t\t\t\t\t\t\t\t\t\t<\/div>\n\t\t\t\t\t\t\t\t\t\t\t\t\t\t\t\t\t<\/div>\n\t\t\t\t\t\t\t<\/div>\n\t\t\t\t\t\t\t\t\t\t\t\t\t\t\t<div class=\"uael-timeline-date-new\">\n\t\t\t\t\t\t\t\t\t<div class=\"uael-date-new\"><div class=\"inner-date-new\"><div ><\/div><\/div>\n\t\t\t\t\t\t\t\t\t<\/div>\n\t\t\t\t\t\t\t\t<\/div>\n\t\t\t\t\t\t\t\t\t\t\t\t\t<\/div>\n\t\t\t\t\t<\/div>\n\t\t\t\t\t\t\t\t\t\t\t\t\t\t\t\t\t<div class=\"elementor-repeater-item-a740ca4 uael-timeline-field animate-border out-view\">\n\t\t\t\t\t\t<div class=\"uael-timeline-widget uael-timeline-right\">\n\t\t\t\t\t\t\t<div class=\"uael-timeline-marker\">\n\t\t\t\t\t\t\t\t<span class=\"timeline-icon-new out-view-timeline-icon\">\n\t\t\t\t\t\t\t\t\t<svg xmlns=\"http:\/\/www.w3.org\/2000\/svg\" id=\"Capa_1\" height=\"512\" viewBox=\"0 0 512 512\" width=\"512\"><g id=\"_x37_\"><path d=\"m76 118.646h203.628c-111.729 149.702-123.431 274.51-136.348 393.354h123.516c20.146-158.928 47.398-305.069 164.531-416.411l4.673-4.424v-91.165h-360z\"><\/path><\/g><\/svg>\t\t\t\t\t\t\t\t<\/span>\n\t\t\t\t\t\t\t<\/div>\n\n\t\t\t\t\t\t\t<div class=\"uael-day-new uael-day-right\">\n\t\t\t\t\t\t\t\t<div class=\"uael-events-new\">\n\t\t\t\t\t\t\t\t\t\t\t\t\t\t\t\t\t\t<div class=\"uael-events-inner-new\">\n\t\t\t\t\t\t\t\t\t\t\t\t\t\t\t\t\t\t\t\t<div class=\"uael-content\">\n\t\t\t\t\t\t\t\t\t\t\t\t\t\t\t\t\t\t\t\t\t\t\t\t\t\t\t\t\t\t\t\t\t<div class=\"uael-timeline-heading-text\">\n\t\t\t\t\t\t\t\t\t\t\t\t<h3 class=\"uael-timeline-heading\">Abnahme des Hauses und Zahlung des Restbetrags f\u00fcr den Auftrag<\/h3>\n\t\t\t\t\t\t\t\t\t\t\t<\/div>\n\t\t\t\t\t\t\t\t\t\t\t\t\t\t\t\t\t\t\t\t\t\t\t\t\t\t\t\t\t\t\t\t\t\t\t\t\t\t\t\t\t\t\t\t\t\t\t\t\t\t\t\t\t\t\t\t\t\t\t\t\t\t\t\t\t<\/div>\n\t\t\t\t\t\t\t\t\t\t\t\t\t\t\t\t\t\t\t\t\t\t\t<div class=\"uael-timeline-arrow\"><\/div>\n\t\t\t\t\t\t\t\t\t\t\t\t\t\t\t\t\t\t\t\t<\/div>\n\t\t\t\t\t\t\t\t\t\t\t\t\t\t\t\t\t<\/div>\n\t\t\t\t\t\t\t<\/div>\n\t\t\t\t\t\t\t\t\t\t\t\t\t\t\t<div class=\"uael-timeline-date-new\">\n\t\t\t\t\t\t\t\t\t<div class=\"uael-date-new\"><div class=\"inner-date-new\"><div ><\/div><\/div>\n\t\t\t\t\t\t\t\t\t<\/div>\n\t\t\t\t\t\t\t\t<\/div>\n\t\t\t\t\t\t\t\t\t\t\t\t\t<\/div>\n\t\t\t\t\t<\/div>\n\t\t\t\t\t\t\t\t\t\t\t\t\t\t\t\t\t<div class=\"elementor-repeater-item-0e23bdc uael-timeline-field animate-border out-view\">\n\t\t\t\t\t\t<div class=\"uael-timeline-widget uael-timeline-left\">\n\t\t\t\t\t\t\t<div class=\"uael-timeline-marker\">\n\t\t\t\t\t\t\t\t<span class=\"timeline-icon-new out-view-timeline-icon\">\n\t\t\t\t\t\t\t\t\t<svg xmlns=\"http:\/\/www.w3.org\/2000\/svg\" id=\"Capa_1\" height=\"512\" viewBox=\"0 0 512 512\" width=\"512\"><g id=\"_x38_\"><path d=\"m359.389 233.456c30.161-22.441 47.611-56.338 47.611-96.328 0-82.69-60.268-137.128-152.553-137.128-92.3 0-152.447 54.438-152.447 137.128 0 41.118 17.652 74.736 49.381 97.017-38.701 26.337-60.381 68.496-60.381 119.267 0 94.263 67.31 158.588 167.49 158.588 98.873 0 162.51-68.304 162.51-162.44 0-49.6-22.119-90.66-61.611-116.104zm-103.697 54.199c33.706 0 48.794 29.165 48.794 58.066 0 39.36-17.769 62.856-47.549 62.856-24.038 0-49.731-16.772-49.731-63.823 0-21.21 10.21-57.099 48.486-57.099zm-1.245-102.085c-25.254 0-39.155-14.927-39.155-42.041 0-25.723 14.985-41.074 40.093-41.074 24.316 0 38.833 15.234 38.833 40.752 0 27.319-14.121 42.363-39.771 42.363z\"><\/path><\/g><\/svg>\t\t\t\t\t\t\t\t<\/span>\n\t\t\t\t\t\t\t<\/div>\n\n\t\t\t\t\t\t\t<div class=\"uael-day-new uael-day-left\">\n\t\t\t\t\t\t\t\t<div class=\"uael-events-new\">\n\t\t\t\t\t\t\t\t\t\t\t\t\t\t\t\t\t\t<div class=\"uael-events-inner-new\">\n\t\t\t\t\t\t\t\t\t\t\t\t\t\t\t\t\t\t\t\t<div class=\"uael-content\">\n\t\t\t\t\t\t\t\t\t\t\t\t\t\t\t\t\t\t\t\t\t\t\t\t\t\t\t\t\t\t\t\t\t<div class=\"uael-timeline-heading-text\">\n\t\t\t\t\t\t\t\t\t\t\t\t<h3 class=\"uael-timeline-heading\">Transport zum Standort<\/h3>\n\t\t\t\t\t\t\t\t\t\t\t<\/div>\n\t\t\t\t\t\t\t\t\t\t\t\t\t\t\t\t\t\t\t\t\t\t\t\t\t\t\t\t\t\t\t\t\t\t\t\t\t\t\t\t\t\t\t\t\t\t\t\t\t\t\t\t\t\t\t\t\t\t\t\t\t\t\t\t\t<\/div>\n\t\t\t\t\t\t\t\t\t\t\t\t\t\t\t\t\t\t\t\t\t\t\t<div class=\"uael-timeline-arrow\"><\/div>\n\t\t\t\t\t\t\t\t\t\t\t\t\t\t\t\t\t\t\t\t<\/div>\n\t\t\t\t\t\t\t\t\t\t\t\t\t\t\t\t\t<\/div>\n\t\t\t\t\t\t\t<\/div>\n\t\t\t\t\t\t\t\t\t\t\t\t\t\t\t<div class=\"uael-timeline-date-new\">\n\t\t\t\t\t\t\t\t\t<div class=\"uael-date-new\"><div class=\"inner-date-new\"><div ><\/div><\/div>\n\t\t\t\t\t\t\t\t\t<\/div>\n\t\t\t\t\t\t\t\t<\/div>\n\t\t\t\t\t\t\t\t\t\t\t\t\t<\/div>\n\t\t\t\t\t<\/div>\n\t\t\t\t\t\t\t\t\t\t\t\t\t\t\t\t\t<div class=\"elementor-repeater-item-5dbde1e uael-timeline-field animate-border out-view\">\n\t\t\t\t\t\t<div class=\"uael-timeline-widget uael-timeline-right\">\n\t\t\t\t\t\t\t<div class=\"uael-timeline-marker\">\n\t\t\t\t\t\t\t\t<span class=\"timeline-icon-new out-view-timeline-icon\">\n\t\t\t\t\t\t\t\t\t<svg xmlns=\"http:\/\/www.w3.org\/2000\/svg\" id=\"Capa_1\" height=\"512\" viewBox=\"0 0 512 512\" width=\"512\"><g id=\"_x39_\"><path d=\"m250.023 0c-93.632 0-159.023 72.528-159.023 174.936 0 109.849 74.678 169.116 144.932 169.116 23.306 0 44.297-5.977 62.783-17.827-5.83 45.059-18.442 80.435-50.83 80.435-39.824 0-33.909-47.047-36.753-53.848l-113.804 13.125c4.562 10.036-2.356 146.063 144.111 146.063 115.796 0 179.561-92.582 179.561-258.886 0-162.583-60.718-253.114-170.977-253.114zm44.444 182.304c0 10.972-2.109 65.742-43.828 65.742-40.664 0-45.059-51.123-45.059-73.11 0-31.597 7.017-69.272 40.459-69.272 35.537-.001 48.428 45.834 48.428 76.64z\"><\/path><\/g><\/svg>\t\t\t\t\t\t\t\t<\/span>\n\t\t\t\t\t\t\t<\/div>\n\n\t\t\t\t\t\t\t<div class=\"uael-day-new uael-day-right\">\n\t\t\t\t\t\t\t\t<div class=\"uael-events-new\">\n\t\t\t\t\t\t\t\t\t\t\t\t\t\t\t\t\t\t<div class=\"uael-events-inner-new\">\n\t\t\t\t\t\t\t\t\t\t\t\t\t\t\t\t\t\t\t\t<div class=\"uael-content\">\n\t\t\t\t\t\t\t\t\t\t\t\t\t\t\t\t\t\t\t\t\t\t\t\t\t\t\t\t\t\t\t\t\t<div class=\"uael-timeline-heading-text\">\n\t\t\t\t\t\t\t\t\t\t\t\t<h3 class=\"uael-timeline-heading\">Gr\u00fcndung<\/h3>\n\t\t\t\t\t\t\t\t\t\t\t<\/div>\n\t\t\t\t\t\t\t\t\t\t\t\t\t\t\t\t\t\t\t\t\t\t\t\t\t\t\t\t\t\t\t\t\t\t\t\t\t\t\t\t\t\t\t\t\t\t\t\t\t\t\t\t\t\t\t\t\t\t\t\t\t\t\t\t\t<\/div>\n\t\t\t\t\t\t\t\t\t\t\t\t\t\t\t\t\t\t\t\t\t\t\t<div class=\"uael-timeline-arrow\"><\/div>\n\t\t\t\t\t\t\t\t\t\t\t\t\t\t\t\t\t\t\t\t<\/div>\n\t\t\t\t\t\t\t\t\t\t\t\t\t\t\t\t\t<\/div>\n\t\t\t\t\t\t\t<\/div>\n\t\t\t\t\t\t\t\t\t\t\t\t\t\t\t<div class=\"uael-timeline-date-new\">\n\t\t\t\t\t\t\t\t\t<div class=\"uael-date-new\"><div class=\"inner-date-new\"><div ><\/div><\/div>\n\t\t\t\t\t\t\t\t\t<\/div>\n\t\t\t\t\t\t\t\t<\/div>\n\t\t\t\t\t\t\t\t\t\t\t\t\t<\/div>\n\t\t\t\t\t<\/div>\n\t\t\t\t\t\t\t\t\t\t\t\t\t\t\t\t\t<div class=\"elementor-repeater-item-48d5f83 uael-timeline-field animate-border out-view\">\n\t\t\t\t\t\t<div class=\"uael-timeline-widget uael-timeline-left\">\n\t\t\t\t\t\t\t<div class=\"uael-timeline-marker\">\n\t\t\t\t\t\t\t\t<span class=\"timeline-icon-new out-view-timeline-icon\">\n\t\t\t\t\t\t\t\t\t<svg xmlns=\"http:\/\/www.w3.org\/2000\/svg\" id=\"Capa_1\" height=\"512\" viewBox=\"0 0 512 512\" width=\"512\"><g><path d=\"m395.902 19.324c-63.308-.282-116.644 52.734-116.644 116.098v241.157c0 64.103 51.274 116.098 116.371 116.098 63.213 0 116.371-51.884 116.371-116.098v-241.157c0-64.119-51.979-116.098-116.098-116.098zm42.121 360.894c0 23.358-18.936 42.294-42.294 42.294h-.099-.099c-23.358 0-42.294-18.936-42.294-42.294v-248.208c0-23.358 18.936-42.294 42.294-42.294h.099.099c23.358 0 42.294 18.936 42.294 42.294z\"><\/path><path d=\"m134.979 19.324h-134.979v81.66h50.043v310.033h-50.043v81.66h185.023v-81.66h-50.044z\"><\/path><\/g><\/svg>\t\t\t\t\t\t\t\t<\/span>\n\t\t\t\t\t\t\t<\/div>\n\n\t\t\t\t\t\t\t<div class=\"uael-day-new uael-day-left\">\n\t\t\t\t\t\t\t\t<div class=\"uael-events-new\">\n\t\t\t\t\t\t\t\t\t\t\t\t\t\t\t\t\t\t<div class=\"uael-events-inner-new\">\n\t\t\t\t\t\t\t\t\t\t\t\t\t\t\t\t\t\t\t\t<div class=\"uael-content\">\n\t\t\t\t\t\t\t\t\t\t\t\t\t\t\t\t\t\t\t\t\t\t\t\t\t\t\t\t\t\t\t\t\t<div class=\"uael-timeline-heading-text\">\n\t\t\t\t\t\t\t\t\t\t\t\t<h3 class=\"uael-timeline-heading\">Unterst\u00fctzung nach dem Verkauf<\/h3>\n\t\t\t\t\t\t\t\t\t\t\t<\/div>\n\t\t\t\t\t\t\t\t\t\t\t\t\t\t\t\t\t\t\t\t\t\t\t\t\t\t\t\t\t\t\t\t\t\t\t\t\t\t\t\t\t\t\t\t\t\t\t\t\t\t\t\t\t\t\t\t\t\t\t\t\t\t\t\t\t<\/div>\n\t\t\t\t\t\t\t\t\t\t\t\t\t\t\t\t\t\t\t\t\t\t\t<div class=\"uael-timeline-arrow\"><\/div>\n\t\t\t\t\t\t\t\t\t\t\t\t\t\t\t\t\t\t\t\t<\/div>\n\t\t\t\t\t\t\t\t\t\t\t\t\t\t\t\t\t<\/div>\n\t\t\t\t\t\t\t<\/div>\n\t\t\t\t\t\t\t\t\t\t\t\t\t\t\t<div class=\"uael-timeline-date-new\">\n\t\t\t\t\t\t\t\t\t<div class=\"uael-date-new\"><div class=\"inner-date-new\"><div ><\/div><\/div>\n\t\t\t\t\t\t\t\t\t<\/div>\n\t\t\t\t\t\t\t\t<\/div>\n\t\t\t\t\t\t\t\t\t\t\t\t\t<\/div>\n\t\t\t\t\t<\/div>\n\t\t\t\t\t\t\t\t\t\t<\/div>\n\t\t<div class=\"uael-timeline__line\">\n\t\t\t<div class=\"uael-timeline__line__inner\"><\/div>\n\t\t<\/div>\n\t<\/div>\n<\/div>\n\n\t\t\t\t<\/div>\n\t\t\t\t<\/div>\n\t\t\t\t\t<\/div>\n\t\t<\/div>\n\t\t\t\t\t<\/div>\n\t\t<\/section>\n\t\t\t\t<\/div>\n\t\t","protected":false},"excerpt":{"rendered":"<p>Auftragsabwicklung Die Wartezeit auf ein mobiles Haus betr\u00e4gt 4-8 Wochen nach Genehmigung des Projekts, w\u00e4hrend die Wartezeit auf ein \u00d6kohaus mit Entwurf 99 Tage nach Projektgenehmigung und Erhalt der Baugenehmigung betr\u00e4gt. Analyse der Bed\u00fcrfnisse und Erwartungen Projekt von Architekten Erstellung eines Kostenvoranschlags Bestellung (Anzahlung) Projektplanung durch einen Architekten Hausherstellung von A bis Z Abnahme des &hellip;<\/p>\n<p class=\"read-more\"> <a class=\"\" href=\"https:\/\/verohomes.pl\/de\/auftragsabwicklung\/\"> <span class=\"screen-reader-text\">Auftragsabwicklung<\/span> Weiterlesen &raquo;<\/a><\/p>\n","protected":false},"author":3,"featured_media":0,"parent":0,"menu_order":0,"comment_status":"closed","ping_status":"closed","template":"","meta":{"inline_featured_image":false,"site-sidebar-layout":"no-sidebar","site-content-layout":"page-builder","ast-site-content-layout":"","site-content-style":"default","site-sidebar-style":"default","ast-global-header-display":"","ast-banner-title-visibility":"","ast-main-header-display":"","ast-hfb-above-header-display":"","ast-hfb-below-header-display":"","ast-hfb-mobile-header-display":"","site-post-title":"disabled","ast-breadcrumbs-content":"","ast-featured-img":"disabled","footer-sml-layout":"","theme-transparent-header-meta":"","adv-header-id-meta":"","stick-header-meta":"","header-above-stick-meta":"","header-main-stick-meta":"","header-below-stick-meta":"","astra-migrate-meta-layouts":"","footnotes":""},"class_list":["post-7252","page","type-page","status-publish","hentry"],"_links":{"self":[{"href":"https:\/\/verohomes.pl\/de\/wp-json\/wp\/v2\/pages\/7252","targetHints":{"allow":["GET"]}}],"collection":[{"href":"https:\/\/verohomes.pl\/de\/wp-json\/wp\/v2\/pages"}],"about":[{"href":"https:\/\/verohomes.pl\/de\/wp-json\/wp\/v2\/types\/page"}],"author":[{"embeddable":true,"href":"https:\/\/verohomes.pl\/de\/wp-json\/wp\/v2\/users\/3"}],"replies":[{"embeddable":true,"href":"https:\/\/verohomes.pl\/de\/wp-json\/wp\/v2\/comments?post=7252"}],"version-history":[{"count":4,"href":"https:\/\/verohomes.pl\/de\/wp-json\/wp\/v2\/pages\/7252\/revisions"}],"predecessor-version":[{"id":9253,"href":"https:\/\/verohomes.pl\/de\/wp-json\/wp\/v2\/pages\/7252\/revisions\/9253"}],"wp:attachment":[{"href":"https:\/\/verohomes.pl\/de\/wp-json\/wp\/v2\/media?parent=7252"}],"curies":[{"name":"wp","href":"https:\/\/api.w.org\/{rel}","templated":true}]}}