{"id":9971,"date":"2022-11-07T12:15:16","date_gmt":"2022-11-07T11:15:16","guid":{"rendered":"https:\/\/verohomes.pl\/zasady-ochrany-osobnich-udaju\/"},"modified":"2024-02-06T13:33:56","modified_gmt":"2024-02-06T12:33:56","slug":"zasady-ochrany-osobnich-udaju","status":"publish","type":"page","link":"https:\/\/verohomes.pl\/cs\/zasady-ochrany-osobnich-udaju\/","title":{"rendered":"Z\u00e1sady ochrany osobn\u00edch \u00fadaj\u016f"},"content":{"rendered":"\n<p>Tato politika p\u0159edstavuje z\u00e1kladn\u00ed informace o \u00fa\u010delech, zp\u016fsobech zpracov\u00e1n\u00ed a bezpe\u010dnosti va\u0161ich osobn\u00edch \u00fadaj\u016f jako u\u017eivatele webov\u00e9 str\u00e1nky: <a href=\"http:\/\/www.verohomes.pl\/\">www.verohomes.pl<\/a> (d\u00e1le naz\u00fdvan\u00e9 Str\u00e1nka) P\u0159e\u010dten\u00edm Z\u00e1sad ochrany osobn\u00edch \u00fadaj\u016f se dozv\u00edte, kdo je spr\u00e1vcem va\u0161ich osobn\u00edch \u00fadaj\u016f, jak\u00e9 osobn\u00ed \u00fadaje jsou sb\u00edr\u00e1ny na Str\u00e1nce, k jak\u00fdm \u00fa\u010del\u016fm jsou vyu\u017e\u00edv\u00e1ny a jak jsou chr\u00e1n\u011bny.<\/p>\n\n<h5 class=\"wp-block-heading\"><strong>\u00a71 Z\u00e1kladn\u00ed informace<\/strong><\/h5>\n\n<ol class=\"wp-block-list\"><\/ol>\n\n<ol class=\"wp-block-list\">\n<li>Spr\u00e1vcem va\u0161ich osobn\u00edch \u00fadaj\u016f je: &#8222;Rafik Mazurkiewicz&#8220; Nazim Sp. K. ul. Powsta\u0144c\u00f3w \u015al\u0105skich 54, 42-700 Lubliniec, NIP 5751887839.<br\/>1) Kontakt se spr\u00e1vcem je mo\u017en\u00fd prost\u0159ednictv\u00edm e-mailu: info@verohomes.pl.<\/li>\n<\/ol>\n\n<h5 class=\"wp-block-heading\"><strong>\u00a72 Principy zpracov\u00e1n\u00ed dat<\/strong><\/h5>\n\n<ol class=\"wp-block-list\">\n<li>Spr\u00e1vce zpracov\u00e1v\u00e1 osobn\u00ed \u00fadaje s dodr\u017eov\u00e1n\u00edm n\u00e1sleduj\u00edc\u00edch z\u00e1sad:<br\/>1) Na z\u00e1klad\u011b pr\u00e1vn\u00edho z\u00e1kladu a v souladu se z\u00e1konem (legalismus);<br\/>2) poctiv\u011b a \u010destn\u011b (poctivost);<br\/>3) pr\u016fhledn\u011b pro osobu, jej\u00ed\u017e se \u00fadaje t\u00fdkaj\u00ed (transparentnost);<br\/>4) s konkr\u00e9tn\u00edmi c\u00edli a ne &#8222;na sklad&#8220; (minimalizace);<br\/>5) nev\u00edce ne\u017e je nutn\u00e9 (adekv\u00e1tnost);<br\/>6) s pe\u010dlivost\u00ed o spr\u00e1vnost dat (spr\u00e1vnost);<br\/>7) nep\u0159esahuje d\u00e9le ne\u017e je nutn\u00e9 (\u010dasov\u00e1 omezenost);<br\/>8) zaji\u0161\u0165uj\u00edc\u00ed odpov\u00eddaj\u00edc\u00ed bezpe\u010dnost dat (bezpe\u010dnost).<\/li>\n<\/ol>\n\n<h5 class=\"wp-block-heading\"><strong>\u00a73 \u00da\u010dely, pr\u00e1vn\u00ed z\u00e1klady a rozsah zpracov\u00e1n\u00ed dat<\/strong><\/h5>\n\n<ol class=\"wp-block-list\">\n<li>Va\u0161e \u00fadaje budeme zpracov\u00e1vat:<br\/>1) za \u00fa\u010delem kontaktu a poskytnut\u00ed v\u00e1m odpov\u011bdi na va\u0161i zpr\u00e1vu odeslanou p\u0159\u00edmo e-mailem nebo prost\u0159ednictv\u00edm formul\u00e1\u0159e, na z\u00e1klad\u011b prov\u00e1d\u011bn\u00ed pr\u00e1vn\u011b opr\u00e1vn\u011bn\u00e9ho z\u00e1jmu spr\u00e1vce spojen\u00e9ho s nutnost\u00ed v\u00e1m odpov\u011bd\u011bt.<br\/>2) za \u00fa\u010delem statistiky, anal\u00fdzy a monitorov\u00e1n\u00ed provozu na Str\u00e1nce s vyu\u017eit\u00edm soubor\u016f cookies na z\u00e1klad\u011b prov\u00e1d\u011bn\u00ed pr\u00e1vn\u011b opr\u00e1vn\u011bn\u00e9ho z\u00e1jmu spr\u00e1vce spojen\u00e9ho s \u0159\u00e1dn\u00fdm fungov\u00e1n\u00edm Str\u00e1nky a prov\u00e1d\u011bn\u00edm anal\u00fdzy provozu na str\u00e1nce.<\/li>\n\n\n\n<li>Zpracov\u00e1v\u00e1me va\u0161e \u00fadaje v rozsahu:<br\/>1) pokud n\u00e1m po\u0161lete e-mail, budeme zpracov\u00e1vat \u00fadaje, kter\u00e9 budou v n\u011bm obsa\u017eeny. P\u0159ed\u00e1n\u00ed n\u00e1m \u00fadaj\u016f v e-mailu je dobrovoln\u00e9. Kdykoliv se m\u016f\u017eete obr\u00e1tit na n\u00e1s s \u017e\u00e1dost\u00ed o smaz\u00e1n\u00ed t\u011bchto \u00fadaj\u016f.<br\/>2) pokud pou\u017eijete kontaktn\u00ed formul\u00e1\u0159 na na\u0161em webu, budeme zpracov\u00e1vat \u00fadaje ve form\u011b va\u0161\u00ed e-mailov\u00e9 adresy, telefonn\u00edho \u010d\u00edsla a jm\u00e9na. P\u0159ed\u00e1n\u00ed t\u011bchto \u00fadaj\u016f je podm\u00ednkou poskytnut\u00ed odpov\u011bdi na va\u0161i ot\u00e1zku.<br\/>3) Ostatn\u00edmi \u00fadaji, kter\u00e9 spr\u00e1vce zpracov\u00e1v\u00e1, jsou IP adresa a dal\u0161\u00ed \u00fadaje ulo\u017een\u00e9 v souborech cookies, kter\u00e9 slou\u017e\u00ed spr\u00e1vci k anal\u00fdze va\u0161eho a dal\u0161\u00edch u\u017eivatel\u016f Str\u00e1nky. Zpracov\u00e1n\u00ed \u00fadaj\u016f v tomto rozsahu m\u016f\u017ee b\u00fdt zastaveno po pod\u00e1n\u00ed n\u00e1m n\u00e1mitky.<\/li>\n<\/ol>\n\n<h5 class=\"wp-block-heading\"><strong>\u00a74 P\u0159\u00edjemci dat a \u00famysl p\u0159ed\u00e1v\u00e1n\u00ed dat mimo EHP nebo mezin\u00e1rodn\u00ed organizaci.<\/strong><\/h5>\n\n<ol class=\"wp-block-list\">\n<li>P\u0159\u00edjemcem va\u0161ich osobn\u00edch \u00fadaj\u016f je subjekt poskytuj\u00edc\u00ed software pro anal\u00fdzu provozu na na\u0161em webu (nap\u0159. Google Analytics);<\/li>\n\n\n\n<li>Va\u0161e \u00fadaje nejsou p\u0159ed\u00e1v\u00e1na do zem\u00ed mimo EHP nebo mezin\u00e1rodn\u00ed organizace.<\/li>\n<\/ol>\n\n<h5 class=\"wp-block-heading\"><strong>\u00a75 Doba uchov\u00e1v\u00e1n\u00ed dat<\/strong><\/h5>\n\n<ol class=\"wp-block-list\">\n<li>Nejsme schopni stanovit, po jakou dobu budeme zpracov\u00e1vat va\u0161e osobn\u00ed \u00fadaje. Pokud jste n\u00e1m poskytl sv\u00e9 \u00fadaje prost\u0159ednictv\u00edm formul\u00e1\u0159e nebo e-mailov\u00e9 zpr\u00e1vy pro kontaktn\u00ed \u00fa\u010dely, budeme va\u0161e \u00fadaje zpracov\u00e1vat do doby, ne\u017e pod\u00e1te \u017e\u00e1dost o smaz\u00e1n\u00ed t\u011bchto \u00fadaj\u016f nebo n\u00e1mitky proti zpracov\u00e1n\u00ed, a to i v p\u0159\u00edpad\u011b, \u017ee dosp\u011bjeme k z\u00e1v\u011bru, \u017ee jsme realizovali opr\u00e1vn\u011bn\u00fd z\u00e1jem spr\u00e1vce.<\/li>\n<\/ol>\n\n<h5 class=\"wp-block-heading\"><strong>\u00a76 Pr\u00e1va u\u017eivatel\u016f<\/strong><\/h5>\n\n<ol class=\"wp-block-list\">\n<li>V souvislosti se zpracov\u00e1n\u00edm va\u0161ich \u00fadaj\u016f v\u00e1m n\u00e1le\u017e\u00ed n\u00e1sleduj\u00edc\u00ed pr\u00e1va:<br\/>1) p\u0159\u00edstup ke sv\u00fdm \u00fadaj\u016fm a to<br\/>2) pr\u00e1vo na opravu, v\u00fdmaz, omezen\u00ed zpracov\u00e1n\u00ed,<br\/>3) pr\u00e1vo na p\u0159enositelnost \u00fadaj\u016f,<br\/>4) pr\u00e1vo podat n\u00e1mitku,<br\/>5) pr\u00e1vo odvolat souhlas se zpracov\u00e1n\u00edm kdykoli a ve kter\u00e9koli form\u011b, s v\u00fdjimkou p\u0159\u00edpad\u016f, kdy zpracov\u00e1n\u00ed va\u0161ich \u00fadaj\u016f prob\u00edh\u00e1 za \u00fa\u010delem pln\u011bn\u00ed smlouvy spr\u00e1vcem, spln\u011bn\u00ed pr\u00e1vn\u00edch povinnost\u00ed spr\u00e1vce v\u016f\u010di st\u00e1tn\u00edm instituc\u00edm nebo pro pln\u011bn\u00ed opr\u00e1vn\u011bn\u00fdch z\u00e1jm\u016f spr\u00e1vce.<\/li>\n\n\n\n<li>M\u00e1te tak\u00e9 pr\u00e1vo podat st\u00ed\u017enost k prezidentovi \u00da\u0159adu pro ochranu osobn\u00edch \u00fadaj\u016f (na adresu \u00da\u0159adu pro ochranu osobn\u00edch \u00fadaj\u016f, ul. Stawki 2, 00-193 Var\u0161ava).<\/li>\n\n\n\n<li>V\u00edce informac\u00ed o ochran\u011b osobn\u00edch \u00fadaj\u016f naleznete na webov\u00e9 str\u00e1nce \u00da\u0159adu pro ochranu osobn\u00edch \u00fadaj\u016f: www.uodo.gov.pl<\/li>\n<\/ol>\n\n<h5 class=\"wp-block-heading\"><strong>\u00a77 Cookies<\/strong><\/h5>\n\n<ol class=\"wp-block-list\">\n<li>Soubory cookies jsou informa\u010dn\u00edmi daty, zejm\u00e9na textov\u00fdmi soubory, kter\u00e9 jsou uchov\u00e1v\u00e1ny v koncov\u00e9m za\u0159\u00edzen\u00ed, tedy ve va\u0161em po\u010d\u00edta\u010di, laptopu nebo chytr\u00e9m telefonu, v z\u00e1vislosti na tom, jak\u00e9 za\u0159\u00edzen\u00ed pou\u017e\u00edv\u00e1te k prohl\u00ed\u017een\u00ed str\u00e1nky. Su\u0161enky obvykle obsahuj\u00ed n\u00e1zev webov\u00e9 str\u00e1nky, odkud poch\u00e1zej\u00ed, dobu, po kterou jsou ulo\u017eeny v koncov\u00e9m za\u0159\u00edzen\u00ed, a unik\u00e1tn\u00ed \u010d\u00edslo. Sami si m\u016f\u017eete rozhodnout o zp\u016fsobu vyu\u017e\u00edv\u00e1n\u00ed su\u0161enek &#8211; tato nastaven\u00ed jsou dostupn\u00e1 v ka\u017ed\u00e9m internetov\u00e9m prohl\u00ed\u017ee\u010di.<\/li>\n\n\n\n<li>Soubory cookies slou\u017e\u00ed p\u0159edev\u0161\u00edm k va\u0161\u00ed pohodl\u00ed &#8211; jejich pou\u017eit\u00edm se v\u00fdrazn\u011b zkracuje \u010das na\u010d\u00edt\u00e1n\u00ed str\u00e1nky p\u0159i opakovan\u00fdch n\u00e1v\u0161t\u011bv\u00e1ch.<\/li>\n\n\n\n<li>Charakteristiky soubor\u016f cookies:<br\/>1) p\u0159izp\u016fsobuj\u00ed obsah webov\u00fdch str\u00e1nek slu\u017eby u\u017eivateli. Optimalizuj\u00ed pohyb u\u017eivatele na str\u00e1nce, zejm\u00e9na tyto soubory umo\u017e\u0148uj\u00ed rozpoznat za\u0159\u00edzen\u00ed, pomoc\u00ed kter\u00e9ho je str\u00e1nka zobrazena, a nastavit jej\u00ed parametry tak, aby navigace nezp\u016fsobovala probl\u00e9my a byla optimalizov\u00e1na podle individu\u00e1ln\u00edch pot\u0159eb u\u017eivatele.<br\/>2) umo\u017e\u0148uj\u00ed zobrazen\u00ed webov\u00e9 str\u00e1nky p\u0159izp\u016fsoben\u00e9 va\u0161im individu\u00e1ln\u00edm pot\u0159eb\u00e1m;<br\/>3) vytv\u00e1\u0159ej\u00ed statistiky, d\u00edky nim\u017e spr\u00e1vce v\u00ed, kter\u00e9 obsahy jsou u\u017eivateli obl\u00edben\u00e9. Toto umo\u017e\u0148uje neust\u00e1l\u00e9 zlep\u0161ov\u00e1n\u00ed str\u00e1nky a vytv\u00e1\u0159en\u00ed obsahu, kter\u00fd bude odpov\u00eddat n\u00e1v\u0161t\u011bvn\u00edk\u016fm str\u00e1nky.<br\/>4) umo\u017e\u0148uj\u00ed u\u017eivateli opakovan\u011b vyu\u017e\u00edvat mo\u017enosti p\u0159ihl\u00e1\u0161en\u00ed, co\u017e je pro v\u00e1s mnohem pohodln\u011bj\u0161\u00ed, proto\u017ee p\u0159i proch\u00e1zen\u00ed str\u00e1nky a opakovan\u00fdch n\u00e1v\u0161t\u011bv\u00e1ch nemus\u00edte zad\u00e1vat u\u017eivatelsk\u00e9 jm\u00e9no a heslo poka\u017ed\u00e9.<\/li>\n\n\n\n<li>Na Stronie jsou pou\u017e\u00edv\u00e1ny dv\u011b z\u00e1kladn\u00ed typy soubor\u016f cookies: \u201esession cookies\u201c (sez\u00f3nn\u00ed soubory cookies) a \u201epersistent cookies\u201c (trval\u00e9 soubory cookies). Cookies \u201esession\u201c jsou do\u010dasn\u00fdmi soubory, kter\u00e9 jsou ulo\u017eeny v koncov\u00e9m za\u0159\u00edzen\u00ed U\u017eivatele a\u017e do odhl\u00e1\u0161en\u00ed, opu\u0161t\u011bn\u00ed webov\u00e9 str\u00e1nky nebo vypnut\u00ed softwaru (internetov\u00e9ho prohl\u00ed\u017ee\u010de). &#8222;Trval\u00e9\u201c soubory cookies jsou ulo\u017eeny v koncov\u00e9m za\u0159\u00edzen\u00ed U\u017eivatele po ur\u010ditou dobu podle parametr\u016f soubor\u016f cookies nebo do doby jejich odstran\u011bn\u00ed U\u017eivatelem.<\/li>\n\n\n\n<li>U\u017eivatel m\u016f\u017ee kdykoli odstranit soubory cookies.<\/li>\n\n\n\n<li>Omezen\u00ed pou\u017e\u00edv\u00e1n\u00ed soubor\u016f cookies uveden\u00e1 u\u017eivatelem mohou ovlivnit n\u011bkter\u00e9 funkce Str\u00e1nky a v\u00fdrazn\u011b zt\u00ed\u017eit voln\u00e9 vyu\u017e\u00edv\u00e1n\u00ed v\u0161ech jej\u00edch mo\u017enost\u00ed.<\/li>\n\n\n\n<li>Cookies jsou um\u00edst\u011bny ve v\u00fdsledn\u00e9m za\u0159\u00edzen\u00ed U\u017eivatele a mohou b\u00fdt vyu\u017e\u00edv\u00e1ny i reklamn\u00edmi partnery a dal\u0161\u00edmi partnery spolupracuj\u00edc\u00edmi s provozovatelem Str\u00e1nky. U\u017eivatel je v\u0161ak m\u016f\u017ee kdykoliv odstranit.<\/li>\n\n\n\n<li>V\u00edce podrobn\u00fdch informac\u00ed o souborech cookie naleznete na adrese http:\/\/wszystkoociasteczkach.pl nebo v sekci \u201eN\u00e1pov\u011bda\u201c v nab\u00eddce sv\u00e9ho internetov\u00e9ho prohl\u00ed\u017ee\u010de.<\/li>\n\n\n\n<li>Pokud m\u00e1te pochybnosti ohledn\u011b nastaven\u00ed soubor\u016f cookie, obra\u0165te se na provozovatele sv\u00e9ho internetov\u00e9ho prohl\u00ed\u017ee\u010de.<\/li>\n\n\n\n<li>Pokud nesouhlas\u00edte s pou\u017e\u00edv\u00e1n\u00edm soubor\u016f cookie na str\u00e1nce, opus\u0165te ji nebo aktivujte p\u0159\u00edslu\u0161n\u00e1 nastaven\u00ed ve sv\u00e9m internetov\u00e9m prohl\u00ed\u017ee\u010di.<\/li>\n<\/ol>\n\n<p><\/p>\n","protected":false},"excerpt":{"rendered":"<p>Tato politika p\u0159edstavuje z\u00e1kladn\u00ed informace o \u00fa\u010delech, zp\u016fsobech zpracov\u00e1n\u00ed a bezpe\u010dnosti va\u0161ich osobn\u00edch \u00fadaj\u016f jako u\u017eivatele webov\u00e9 str\u00e1nky: www.verohomes.pl (d\u00e1le naz\u00fdvan\u00e9 Str\u00e1nka) P\u0159e\u010dten\u00edm Z\u00e1sad ochrany osobn\u00edch \u00fadaj\u016f se dozv\u00edte, kdo je spr\u00e1vcem va\u0161ich osobn\u00edch \u00fadaj\u016f, jak\u00e9 osobn\u00ed \u00fadaje jsou sb\u00edr\u00e1ny na Str\u00e1nce, k jak\u00fdm \u00fa\u010del\u016fm jsou vyu\u017e\u00edv\u00e1ny a jak jsou chr\u00e1n\u011bny. \u00a71 Z\u00e1kladn\u00ed informace \u00a72 &hellip;<\/p>\n<p class=\"read-more\"> <a class=\"\" href=\"https:\/\/verohomes.pl\/cs\/zasady-ochrany-osobnich-udaju\/\"> <span class=\"screen-reader-text\">Z\u00e1sady ochrany osobn\u00edch \u00fadaj\u016f<\/span> Pokra\u010dovat ve \u010dten\u00ed &raquo;<\/a><\/p>\n","protected":false},"author":3,"featured_media":0,"parent":0,"menu_order":0,"comment_status":"closed","ping_status":"closed","template":"","meta":{"inline_featured_image":false,"site-sidebar-layout":"default","site-content-layout":"","ast-site-content-layout":"default","site-content-style":"default","site-sidebar-style":"default","ast-global-header-display":"","ast-banner-title-visibility":"","ast-main-header-display":"","ast-hfb-above-header-display":"","ast-hfb-below-header-display":"","ast-hfb-mobile-header-display":"","site-post-title":"","ast-breadcrumbs-content":"","ast-featured-img":"","footer-sml-layout":"","theme-transparent-header-meta":"","adv-header-id-meta":"","stick-header-meta":"","header-above-stick-meta":"","header-main-stick-meta":"","header-below-stick-meta":"","astra-migrate-meta-layouts":"","footnotes":""},"class_list":["post-9971","page","type-page","status-publish","hentry"],"_links":{"self":[{"href":"https:\/\/verohomes.pl\/cs\/wp-json\/wp\/v2\/pages\/9971","targetHints":{"allow":["GET"]}}],"collection":[{"href":"https:\/\/verohomes.pl\/cs\/wp-json\/wp\/v2\/pages"}],"about":[{"href":"https:\/\/verohomes.pl\/cs\/wp-json\/wp\/v2\/types\/page"}],"author":[{"embeddable":true,"href":"https:\/\/verohomes.pl\/cs\/wp-json\/wp\/v2\/users\/3"}],"replies":[{"embeddable":true,"href":"https:\/\/verohomes.pl\/cs\/wp-json\/wp\/v2\/comments?post=9971"}],"version-history":[{"count":3,"href":"https:\/\/verohomes.pl\/cs\/wp-json\/wp\/v2\/pages\/9971\/revisions"}],"predecessor-version":[{"id":9974,"href":"https:\/\/verohomes.pl\/cs\/wp-json\/wp\/v2\/pages\/9971\/revisions\/9974"}],"wp:attachment":[{"href":"https:\/\/verohomes.pl\/cs\/wp-json\/wp\/v2\/media?parent=9971"}],"curies":[{"name":"wp","href":"https:\/\/api.w.org\/{rel}","templated":true}]}}