{"id":8425,"date":"2023-10-05T12:14:38","date_gmt":"2023-10-05T10:14:38","guid":{"rendered":"https:\/\/verohomes.pl\/realizace\/dum-48-m%c2%b2-smetanovy\/"},"modified":"2025-10-23T13:34:47","modified_gmt":"2025-10-23T11:34:47","slug":"dum-48-m2-smetanovy","status":"publish","type":"page","link":"https:\/\/verohomes.pl\/cs\/realizace\/dum-48-m2-smetanovy\/","title":{"rendered":"D\u016fm 48 m\u00b2 kr\u00e9mov\u00fd"},"content":{"rendered":"\t\t<div data-elementor-type=\"wp-page\" data-elementor-id=\"8425\" class=\"elementor elementor-8425 elementor-8402\" data-elementor-post-type=\"page\">\n\t\t\t\t\t\t<section class=\"elementor-section elementor-top-section elementor-element elementor-element-09b2a8e elementor-section-boxed elementor-section-height-default elementor-section-height-default\" data-id=\"09b2a8e\" data-element_type=\"section\" data-e-type=\"section\">\n\t\t\t\t\t\t<div class=\"elementor-container elementor-column-gap-no\">\n\t\t\t\t\t<div class=\"elementor-column elementor-col-100 elementor-top-column elementor-element elementor-element-23be989\" data-id=\"23be989\" data-element_type=\"column\" data-e-type=\"column\">\n\t\t\t<div class=\"elementor-widget-wrap elementor-element-populated\">\n\t\t\t\t\t\t<div class=\"elementor-element elementor-element-b473073 elementor-absolute elementor-widget elementor-widget-heading\" data-id=\"b473073\" data-element_type=\"widget\" data-e-type=\"widget\" data-settings=\"{&quot;_position&quot;:&quot;absolute&quot;}\" data-widget_type=\"heading.default\">\n\t\t\t\t<div class=\"elementor-widget-container\">\n\t\t\t\t\t<span class=\"elementor-heading-title elementor-size-default\">D\u016fm smetanov\u00fd<\/span>\t\t\t\t<\/div>\n\t\t\t\t<\/div>\n\t\t\t\t<div class=\"elementor-element elementor-element-9031c60 elementor-widget elementor-widget-heading\" data-id=\"9031c60\" data-element_type=\"widget\" data-e-type=\"widget\" data-widget_type=\"heading.default\">\n\t\t\t\t<div class=\"elementor-widget-container\">\n\t\t\t\t\t<h2 class=\"elementor-heading-title elementor-size-default\">D\u016fm 48 m\u00b2 kr\u00e9mov\u00fd<\/h2>\t\t\t\t<\/div>\n\t\t\t\t<\/div>\n\t\t\t\t<div class=\"elementor-element elementor-element-42513cf elementor-align-center elementor-widget elementor-widget-button\" data-id=\"42513cf\" data-element_type=\"widget\" data-e-type=\"widget\" data-widget_type=\"button.default\">\n\t\t\t\t<div class=\"elementor-widget-container\">\n\t\t\t\t\t\t\t\t\t<div class=\"elementor-button-wrapper\">\n\t\t\t\t\t<a class=\"elementor-button elementor-button-link elementor-size-sm\" href=\"https:\/\/verohomes.pl\/wp-content\/uploads\/spacery3d\/kremowy\/domek_2.html\">\n\t\t\t\t\t\t<span class=\"elementor-button-content-wrapper\">\n\t\t\t\t\t\t\t\t\t<span class=\"elementor-button-text\">VIRTU\u00c1LN\u00cd PROCH\u00c1ZKU<\/span>\n\t\t\t\t\t<\/span>\n\t\t\t\t\t<\/a>\n\t\t\t\t<\/div>\n\t\t\t\t\t\t\t\t<\/div>\n\t\t\t\t<\/div>\n\t\t\t\t\t<\/div>\n\t\t<\/div>\n\t\t\t\t\t<\/div>\n\t\t<\/section>\n\t\t\t\t<section class=\"elementor-section elementor-top-section elementor-element elementor-element-4566621 elementor-section-content-middle elementor-section-full_width elementor-section-height-default elementor-section-height-default\" data-id=\"4566621\" data-element_type=\"section\" data-e-type=\"section\" data-settings=\"{&quot;background_background&quot;:&quot;classic&quot;}\">\n\t\t\t\t\t\t<div class=\"elementor-container elementor-column-gap-no\">\n\t\t\t\t\t<div class=\"elementor-column elementor-col-100 elementor-top-column elementor-element elementor-element-0b0d5d4\" data-id=\"0b0d5d4\" data-element_type=\"column\" data-e-type=\"column\">\n\t\t\t<div class=\"elementor-widget-wrap elementor-element-populated\">\n\t\t\t\t\t\t<div class=\"elementor-element elementor-element-0527529 elementor-widget elementor-widget-image\" data-id=\"0527529\" data-element_type=\"widget\" data-e-type=\"widget\" data-widget_type=\"image.default\">\n\t\t\t\t<div class=\"elementor-widget-container\">\n\t\t\t\t\t\t\t\t\t\t\t\t\t\t\t<img fetchpriority=\"high\" decoding=\"async\" width=\"1200\" height=\"960\" src=\"https:\/\/verohomes.pl\/wp-content\/uploads\/2023\/10\/119.jpg\" class=\"attachment-full size-full wp-image-8346\" alt=\"Dom 48 m2\" srcset=\"https:\/\/verohomes.pl\/wp-content\/uploads\/2023\/10\/119.jpg 1200w, https:\/\/verohomes.pl\/wp-content\/uploads\/2023\/10\/119-300x240.jpg 300w, https:\/\/verohomes.pl\/wp-content\/uploads\/2023\/10\/119-1024x819.jpg 1024w, https:\/\/verohomes.pl\/wp-content\/uploads\/2023\/10\/119-768x614.jpg 768w\" sizes=\"(max-width: 1200px) 100vw, 1200px\" \/>\t\t\t\t\t\t\t\t\t\t\t\t\t\t\t<\/div>\n\t\t\t\t<\/div>\n\t\t\t\t\t<\/div>\n\t\t<\/div>\n\t\t\t\t\t<\/div>\n\t\t<\/section>\n\t\t\t\t<section class=\"elementor-section elementor-top-section elementor-element elementor-element-a304e2e elementor-section-boxed elementor-section-height-default elementor-section-height-default\" data-id=\"a304e2e\" data-element_type=\"section\" data-e-type=\"section\">\n\t\t\t\t\t\t<div class=\"elementor-container elementor-column-gap-default\">\n\t\t\t\t\t<div class=\"elementor-column elementor-col-100 elementor-top-column elementor-element elementor-element-7e4b227\" data-id=\"7e4b227\" data-element_type=\"column\" data-e-type=\"column\">\n\t\t\t<div class=\"elementor-widget-wrap elementor-element-populated\">\n\t\t\t\t\t\t<div class=\"elementor-element elementor-element-5300f3a elementor-widget elementor-widget-heading\" data-id=\"5300f3a\" data-element_type=\"widget\" data-e-type=\"widget\" data-widget_type=\"heading.default\">\n\t\t\t\t<div class=\"elementor-widget-container\">\n\t\t\t\t\t<h2 class=\"elementor-heading-title elementor-size-default\">Galerie<\/h2>\t\t\t\t<\/div>\n\t\t\t\t<\/div>\n\t\t\t\t\t<\/div>\n\t\t<\/div>\n\t\t\t\t\t<\/div>\n\t\t<\/section>\n\t\t\t\t<section class=\"elementor-section elementor-top-section elementor-element elementor-element-7282617 elementor-section-boxed elementor-section-height-default elementor-section-height-default\" data-id=\"7282617\" data-element_type=\"section\" data-e-type=\"section\">\n\t\t\t\t\t\t<div class=\"elementor-container elementor-column-gap-default\">\n\t\t\t\t\t<div class=\"elementor-column elementor-col-100 elementor-top-column elementor-element elementor-element-bb9734d\" data-id=\"bb9734d\" data-element_type=\"column\" data-e-type=\"column\">\n\t\t\t<div class=\"elementor-widget-wrap elementor-element-populated\">\n\t\t\t\t\t\t<div class=\"elementor-element elementor-element-5afb30e gallery-spacing-custom elementor-widget elementor-widget-image-gallery\" data-id=\"5afb30e\" data-element_type=\"widget\" data-e-type=\"widget\" data-widget_type=\"image-gallery.default\">\n\t\t\t\t<div class=\"elementor-widget-container\">\n\t\t\t\t\t\t\t<div class=\"elementor-image-gallery\">\n\t\t\t<div id='gallery-1' class='gallery galleryid-8425 gallery-columns-3 gallery-size-large'><figure class='gallery-item'>\n\t\t\t<div class='gallery-icon landscape'>\n\t\t\t\t<a data-elementor-open-lightbox=\"yes\" data-elementor-lightbox-slideshow=\"5afb30e\" data-elementor-lightbox-title=\"117\" data-e-action-hash=\"#elementor-action%3Aaction%3Dlightbox%26settings%3DeyJpZCI6ODMzOCwidXJsIjoiaHR0cHM6XC9cL3Zlcm9ob21lcy5wbFwvd3AtY29udGVudFwvdXBsb2Fkc1wvMjAyM1wvMTBcLzExNy5qcGciLCJzbGlkZXNob3ciOiI1YWZiMzBlIn0%3D\" href='https:\/\/verohomes.pl\/wp-content\/uploads\/2023\/10\/117.jpg'><img decoding=\"async\" width=\"1024\" height=\"819\" src=\"https:\/\/verohomes.pl\/wp-content\/uploads\/2023\/10\/117-1024x819.jpg\" class=\"attachment-large size-large\" alt=\"domy szkieletowe - wa\u017cne\" srcset=\"https:\/\/verohomes.pl\/wp-content\/uploads\/2023\/10\/117-1024x819.jpg 1024w, https:\/\/verohomes.pl\/wp-content\/uploads\/2023\/10\/117-300x240.jpg 300w, https:\/\/verohomes.pl\/wp-content\/uploads\/2023\/10\/117-768x614.jpg 768w, https:\/\/verohomes.pl\/wp-content\/uploads\/2023\/10\/117.jpg 1200w\" sizes=\"(max-width: 1024px) 100vw, 1024px\" \/><\/a>\n\t\t\t<\/div><\/figure><figure class='gallery-item'>\n\t\t\t<div class='gallery-icon landscape'>\n\t\t\t\t<a data-elementor-open-lightbox=\"yes\" data-elementor-lightbox-slideshow=\"5afb30e\" data-elementor-lightbox-title=\"118\" data-e-action-hash=\"#elementor-action%3Aaction%3Dlightbox%26settings%3DeyJpZCI6ODM0MiwidXJsIjoiaHR0cHM6XC9cL3Zlcm9ob21lcy5wbFwvd3AtY29udGVudFwvdXBsb2Fkc1wvMjAyM1wvMTBcLzExOC5qcGciLCJzbGlkZXNob3ciOiI1YWZiMzBlIn0%3D\" href='https:\/\/verohomes.pl\/wp-content\/uploads\/2023\/10\/118.jpg'><img decoding=\"async\" width=\"1024\" height=\"819\" src=\"https:\/\/verohomes.pl\/wp-content\/uploads\/2023\/10\/118-1024x819.jpg\" class=\"attachment-large size-large\" alt=\"domy szkieletowe - wa\u017cne\" srcset=\"https:\/\/verohomes.pl\/wp-content\/uploads\/2023\/10\/118-1024x819.jpg 1024w, https:\/\/verohomes.pl\/wp-content\/uploads\/2023\/10\/118-300x240.jpg 300w, https:\/\/verohomes.pl\/wp-content\/uploads\/2023\/10\/118-768x614.jpg 768w, https:\/\/verohomes.pl\/wp-content\/uploads\/2023\/10\/118.jpg 1200w\" sizes=\"(max-width: 1024px) 100vw, 1024px\" \/><\/a>\n\t\t\t<\/div><\/figure><figure class='gallery-item'>\n\t\t\t<div class='gallery-icon landscape'>\n\t\t\t\t<a data-elementor-open-lightbox=\"yes\" data-elementor-lightbox-slideshow=\"5afb30e\" data-elementor-lightbox-title=\"123\" data-e-action-hash=\"#elementor-action%3Aaction%3Dlightbox%26settings%3DeyJpZCI6ODM2MiwidXJsIjoiaHR0cHM6XC9cL3Zlcm9ob21lcy5wbFwvd3AtY29udGVudFwvdXBsb2Fkc1wvMjAyM1wvMTBcLzEyMy5qcGciLCJzbGlkZXNob3ciOiI1YWZiMzBlIn0%3D\" href='https:\/\/verohomes.pl\/wp-content\/uploads\/2023\/10\/123.jpg'><img loading=\"lazy\" decoding=\"async\" width=\"1024\" height=\"819\" src=\"https:\/\/verohomes.pl\/wp-content\/uploads\/2023\/10\/123-1024x819.jpg\" class=\"attachment-large size-large\" alt=\"ekodomy\" srcset=\"https:\/\/verohomes.pl\/wp-content\/uploads\/2023\/10\/123-1024x819.jpg 1024w, https:\/\/verohomes.pl\/wp-content\/uploads\/2023\/10\/123-300x240.jpg 300w, https:\/\/verohomes.pl\/wp-content\/uploads\/2023\/10\/123-768x614.jpg 768w, https:\/\/verohomes.pl\/wp-content\/uploads\/2023\/10\/123.jpg 1200w\" sizes=\"(max-width: 1024px) 100vw, 1024px\" \/><\/a>\n\t\t\t<\/div><\/figure><figure class='gallery-item'>\n\t\t\t<div class='gallery-icon landscape'>\n\t\t\t\t<a data-elementor-open-lightbox=\"yes\" data-elementor-lightbox-slideshow=\"5afb30e\" data-elementor-lightbox-title=\"120\" data-e-action-hash=\"#elementor-action%3Aaction%3Dlightbox%26settings%3DeyJpZCI6ODM1MCwidXJsIjoiaHR0cHM6XC9cL3Zlcm9ob21lcy5wbFwvd3AtY29udGVudFwvdXBsb2Fkc1wvMjAyM1wvMTBcLzEyMC5qcGciLCJzbGlkZXNob3ciOiI1YWZiMzBlIn0%3D\" href='https:\/\/verohomes.pl\/wp-content\/uploads\/2023\/10\/120.jpg'><img loading=\"lazy\" decoding=\"async\" width=\"1024\" height=\"819\" src=\"https:\/\/verohomes.pl\/wp-content\/uploads\/2023\/10\/120-1024x819.jpg\" class=\"attachment-large size-large\" alt=\"Dom 48 m2\" srcset=\"https:\/\/verohomes.pl\/wp-content\/uploads\/2023\/10\/120-1024x819.jpg 1024w, https:\/\/verohomes.pl\/wp-content\/uploads\/2023\/10\/120-300x240.jpg 300w, https:\/\/verohomes.pl\/wp-content\/uploads\/2023\/10\/120-768x614.jpg 768w, https:\/\/verohomes.pl\/wp-content\/uploads\/2023\/10\/120.jpg 1200w\" sizes=\"(max-width: 1024px) 100vw, 1024px\" \/><\/a>\n\t\t\t<\/div><\/figure><figure class='gallery-item'>\n\t\t\t<div class='gallery-icon landscape'>\n\t\t\t\t<a data-elementor-open-lightbox=\"yes\" data-elementor-lightbox-slideshow=\"5afb30e\" data-elementor-lightbox-title=\"122\" data-e-action-hash=\"#elementor-action%3Aaction%3Dlightbox%26settings%3DeyJpZCI6ODM1OCwidXJsIjoiaHR0cHM6XC9cL3Zlcm9ob21lcy5wbFwvd3AtY29udGVudFwvdXBsb2Fkc1wvMjAyM1wvMTBcLzEyMi5qcGciLCJzbGlkZXNob3ciOiI1YWZiMzBlIn0%3D\" href='https:\/\/verohomes.pl\/wp-content\/uploads\/2023\/10\/122.jpg'><img loading=\"lazy\" decoding=\"async\" width=\"1024\" height=\"819\" src=\"https:\/\/verohomes.pl\/wp-content\/uploads\/2023\/10\/122-1024x819.jpg\" class=\"attachment-large size-large\" alt=\"Dom 48 m2\" srcset=\"https:\/\/verohomes.pl\/wp-content\/uploads\/2023\/10\/122-1024x819.jpg 1024w, https:\/\/verohomes.pl\/wp-content\/uploads\/2023\/10\/122-300x240.jpg 300w, https:\/\/verohomes.pl\/wp-content\/uploads\/2023\/10\/122-768x614.jpg 768w, https:\/\/verohomes.pl\/wp-content\/uploads\/2023\/10\/122.jpg 1200w\" sizes=\"(max-width: 1024px) 100vw, 1024px\" \/><\/a>\n\t\t\t<\/div><\/figure><figure class='gallery-item'>\n\t\t\t<div class='gallery-icon landscape'>\n\t\t\t\t<a data-elementor-open-lightbox=\"yes\" data-elementor-lightbox-slideshow=\"5afb30e\" data-elementor-lightbox-title=\"121\" data-e-action-hash=\"#elementor-action%3Aaction%3Dlightbox%26settings%3DeyJpZCI6ODM1NCwidXJsIjoiaHR0cHM6XC9cL3Zlcm9ob21lcy5wbFwvd3AtY29udGVudFwvdXBsb2Fkc1wvMjAyM1wvMTBcLzEyMS5qcGciLCJzbGlkZXNob3ciOiI1YWZiMzBlIn0%3D\" href='https:\/\/verohomes.pl\/wp-content\/uploads\/2023\/10\/121.jpg'><img loading=\"lazy\" decoding=\"async\" width=\"1024\" height=\"819\" src=\"https:\/\/verohomes.pl\/wp-content\/uploads\/2023\/10\/121-1024x819.jpg\" class=\"attachment-large size-large\" alt=\"Dom 48 m2\" srcset=\"https:\/\/verohomes.pl\/wp-content\/uploads\/2023\/10\/121-1024x819.jpg 1024w, https:\/\/verohomes.pl\/wp-content\/uploads\/2023\/10\/121-300x240.jpg 300w, https:\/\/verohomes.pl\/wp-content\/uploads\/2023\/10\/121-768x614.jpg 768w, https:\/\/verohomes.pl\/wp-content\/uploads\/2023\/10\/121.jpg 1200w\" sizes=\"(max-width: 1024px) 100vw, 1024px\" \/><\/a>\n\t\t\t<\/div><\/figure><figure class='gallery-item'>\n\t\t\t<div class='gallery-icon landscape'>\n\t\t\t\t<a data-elementor-open-lightbox=\"yes\" data-elementor-lightbox-slideshow=\"5afb30e\" data-elementor-lightbox-title=\"126\" data-e-action-hash=\"#elementor-action%3Aaction%3Dlightbox%26settings%3DeyJpZCI6ODM3NCwidXJsIjoiaHR0cHM6XC9cL3Zlcm9ob21lcy5wbFwvd3AtY29udGVudFwvdXBsb2Fkc1wvMjAyM1wvMTBcLzEyNi5qcGciLCJzbGlkZXNob3ciOiI1YWZiMzBlIn0%3D\" href='https:\/\/verohomes.pl\/wp-content\/uploads\/2023\/10\/126.jpg'><img loading=\"lazy\" decoding=\"async\" width=\"1024\" height=\"819\" src=\"https:\/\/verohomes.pl\/wp-content\/uploads\/2023\/10\/126-1024x819.jpg\" class=\"attachment-large size-large\" alt=\"dom na ko\u0142ach\" srcset=\"https:\/\/verohomes.pl\/wp-content\/uploads\/2023\/10\/126-1024x819.jpg 1024w, https:\/\/verohomes.pl\/wp-content\/uploads\/2023\/10\/126-300x240.jpg 300w, https:\/\/verohomes.pl\/wp-content\/uploads\/2023\/10\/126-768x614.jpg 768w, https:\/\/verohomes.pl\/wp-content\/uploads\/2023\/10\/126.jpg 1200w\" sizes=\"(max-width: 1024px) 100vw, 1024px\" \/><\/a>\n\t\t\t<\/div><\/figure><figure class='gallery-item'>\n\t\t\t<div class='gallery-icon landscape'>\n\t\t\t\t<a data-elementor-open-lightbox=\"yes\" data-elementor-lightbox-slideshow=\"5afb30e\" data-elementor-lightbox-title=\"125\" data-e-action-hash=\"#elementor-action%3Aaction%3Dlightbox%26settings%3DeyJpZCI6ODM3MCwidXJsIjoiaHR0cHM6XC9cL3Zlcm9ob21lcy5wbFwvd3AtY29udGVudFwvdXBsb2Fkc1wvMjAyM1wvMTBcLzEyNS5qcGciLCJzbGlkZXNob3ciOiI1YWZiMzBlIn0%3D\" href='https:\/\/verohomes.pl\/wp-content\/uploads\/2023\/10\/125.jpg'><img loading=\"lazy\" decoding=\"async\" width=\"1024\" height=\"819\" src=\"https:\/\/verohomes.pl\/wp-content\/uploads\/2023\/10\/125-1024x819.jpg\" class=\"attachment-large size-large\" alt=\"dom na ko\u0142ach\" srcset=\"https:\/\/verohomes.pl\/wp-content\/uploads\/2023\/10\/125-1024x819.jpg 1024w, https:\/\/verohomes.pl\/wp-content\/uploads\/2023\/10\/125-300x240.jpg 300w, https:\/\/verohomes.pl\/wp-content\/uploads\/2023\/10\/125-768x614.jpg 768w, https:\/\/verohomes.pl\/wp-content\/uploads\/2023\/10\/125.jpg 1200w\" sizes=\"(max-width: 1024px) 100vw, 1024px\" \/><\/a>\n\t\t\t<\/div><\/figure><figure class='gallery-item'>\n\t\t\t<div class='gallery-icon landscape'>\n\t\t\t\t<a data-elementor-open-lightbox=\"yes\" data-elementor-lightbox-slideshow=\"5afb30e\" data-elementor-lightbox-title=\"127\" data-e-action-hash=\"#elementor-action%3Aaction%3Dlightbox%26settings%3DeyJpZCI6ODM3OCwidXJsIjoiaHR0cHM6XC9cL3Zlcm9ob21lcy5wbFwvd3AtY29udGVudFwvdXBsb2Fkc1wvMjAyM1wvMTBcLzEyNy5qcGciLCJzbGlkZXNob3ciOiI1YWZiMzBlIn0%3D\" href='https:\/\/verohomes.pl\/wp-content\/uploads\/2023\/10\/127.jpg'><img loading=\"lazy\" decoding=\"async\" width=\"1024\" height=\"819\" src=\"https:\/\/verohomes.pl\/wp-content\/uploads\/2023\/10\/127-1024x819.jpg\" class=\"attachment-large size-large\" alt=\"Dom 48 m2\" srcset=\"https:\/\/verohomes.pl\/wp-content\/uploads\/2023\/10\/127-1024x819.jpg 1024w, https:\/\/verohomes.pl\/wp-content\/uploads\/2023\/10\/127-300x240.jpg 300w, https:\/\/verohomes.pl\/wp-content\/uploads\/2023\/10\/127-768x614.jpg 768w, https:\/\/verohomes.pl\/wp-content\/uploads\/2023\/10\/127.jpg 1200w\" sizes=\"(max-width: 1024px) 100vw, 1024px\" \/><\/a>\n\t\t\t<\/div><\/figure><figure class='gallery-item'>\n\t\t\t<div class='gallery-icon landscape'>\n\t\t\t\t<a data-elementor-open-lightbox=\"yes\" data-elementor-lightbox-slideshow=\"5afb30e\" data-elementor-lightbox-title=\"130\" data-e-action-hash=\"#elementor-action%3Aaction%3Dlightbox%26settings%3DeyJpZCI6ODM5MCwidXJsIjoiaHR0cHM6XC9cL3Zlcm9ob21lcy5wbFwvd3AtY29udGVudFwvdXBsb2Fkc1wvMjAyM1wvMTBcLzEzMC5qcGciLCJzbGlkZXNob3ciOiI1YWZiMzBlIn0%3D\" href='https:\/\/verohomes.pl\/wp-content\/uploads\/2023\/10\/130.jpg'><img loading=\"lazy\" decoding=\"async\" width=\"1024\" height=\"819\" src=\"https:\/\/verohomes.pl\/wp-content\/uploads\/2023\/10\/130-1024x819.jpg\" class=\"attachment-large size-large\" alt=\"Dom 48 m2\" srcset=\"https:\/\/verohomes.pl\/wp-content\/uploads\/2023\/10\/130-1024x819.jpg 1024w, https:\/\/verohomes.pl\/wp-content\/uploads\/2023\/10\/130-300x240.jpg 300w, https:\/\/verohomes.pl\/wp-content\/uploads\/2023\/10\/130-768x614.jpg 768w, https:\/\/verohomes.pl\/wp-content\/uploads\/2023\/10\/130.jpg 1200w\" sizes=\"(max-width: 1024px) 100vw, 1024px\" \/><\/a>\n\t\t\t<\/div><\/figure><figure class='gallery-item'>\n\t\t\t<div class='gallery-icon landscape'>\n\t\t\t\t<a data-elementor-open-lightbox=\"yes\" data-elementor-lightbox-slideshow=\"5afb30e\" data-elementor-lightbox-title=\"128\" data-e-action-hash=\"#elementor-action%3Aaction%3Dlightbox%26settings%3DeyJpZCI6ODM4MiwidXJsIjoiaHR0cHM6XC9cL3Zlcm9ob21lcy5wbFwvd3AtY29udGVudFwvdXBsb2Fkc1wvMjAyM1wvMTBcLzEyOC5qcGciLCJzbGlkZXNob3ciOiI1YWZiMzBlIn0%3D\" href='https:\/\/verohomes.pl\/wp-content\/uploads\/2023\/10\/128.jpg'><img loading=\"lazy\" decoding=\"async\" width=\"1024\" height=\"819\" src=\"https:\/\/verohomes.pl\/wp-content\/uploads\/2023\/10\/128-1024x819.jpg\" class=\"attachment-large size-large\" alt=\"Dom 48 m2\" srcset=\"https:\/\/verohomes.pl\/wp-content\/uploads\/2023\/10\/128-1024x819.jpg 1024w, https:\/\/verohomes.pl\/wp-content\/uploads\/2023\/10\/128-300x240.jpg 300w, https:\/\/verohomes.pl\/wp-content\/uploads\/2023\/10\/128-768x614.jpg 768w, https:\/\/verohomes.pl\/wp-content\/uploads\/2023\/10\/128.jpg 1200w\" sizes=\"(max-width: 1024px) 100vw, 1024px\" \/><\/a>\n\t\t\t<\/div><\/figure><figure class='gallery-item'>\n\t\t\t<div class='gallery-icon landscape'>\n\t\t\t\t<a data-elementor-open-lightbox=\"yes\" data-elementor-lightbox-slideshow=\"5afb30e\" data-elementor-lightbox-title=\"131a\" data-e-action-hash=\"#elementor-action%3Aaction%3Dlightbox%26settings%3DeyJpZCI6ODQwNSwidXJsIjoiaHR0cHM6XC9cL3Zlcm9ob21lcy5wbFwvd3AtY29udGVudFwvdXBsb2Fkc1wvMjAyM1wvMTBcLzEzMWEuanBnIiwic2xpZGVzaG93IjoiNWFmYjMwZSJ9\" href='https:\/\/verohomes.pl\/wp-content\/uploads\/2023\/10\/131a.jpg'><img loading=\"lazy\" decoding=\"async\" width=\"1024\" height=\"819\" src=\"https:\/\/verohomes.pl\/wp-content\/uploads\/2023\/10\/131a-1024x819.jpg\" class=\"attachment-large size-large\" alt=\"dom mobilny\" srcset=\"https:\/\/verohomes.pl\/wp-content\/uploads\/2023\/10\/131a-1024x819.jpg 1024w, https:\/\/verohomes.pl\/wp-content\/uploads\/2023\/10\/131a-300x240.jpg 300w, https:\/\/verohomes.pl\/wp-content\/uploads\/2023\/10\/131a-768x614.jpg 768w, https:\/\/verohomes.pl\/wp-content\/uploads\/2023\/10\/131a.jpg 1200w\" sizes=\"(max-width: 1024px) 100vw, 1024px\" \/><\/a>\n\t\t\t<\/div><\/figure>\n\t\t<\/div>\n\t\t<\/div>\n\t\t\t\t\t\t<\/div>\n\t\t\t\t<\/div>\n\t\t\t\t\t<\/div>\n\t\t<\/div>\n\t\t\t\t\t<\/div>\n\t\t<\/section>\n\t\t\t\t<section class=\"elementor-section elementor-top-section elementor-element elementor-element-d9ff678 elementor-section-boxed elementor-section-height-default elementor-section-height-default\" data-id=\"d9ff678\" data-element_type=\"section\" data-e-type=\"section\">\n\t\t\t\t\t\t<div class=\"elementor-container elementor-column-gap-default\">\n\t\t\t\t\t<div class=\"elementor-column elementor-col-100 elementor-top-column elementor-element elementor-element-49b418c\" data-id=\"49b418c\" data-element_type=\"column\" data-e-type=\"column\">\n\t\t\t<div class=\"elementor-widget-wrap elementor-element-populated\">\n\t\t\t\t\t\t<div class=\"elementor-element elementor-element-05294f0 elementor-widget elementor-widget-heading\" data-id=\"05294f0\" data-element_type=\"widget\" data-e-type=\"widget\" data-widget_type=\"heading.default\">\n\t\t\t\t<div class=\"elementor-widget-container\">\n\t\t\t\t\t<h2 class=\"elementor-heading-title elementor-size-default\">Pl\u00e1n domu<\/h2>\t\t\t\t<\/div>\n\t\t\t\t<\/div>\n\t\t\t\t\t<\/div>\n\t\t<\/div>\n\t\t\t\t\t<\/div>\n\t\t<\/section>\n\t\t\t\t<section class=\"elementor-section elementor-top-section elementor-element elementor-element-1152b45 elementor-section-boxed elementor-section-height-default elementor-section-height-default\" data-id=\"1152b45\" data-element_type=\"section\" data-e-type=\"section\">\n\t\t\t\t\t\t<div class=\"elementor-container elementor-column-gap-default\">\n\t\t\t\t\t<div class=\"elementor-column elementor-col-100 elementor-top-column elementor-element elementor-element-4b49485\" data-id=\"4b49485\" data-element_type=\"column\" data-e-type=\"column\">\n\t\t\t<div class=\"elementor-widget-wrap elementor-element-populated\">\n\t\t\t\t\t\t<div class=\"elementor-element elementor-element-b551bb9 elementor-widget elementor-widget-image\" data-id=\"b551bb9\" data-element_type=\"widget\" data-e-type=\"widget\" data-widget_type=\"image.default\">\n\t\t\t\t<div class=\"elementor-widget-container\">\n\t\t\t\t\t\t\t\t\t\t\t\t\t\t\t<img loading=\"lazy\" decoding=\"async\" width=\"1024\" height=\"448\" src=\"https:\/\/verohomes.pl\/wp-content\/uploads\/2024\/11\/Rzut-Dom-kremowy-1024x448.jpg\" class=\"attachment-large size-large wp-image-11990\" alt=\"dom-48m2\" srcset=\"https:\/\/verohomes.pl\/wp-content\/uploads\/2024\/11\/Rzut-Dom-kremowy-1024x448.jpg 1024w, https:\/\/verohomes.pl\/wp-content\/uploads\/2024\/11\/Rzut-Dom-kremowy-300x131.jpg 300w, https:\/\/verohomes.pl\/wp-content\/uploads\/2024\/11\/Rzut-Dom-kremowy-768x336.jpg 768w, https:\/\/verohomes.pl\/wp-content\/uploads\/2024\/11\/Rzut-Dom-kremowy-1536x672.jpg 1536w, https:\/\/verohomes.pl\/wp-content\/uploads\/2024\/11\/Rzut-Dom-kremowy.jpg 2000w\" sizes=\"(max-width: 1024px) 100vw, 1024px\" \/>\t\t\t\t\t\t\t\t\t\t\t\t\t\t\t<\/div>\n\t\t\t\t<\/div>\n\t\t\t\t\t<\/div>\n\t\t<\/div>\n\t\t\t\t\t<\/div>\n\t\t<\/section>\n\t\t\t\t<\/div>\n\t\t","protected":false},"excerpt":{"rendered":"<p>D\u016fm smetanov\u00fd D\u016fm 48 m\u00b2 kr\u00e9mov\u00fd VIRTU\u00c1LN\u00cd PROCH\u00c1ZKU Galerie Pl\u00e1n domu<\/p>\n","protected":false},"author":2,"featured_media":0,"parent":6475,"menu_order":0,"comment_status":"closed","ping_status":"closed","template":"","meta":{"inline_featured_image":false,"site-sidebar-layout":"no-sidebar","site-content-layout":"page-builder","ast-site-content-layout":"","site-content-style":"default","site-sidebar-style":"default","ast-global-header-display":"","ast-banner-title-visibility":"","ast-main-header-display":"","ast-hfb-above-header-display":"","ast-hfb-below-header-display":"","ast-hfb-mobile-header-display":"","site-post-title":"disabled","ast-breadcrumbs-content":"","ast-featured-img":"disabled","footer-sml-layout":"","theme-transparent-header-meta":"","adv-header-id-meta":"","stick-header-meta":"","header-above-stick-meta":"","header-main-stick-meta":"","header-below-stick-meta":"","astra-migrate-meta-layouts":"","footnotes":""},"class_list":["post-8425","page","type-page","status-publish","hentry"],"_links":{"self":[{"href":"https:\/\/verohomes.pl\/cs\/wp-json\/wp\/v2\/pages\/8425","targetHints":{"allow":["GET"]}}],"collection":[{"href":"https:\/\/verohomes.pl\/cs\/wp-json\/wp\/v2\/pages"}],"about":[{"href":"https:\/\/verohomes.pl\/cs\/wp-json\/wp\/v2\/types\/page"}],"author":[{"embeddable":true,"href":"https:\/\/verohomes.pl\/cs\/wp-json\/wp\/v2\/users\/2"}],"replies":[{"embeddable":true,"href":"https:\/\/verohomes.pl\/cs\/wp-json\/wp\/v2\/comments?post=8425"}],"version-history":[{"count":6,"href":"https:\/\/verohomes.pl\/cs\/wp-json\/wp\/v2\/pages\/8425\/revisions"}],"predecessor-version":[{"id":13179,"href":"https:\/\/verohomes.pl\/cs\/wp-json\/wp\/v2\/pages\/8425\/revisions\/13179"}],"up":[{"embeddable":true,"href":"https:\/\/verohomes.pl\/cs\/wp-json\/wp\/v2\/pages\/6475"}],"wp:attachment":[{"href":"https:\/\/verohomes.pl\/cs\/wp-json\/wp\/v2\/media?parent=8425"}],"curies":[{"name":"wp","href":"https:\/\/api.w.org\/{rel}","templated":true}]}}