{"id":8158,"date":"2023-06-19T13:40:46","date_gmt":"2023-06-19T11:40:46","guid":{"rendered":"https:\/\/verohomes.pl\/realizace\/dum-63-m%c2%b2-v-kasubii\/"},"modified":"2025-10-23T13:45:07","modified_gmt":"2025-10-23T11:45:07","slug":"dum-63-m2-v-kasubii","status":"publish","type":"page","link":"https:\/\/verohomes.pl\/cs\/realizace\/dum-63-m2-v-kasubii\/","title":{"rendered":"D\u016fm 63 m\u00b2 v Ka\u0161ubii"},"content":{"rendered":"\t\t<div data-elementor-type=\"wp-page\" data-elementor-id=\"8158\" class=\"elementor elementor-8158 elementor-7814\" data-elementor-post-type=\"page\">\n\t\t\t\t\t\t<section class=\"elementor-section elementor-top-section elementor-element elementor-element-09b2a8e elementor-section-boxed elementor-section-height-default elementor-section-height-default\" data-id=\"09b2a8e\" data-element_type=\"section\" data-e-type=\"section\">\n\t\t\t\t\t\t<div class=\"elementor-container elementor-column-gap-no\">\n\t\t\t\t\t<div class=\"elementor-column elementor-col-100 elementor-top-column elementor-element elementor-element-23be989\" data-id=\"23be989\" data-element_type=\"column\" data-e-type=\"column\">\n\t\t\t<div class=\"elementor-widget-wrap elementor-element-populated\">\n\t\t\t\t\t\t<div class=\"elementor-element elementor-element-b473073 elementor-absolute elementor-widget elementor-widget-heading\" data-id=\"b473073\" data-element_type=\"widget\" data-e-type=\"widget\" data-settings=\"{&quot;_position&quot;:&quot;absolute&quot;}\" data-widget_type=\"heading.default\">\n\t\t\t\t<div class=\"elementor-widget-container\">\n\t\t\t\t\t<span class=\"elementor-heading-title elementor-size-default\">D\u016fm v Ka\u0161ubii<\/span>\t\t\t\t<\/div>\n\t\t\t\t<\/div>\n\t\t\t\t\t<\/div>\n\t\t<\/div>\n\t\t\t\t\t<\/div>\n\t\t<\/section>\n\t\t\t\t<section class=\"elementor-section elementor-top-section elementor-element elementor-element-4566621 elementor-section-content-middle elementor-section-full_width elementor-section-height-default elementor-section-height-default\" data-id=\"4566621\" data-element_type=\"section\" data-e-type=\"section\" data-settings=\"{&quot;background_background&quot;:&quot;classic&quot;}\">\n\t\t\t\t\t\t<div class=\"elementor-container elementor-column-gap-no\">\n\t\t\t\t\t<div class=\"elementor-column elementor-col-100 elementor-top-column elementor-element elementor-element-0b0d5d4\" data-id=\"0b0d5d4\" data-element_type=\"column\" data-e-type=\"column\">\n\t\t\t<div class=\"elementor-widget-wrap elementor-element-populated\">\n\t\t\t\t\t\t<div class=\"elementor-element elementor-element-0527529 elementor-widget elementor-widget-image\" data-id=\"0527529\" data-element_type=\"widget\" data-e-type=\"widget\" data-widget_type=\"image.default\">\n\t\t\t\t<div class=\"elementor-widget-container\">\n\t\t\t\t\t\t\t\t\t\t\t\t\t\t\t<img fetchpriority=\"high\" decoding=\"async\" width=\"1200\" height=\"960\" src=\"https:\/\/verohomes.pl\/wp-content\/uploads\/2023\/06\/52.jpg\" class=\"attachment-full size-full wp-image-7766\" alt=\"dom bez pozwolenia\" srcset=\"https:\/\/verohomes.pl\/wp-content\/uploads\/2023\/06\/52.jpg 1200w, https:\/\/verohomes.pl\/wp-content\/uploads\/2023\/06\/52-300x240.jpg 300w, https:\/\/verohomes.pl\/wp-content\/uploads\/2023\/06\/52-1024x819.jpg 1024w, https:\/\/verohomes.pl\/wp-content\/uploads\/2023\/06\/52-768x614.jpg 768w\" sizes=\"(max-width: 1200px) 100vw, 1200px\" \/>\t\t\t\t\t\t\t\t\t\t\t\t\t\t\t<\/div>\n\t\t\t\t<\/div>\n\t\t\t\t\t<\/div>\n\t\t<\/div>\n\t\t\t\t\t<\/div>\n\t\t<\/section>\n\t\t\t\t<section class=\"elementor-section elementor-top-section elementor-element elementor-element-a304e2e elementor-section-boxed elementor-section-height-default elementor-section-height-default\" data-id=\"a304e2e\" data-element_type=\"section\" data-e-type=\"section\">\n\t\t\t\t\t\t<div class=\"elementor-container elementor-column-gap-default\">\n\t\t\t\t\t<div class=\"elementor-column elementor-col-100 elementor-top-column elementor-element elementor-element-7e4b227\" data-id=\"7e4b227\" data-element_type=\"column\" data-e-type=\"column\">\n\t\t\t<div class=\"elementor-widget-wrap elementor-element-populated\">\n\t\t\t\t\t\t<div class=\"elementor-element elementor-element-5300f3a elementor-widget elementor-widget-heading\" data-id=\"5300f3a\" data-element_type=\"widget\" data-e-type=\"widget\" data-widget_type=\"heading.default\">\n\t\t\t\t<div class=\"elementor-widget-container\">\n\t\t\t\t\t<h2 class=\"elementor-heading-title elementor-size-default\">Galerie<\/h2>\t\t\t\t<\/div>\n\t\t\t\t<\/div>\n\t\t\t\t\t<\/div>\n\t\t<\/div>\n\t\t\t\t\t<\/div>\n\t\t<\/section>\n\t\t\t\t<section class=\"elementor-section elementor-top-section elementor-element elementor-element-7282617 elementor-section-boxed elementor-section-height-default elementor-section-height-default\" data-id=\"7282617\" data-element_type=\"section\" data-e-type=\"section\">\n\t\t\t\t\t\t<div class=\"elementor-container elementor-column-gap-default\">\n\t\t\t\t\t<div class=\"elementor-column elementor-col-100 elementor-top-column elementor-element elementor-element-bb9734d\" data-id=\"bb9734d\" data-element_type=\"column\" data-e-type=\"column\">\n\t\t\t<div class=\"elementor-widget-wrap elementor-element-populated\">\n\t\t\t\t\t\t<div class=\"elementor-element elementor-element-2c1880e gallery-spacing-custom elementor-widget elementor-widget-image-gallery\" data-id=\"2c1880e\" data-element_type=\"widget\" data-e-type=\"widget\" data-widget_type=\"image-gallery.default\">\n\t\t\t\t<div class=\"elementor-widget-container\">\n\t\t\t\t\t\t\t<div class=\"elementor-image-gallery\">\n\t\t\t<div id='gallery-1' class='gallery galleryid-8158 gallery-columns-3 gallery-size-large'><figure class='gallery-item'>\n\t\t\t<div class='gallery-icon landscape'>\n\t\t\t\t<a data-elementor-open-lightbox=\"yes\" data-elementor-lightbox-slideshow=\"2c1880e\" data-elementor-lightbox-title=\"55\" data-e-action-hash=\"#elementor-action%3Aaction%3Dlightbox%26settings%3DeyJpZCI6Nzc3OCwidXJsIjoiaHR0cHM6XC9cL3Zlcm9ob21lcy5wbFwvd3AtY29udGVudFwvdXBsb2Fkc1wvMjAyM1wvMDZcLzU1LmpwZyIsInNsaWRlc2hvdyI6IjJjMTg4MGUifQ%3D%3D\" href='https:\/\/verohomes.pl\/wp-content\/uploads\/2023\/06\/55.jpg'><img decoding=\"async\" width=\"1024\" height=\"819\" src=\"https:\/\/verohomes.pl\/wp-content\/uploads\/2023\/06\/55-1024x819.jpg\" class=\"attachment-large size-large\" alt=\"Dom 63 m\u00b2\" srcset=\"https:\/\/verohomes.pl\/wp-content\/uploads\/2023\/06\/55-1024x819.jpg 1024w, https:\/\/verohomes.pl\/wp-content\/uploads\/2023\/06\/55-300x240.jpg 300w, https:\/\/verohomes.pl\/wp-content\/uploads\/2023\/06\/55-768x614.jpg 768w, https:\/\/verohomes.pl\/wp-content\/uploads\/2023\/06\/55.jpg 1200w\" sizes=\"(max-width: 1024px) 100vw, 1024px\" \/><\/a>\n\t\t\t<\/div><\/figure><figure class='gallery-item'>\n\t\t\t<div class='gallery-icon landscape'>\n\t\t\t\t<a data-elementor-open-lightbox=\"yes\" data-elementor-lightbox-slideshow=\"2c1880e\" data-elementor-lightbox-title=\"56\" data-e-action-hash=\"#elementor-action%3Aaction%3Dlightbox%26settings%3DeyJpZCI6Nzc4MiwidXJsIjoiaHR0cHM6XC9cL3Zlcm9ob21lcy5wbFwvd3AtY29udGVudFwvdXBsb2Fkc1wvMjAyM1wvMDZcLzU2LmpwZyIsInNsaWRlc2hvdyI6IjJjMTg4MGUifQ%3D%3D\" href='https:\/\/verohomes.pl\/wp-content\/uploads\/2023\/06\/56.jpg'><img decoding=\"async\" width=\"1024\" height=\"819\" src=\"https:\/\/verohomes.pl\/wp-content\/uploads\/2023\/06\/56-1024x819.jpg\" class=\"attachment-large size-large\" alt=\"Dom 63 m\u00b2\" srcset=\"https:\/\/verohomes.pl\/wp-content\/uploads\/2023\/06\/56-1024x819.jpg 1024w, https:\/\/verohomes.pl\/wp-content\/uploads\/2023\/06\/56-300x240.jpg 300w, https:\/\/verohomes.pl\/wp-content\/uploads\/2023\/06\/56-768x614.jpg 768w, https:\/\/verohomes.pl\/wp-content\/uploads\/2023\/06\/56.jpg 1200w\" sizes=\"(max-width: 1024px) 100vw, 1024px\" \/><\/a>\n\t\t\t<\/div><\/figure><figure class='gallery-item'>\n\t\t\t<div class='gallery-icon landscape'>\n\t\t\t\t<a data-elementor-open-lightbox=\"yes\" data-elementor-lightbox-slideshow=\"2c1880e\" data-elementor-lightbox-title=\"59\" data-e-action-hash=\"#elementor-action%3Aaction%3Dlightbox%26settings%3DeyJpZCI6Nzc5NCwidXJsIjoiaHR0cHM6XC9cL3Zlcm9ob21lcy5wbFwvd3AtY29udGVudFwvdXBsb2Fkc1wvMjAyM1wvMDZcLzU5LmpwZyIsInNsaWRlc2hvdyI6IjJjMTg4MGUifQ%3D%3D\" href='https:\/\/verohomes.pl\/wp-content\/uploads\/2023\/06\/59.jpg'><img loading=\"lazy\" decoding=\"async\" width=\"1024\" height=\"819\" src=\"https:\/\/verohomes.pl\/wp-content\/uploads\/2023\/06\/59-1024x819.jpg\" class=\"attachment-large size-large\" alt=\"Dom 63 m\u00b2\" srcset=\"https:\/\/verohomes.pl\/wp-content\/uploads\/2023\/06\/59-1024x819.jpg 1024w, https:\/\/verohomes.pl\/wp-content\/uploads\/2023\/06\/59-300x240.jpg 300w, https:\/\/verohomes.pl\/wp-content\/uploads\/2023\/06\/59-768x614.jpg 768w, https:\/\/verohomes.pl\/wp-content\/uploads\/2023\/06\/59.jpg 1200w\" sizes=\"(max-width: 1024px) 100vw, 1024px\" \/><\/a>\n\t\t\t<\/div><\/figure><figure class='gallery-item'>\n\t\t\t<div class='gallery-icon landscape'>\n\t\t\t\t<a data-elementor-open-lightbox=\"yes\" data-elementor-lightbox-slideshow=\"2c1880e\" data-elementor-lightbox-title=\"57\" data-e-action-hash=\"#elementor-action%3Aaction%3Dlightbox%26settings%3DeyJpZCI6Nzc4NiwidXJsIjoiaHR0cHM6XC9cL3Zlcm9ob21lcy5wbFwvd3AtY29udGVudFwvdXBsb2Fkc1wvMjAyM1wvMDZcLzU3LmpwZyIsInNsaWRlc2hvdyI6IjJjMTg4MGUifQ%3D%3D\" href='https:\/\/verohomes.pl\/wp-content\/uploads\/2023\/06\/57.jpg'><img loading=\"lazy\" decoding=\"async\" width=\"1024\" height=\"819\" src=\"https:\/\/verohomes.pl\/wp-content\/uploads\/2023\/06\/57-1024x819.jpg\" class=\"attachment-large size-large\" alt=\"Dom 63 m\u00b2\" srcset=\"https:\/\/verohomes.pl\/wp-content\/uploads\/2023\/06\/57-1024x819.jpg 1024w, https:\/\/verohomes.pl\/wp-content\/uploads\/2023\/06\/57-300x240.jpg 300w, https:\/\/verohomes.pl\/wp-content\/uploads\/2023\/06\/57-768x614.jpg 768w, https:\/\/verohomes.pl\/wp-content\/uploads\/2023\/06\/57.jpg 1200w\" sizes=\"(max-width: 1024px) 100vw, 1024px\" \/><\/a>\n\t\t\t<\/div><\/figure><figure class='gallery-item'>\n\t\t\t<div class='gallery-icon landscape'>\n\t\t\t\t<a data-elementor-open-lightbox=\"yes\" data-elementor-lightbox-slideshow=\"2c1880e\" data-elementor-lightbox-title=\"58\" data-e-action-hash=\"#elementor-action%3Aaction%3Dlightbox%26settings%3DeyJpZCI6Nzc5MCwidXJsIjoiaHR0cHM6XC9cL3Zlcm9ob21lcy5wbFwvd3AtY29udGVudFwvdXBsb2Fkc1wvMjAyM1wvMDZcLzU4LmpwZyIsInNsaWRlc2hvdyI6IjJjMTg4MGUifQ%3D%3D\" href='https:\/\/verohomes.pl\/wp-content\/uploads\/2023\/06\/58.jpg'><img loading=\"lazy\" decoding=\"async\" width=\"1024\" height=\"819\" src=\"https:\/\/verohomes.pl\/wp-content\/uploads\/2023\/06\/58-1024x819.jpg\" class=\"attachment-large size-large\" alt=\"Dom 63 m\u00b2\" srcset=\"https:\/\/verohomes.pl\/wp-content\/uploads\/2023\/06\/58-1024x819.jpg 1024w, https:\/\/verohomes.pl\/wp-content\/uploads\/2023\/06\/58-300x240.jpg 300w, https:\/\/verohomes.pl\/wp-content\/uploads\/2023\/06\/58-768x614.jpg 768w, https:\/\/verohomes.pl\/wp-content\/uploads\/2023\/06\/58.jpg 1200w\" sizes=\"(max-width: 1024px) 100vw, 1024px\" \/><\/a>\n\t\t\t<\/div><\/figure><figure class='gallery-item'>\n\t\t\t<div class='gallery-icon landscape'>\n\t\t\t\t<a data-elementor-open-lightbox=\"yes\" data-elementor-lightbox-slideshow=\"2c1880e\" data-elementor-lightbox-title=\"61\" data-e-action-hash=\"#elementor-action%3Aaction%3Dlightbox%26settings%3DeyJpZCI6NzgwMiwidXJsIjoiaHR0cHM6XC9cL3Zlcm9ob21lcy5wbFwvd3AtY29udGVudFwvdXBsb2Fkc1wvMjAyM1wvMDZcLzYxLmpwZyIsInNsaWRlc2hvdyI6IjJjMTg4MGUifQ%3D%3D\" href='https:\/\/verohomes.pl\/wp-content\/uploads\/2023\/06\/61.jpg'><img loading=\"lazy\" decoding=\"async\" width=\"1024\" height=\"819\" src=\"https:\/\/verohomes.pl\/wp-content\/uploads\/2023\/06\/61-1024x819.jpg\" class=\"attachment-large size-large\" alt=\"Dom 63 m\u00b2\" srcset=\"https:\/\/verohomes.pl\/wp-content\/uploads\/2023\/06\/61-1024x819.jpg 1024w, https:\/\/verohomes.pl\/wp-content\/uploads\/2023\/06\/61-300x240.jpg 300w, https:\/\/verohomes.pl\/wp-content\/uploads\/2023\/06\/61-768x614.jpg 768w, https:\/\/verohomes.pl\/wp-content\/uploads\/2023\/06\/61.jpg 1200w\" sizes=\"(max-width: 1024px) 100vw, 1024px\" \/><\/a>\n\t\t\t<\/div><\/figure><figure class='gallery-item'>\n\t\t\t<div class='gallery-icon landscape'>\n\t\t\t\t<a data-elementor-open-lightbox=\"yes\" data-elementor-lightbox-slideshow=\"2c1880e\" data-elementor-lightbox-title=\"63\" data-e-action-hash=\"#elementor-action%3Aaction%3Dlightbox%26settings%3DeyJpZCI6NzgxMCwidXJsIjoiaHR0cHM6XC9cL3Zlcm9ob21lcy5wbFwvd3AtY29udGVudFwvdXBsb2Fkc1wvMjAyM1wvMDZcLzYzLmpwZyIsInNsaWRlc2hvdyI6IjJjMTg4MGUifQ%3D%3D\" href='https:\/\/verohomes.pl\/wp-content\/uploads\/2023\/06\/63.jpg'><img loading=\"lazy\" decoding=\"async\" width=\"1024\" height=\"819\" src=\"https:\/\/verohomes.pl\/wp-content\/uploads\/2023\/06\/63-1024x819.jpg\" class=\"attachment-large size-large\" alt=\"Dom 63 m\u00b2\" srcset=\"https:\/\/verohomes.pl\/wp-content\/uploads\/2023\/06\/63-1024x819.jpg 1024w, https:\/\/verohomes.pl\/wp-content\/uploads\/2023\/06\/63-300x240.jpg 300w, https:\/\/verohomes.pl\/wp-content\/uploads\/2023\/06\/63-768x614.jpg 768w, https:\/\/verohomes.pl\/wp-content\/uploads\/2023\/06\/63.jpg 1200w\" sizes=\"(max-width: 1024px) 100vw, 1024px\" \/><\/a>\n\t\t\t<\/div><\/figure><figure class='gallery-item'>\n\t\t\t<div class='gallery-icon landscape'>\n\t\t\t\t<a data-elementor-open-lightbox=\"yes\" data-elementor-lightbox-slideshow=\"2c1880e\" data-elementor-lightbox-title=\"51\" data-e-action-hash=\"#elementor-action%3Aaction%3Dlightbox%26settings%3DeyJpZCI6Nzc2MiwidXJsIjoiaHR0cHM6XC9cL3Zlcm9ob21lcy5wbFwvd3AtY29udGVudFwvdXBsb2Fkc1wvMjAyM1wvMDZcLzUxLmpwZyIsInNsaWRlc2hvdyI6IjJjMTg4MGUifQ%3D%3D\" href='https:\/\/verohomes.pl\/wp-content\/uploads\/2023\/06\/51.jpg'><img loading=\"lazy\" decoding=\"async\" width=\"1024\" height=\"819\" src=\"https:\/\/verohomes.pl\/wp-content\/uploads\/2023\/06\/51-1024x819.jpg\" class=\"attachment-large size-large\" alt=\"dom bez pozwolenia\" srcset=\"https:\/\/verohomes.pl\/wp-content\/uploads\/2023\/06\/51-1024x819.jpg 1024w, https:\/\/verohomes.pl\/wp-content\/uploads\/2023\/06\/51-300x240.jpg 300w, https:\/\/verohomes.pl\/wp-content\/uploads\/2023\/06\/51-768x614.jpg 768w, https:\/\/verohomes.pl\/wp-content\/uploads\/2023\/06\/51.jpg 1200w\" sizes=\"(max-width: 1024px) 100vw, 1024px\" \/><\/a>\n\t\t\t<\/div><\/figure><figure class='gallery-item'>\n\t\t\t<div class='gallery-icon landscape'>\n\t\t\t\t<a data-elementor-open-lightbox=\"yes\" data-elementor-lightbox-slideshow=\"2c1880e\" data-elementor-lightbox-title=\"53\" data-e-action-hash=\"#elementor-action%3Aaction%3Dlightbox%26settings%3DeyJpZCI6Nzc3MCwidXJsIjoiaHR0cHM6XC9cL3Zlcm9ob21lcy5wbFwvd3AtY29udGVudFwvdXBsb2Fkc1wvMjAyM1wvMDZcLzUzLmpwZyIsInNsaWRlc2hvdyI6IjJjMTg4MGUifQ%3D%3D\" href='https:\/\/verohomes.pl\/wp-content\/uploads\/2023\/06\/53.jpg'><img loading=\"lazy\" decoding=\"async\" width=\"1024\" height=\"819\" src=\"https:\/\/verohomes.pl\/wp-content\/uploads\/2023\/06\/53-1024x819.jpg\" class=\"attachment-large size-large\" alt=\"dom bez pozwolenia\" srcset=\"https:\/\/verohomes.pl\/wp-content\/uploads\/2023\/06\/53-1024x819.jpg 1024w, https:\/\/verohomes.pl\/wp-content\/uploads\/2023\/06\/53-300x240.jpg 300w, https:\/\/verohomes.pl\/wp-content\/uploads\/2023\/06\/53-768x614.jpg 768w, https:\/\/verohomes.pl\/wp-content\/uploads\/2023\/06\/53.jpg 1200w\" sizes=\"(max-width: 1024px) 100vw, 1024px\" \/><\/a>\n\t\t\t<\/div><\/figure>\n\t\t<\/div>\n\t\t<\/div>\n\t\t\t\t\t\t<\/div>\n\t\t\t\t<\/div>\n\t\t\t\t\t<\/div>\n\t\t<\/div>\n\t\t\t\t\t<\/div>\n\t\t<\/section>\n\t\t\t\t<section class=\"elementor-section elementor-top-section elementor-element elementor-element-9d267b9 elementor-section-boxed elementor-section-height-default elementor-section-height-default\" data-id=\"9d267b9\" data-element_type=\"section\" data-e-type=\"section\">\n\t\t\t\t\t\t<div class=\"elementor-container elementor-column-gap-default\">\n\t\t\t\t\t<div class=\"elementor-column elementor-col-100 elementor-top-column elementor-element elementor-element-74a43bd\" data-id=\"74a43bd\" data-element_type=\"column\" data-e-type=\"column\">\n\t\t\t<div class=\"elementor-widget-wrap elementor-element-populated\">\n\t\t\t\t\t\t<div class=\"elementor-element elementor-element-9097346 elementor-widget elementor-widget-heading\" data-id=\"9097346\" data-element_type=\"widget\" data-e-type=\"widget\" data-widget_type=\"heading.default\">\n\t\t\t\t<div class=\"elementor-widget-container\">\n\t\t\t\t\t<h2 class=\"elementor-heading-title elementor-size-default\">Pl\u00e1n domu<\/h2>\t\t\t\t<\/div>\n\t\t\t\t<\/div>\n\t\t\t\t\t<\/div>\n\t\t<\/div>\n\t\t\t\t\t<\/div>\n\t\t<\/section>\n\t\t\t\t<section class=\"elementor-section elementor-top-section elementor-element elementor-element-22a9c27 elementor-section-boxed elementor-section-height-default elementor-section-height-default\" data-id=\"22a9c27\" data-element_type=\"section\" data-e-type=\"section\">\n\t\t\t\t\t\t<div class=\"elementor-container elementor-column-gap-default\">\n\t\t\t\t\t<div class=\"elementor-column elementor-col-100 elementor-top-column elementor-element elementor-element-7322333\" data-id=\"7322333\" data-element_type=\"column\" data-e-type=\"column\">\n\t\t\t<div class=\"elementor-widget-wrap elementor-element-populated\">\n\t\t\t\t\t\t<div class=\"elementor-element elementor-element-57f28b7 elementor-widget elementor-widget-image\" data-id=\"57f28b7\" data-element_type=\"widget\" data-e-type=\"widget\" data-widget_type=\"image.default\">\n\t\t\t\t<div class=\"elementor-widget-container\">\n\t\t\t\t\t\t\t\t\t\t\t\t\t\t\t<img loading=\"lazy\" decoding=\"async\" width=\"1024\" height=\"661\" src=\"https:\/\/verohomes.pl\/wp-content\/uploads\/2023\/08\/kaszuby_rzut-1024x661.jpg\" class=\"attachment-large size-large wp-image-8245\" alt=\"dom\" srcset=\"https:\/\/verohomes.pl\/wp-content\/uploads\/2023\/08\/kaszuby_rzut-1024x661.jpg 1024w, https:\/\/verohomes.pl\/wp-content\/uploads\/2023\/08\/kaszuby_rzut-300x194.jpg 300w, https:\/\/verohomes.pl\/wp-content\/uploads\/2023\/08\/kaszuby_rzut-768x496.jpg 768w, https:\/\/verohomes.pl\/wp-content\/uploads\/2023\/08\/kaszuby_rzut-1536x992.jpg 1536w, https:\/\/verohomes.pl\/wp-content\/uploads\/2023\/08\/kaszuby_rzut-2048x1322.jpg 2048w\" sizes=\"(max-width: 1024px) 100vw, 1024px\" \/>\t\t\t\t\t\t\t\t\t\t\t\t\t\t\t<\/div>\n\t\t\t\t<\/div>\n\t\t\t\t\t<\/div>\n\t\t<\/div>\n\t\t\t\t\t<\/div>\n\t\t<\/section>\n\t\t\t\t<\/div>\n\t\t","protected":false},"excerpt":{"rendered":"<p>D\u016fm v Ka\u0161ubii Galerie Pl\u00e1n domu<\/p>\n","protected":false},"author":2,"featured_media":0,"parent":6475,"menu_order":0,"comment_status":"closed","ping_status":"closed","template":"","meta":{"inline_featured_image":false,"site-sidebar-layout":"no-sidebar","site-content-layout":"page-builder","ast-site-content-layout":"","site-content-style":"default","site-sidebar-style":"default","ast-global-header-display":"","ast-banner-title-visibility":"","ast-main-header-display":"","ast-hfb-above-header-display":"","ast-hfb-below-header-display":"","ast-hfb-mobile-header-display":"","site-post-title":"disabled","ast-breadcrumbs-content":"","ast-featured-img":"disabled","footer-sml-layout":"","theme-transparent-header-meta":"","adv-header-id-meta":"","stick-header-meta":"","header-above-stick-meta":"","header-main-stick-meta":"","header-below-stick-meta":"","astra-migrate-meta-layouts":"","footnotes":""},"class_list":["post-8158","page","type-page","status-publish","hentry"],"_links":{"self":[{"href":"https:\/\/verohomes.pl\/cs\/wp-json\/wp\/v2\/pages\/8158","targetHints":{"allow":["GET"]}}],"collection":[{"href":"https:\/\/verohomes.pl\/cs\/wp-json\/wp\/v2\/pages"}],"about":[{"href":"https:\/\/verohomes.pl\/cs\/wp-json\/wp\/v2\/types\/page"}],"author":[{"embeddable":true,"href":"https:\/\/verohomes.pl\/cs\/wp-json\/wp\/v2\/users\/2"}],"replies":[{"embeddable":true,"href":"https:\/\/verohomes.pl\/cs\/wp-json\/wp\/v2\/comments?post=8158"}],"version-history":[{"count":3,"href":"https:\/\/verohomes.pl\/cs\/wp-json\/wp\/v2\/pages\/8158\/revisions"}],"predecessor-version":[{"id":8289,"href":"https:\/\/verohomes.pl\/cs\/wp-json\/wp\/v2\/pages\/8158\/revisions\/8289"}],"up":[{"embeddable":true,"href":"https:\/\/verohomes.pl\/cs\/wp-json\/wp\/v2\/pages\/6475"}],"wp:attachment":[{"href":"https:\/\/verohomes.pl\/cs\/wp-json\/wp\/v2\/media?parent=8158"}],"curies":[{"name":"wp","href":"https:\/\/api.w.org\/{rel}","templated":true}]}}