{"id":6531,"date":"2023-03-21T13:38:17","date_gmt":"2023-03-21T12:38:17","guid":{"rendered":"https:\/\/verohomes.pl\/realizace\/dum-48-m%c2%b2-salvejovy\/"},"modified":"2025-10-23T13:35:48","modified_gmt":"2025-10-23T11:35:48","slug":"dum-48-m2-salvejovy","status":"publish","type":"page","link":"https:\/\/verohomes.pl\/cs\/realizace\/dum-48-m2-salvejovy\/","title":{"rendered":"D\u016fm 48 m\u00b2 \u0161alv\u011bjov\u00fd"},"content":{"rendered":"\t\t<div data-elementor-type=\"wp-page\" data-elementor-id=\"6531\" class=\"elementor elementor-6531 elementor-6516\" data-elementor-post-type=\"page\">\n\t\t\t\t\t\t<section class=\"elementor-section elementor-top-section elementor-element elementor-element-09b2a8e elementor-section-boxed elementor-section-height-default elementor-section-height-default\" data-id=\"09b2a8e\" data-element_type=\"section\" data-e-type=\"section\">\n\t\t\t\t\t\t<div class=\"elementor-container elementor-column-gap-no\">\n\t\t\t\t\t<div class=\"elementor-column elementor-col-100 elementor-top-column elementor-element elementor-element-23be989\" data-id=\"23be989\" data-element_type=\"column\" data-e-type=\"column\">\n\t\t\t<div class=\"elementor-widget-wrap elementor-element-populated\">\n\t\t\t\t\t\t<div class=\"elementor-element elementor-element-b473073 elementor-absolute elementor-widget elementor-widget-heading\" data-id=\"b473073\" data-element_type=\"widget\" data-e-type=\"widget\" data-settings=\"{&quot;_position&quot;:&quot;absolute&quot;}\" data-widget_type=\"heading.default\">\n\t\t\t\t<div class=\"elementor-widget-container\">\n\t\t\t\t\t<span class=\"elementor-heading-title elementor-size-default\">D\u016fm \u0161alv\u011bjov\u00fd<\/span>\t\t\t\t<\/div>\n\t\t\t\t<\/div>\n\t\t\t\t<div class=\"elementor-element elementor-element-9031c60 elementor-widget elementor-widget-heading\" data-id=\"9031c60\" data-element_type=\"widget\" data-e-type=\"widget\" data-widget_type=\"heading.default\">\n\t\t\t\t<div class=\"elementor-widget-container\">\n\t\t\t\t\t<h2 class=\"elementor-heading-title elementor-size-default\">D\u016fm 48 m\u00b2 \u0161alv\u011bjov\u00fd<\/h2>\t\t\t\t<\/div>\n\t\t\t\t<\/div>\n\t\t\t\t\t<\/div>\n\t\t<\/div>\n\t\t\t\t\t<\/div>\n\t\t<\/section>\n\t\t\t\t<section class=\"elementor-section elementor-top-section elementor-element elementor-element-4566621 elementor-section-content-middle elementor-section-full_width elementor-section-height-default elementor-section-height-default\" data-id=\"4566621\" data-element_type=\"section\" data-e-type=\"section\" data-settings=\"{&quot;background_background&quot;:&quot;classic&quot;}\">\n\t\t\t\t\t\t<div class=\"elementor-container elementor-column-gap-no\">\n\t\t\t\t\t<div class=\"elementor-column elementor-col-100 elementor-top-column elementor-element elementor-element-0b0d5d4\" data-id=\"0b0d5d4\" data-element_type=\"column\" data-e-type=\"column\">\n\t\t\t<div class=\"elementor-widget-wrap elementor-element-populated\">\n\t\t\t\t\t\t<div class=\"elementor-element elementor-element-0527529 elementor-widget elementor-widget-image\" data-id=\"0527529\" data-element_type=\"widget\" data-e-type=\"widget\" data-widget_type=\"image.default\">\n\t\t\t\t<div class=\"elementor-widget-container\">\n\t\t\t\t\t\t\t\t\t\t\t\t\t\t\t<img fetchpriority=\"high\" decoding=\"async\" width=\"1200\" height=\"960\" src=\"https:\/\/verohomes.pl\/wp-content\/uploads\/2023\/03\/26.jpg\" class=\"attachment-full size-full wp-image-6324\" alt=\"domy mobilne ca\u0142oroczne\" srcset=\"https:\/\/verohomes.pl\/wp-content\/uploads\/2023\/03\/26.jpg 1200w, https:\/\/verohomes.pl\/wp-content\/uploads\/2023\/03\/26-300x240.jpg 300w, https:\/\/verohomes.pl\/wp-content\/uploads\/2023\/03\/26-1024x819.jpg 1024w, https:\/\/verohomes.pl\/wp-content\/uploads\/2023\/03\/26-768x614.jpg 768w\" sizes=\"(max-width: 1200px) 100vw, 1200px\" \/>\t\t\t\t\t\t\t\t\t\t\t\t\t\t\t<\/div>\n\t\t\t\t<\/div>\n\t\t\t\t\t<\/div>\n\t\t<\/div>\n\t\t\t\t\t<\/div>\n\t\t<\/section>\n\t\t\t\t<section class=\"elementor-section elementor-top-section elementor-element elementor-element-a304e2e elementor-section-boxed elementor-section-height-default elementor-section-height-default\" data-id=\"a304e2e\" data-element_type=\"section\" data-e-type=\"section\">\n\t\t\t\t\t\t<div class=\"elementor-container elementor-column-gap-default\">\n\t\t\t\t\t<div class=\"elementor-column elementor-col-100 elementor-top-column elementor-element elementor-element-7e4b227\" data-id=\"7e4b227\" data-element_type=\"column\" data-e-type=\"column\">\n\t\t\t<div class=\"elementor-widget-wrap elementor-element-populated\">\n\t\t\t\t\t\t<div class=\"elementor-element elementor-element-5300f3a elementor-widget elementor-widget-heading\" data-id=\"5300f3a\" data-element_type=\"widget\" data-e-type=\"widget\" data-widget_type=\"heading.default\">\n\t\t\t\t<div class=\"elementor-widget-container\">\n\t\t\t\t\t<h2 class=\"elementor-heading-title elementor-size-default\">Galerie<\/h2>\t\t\t\t<\/div>\n\t\t\t\t<\/div>\n\t\t\t\t\t<\/div>\n\t\t<\/div>\n\t\t\t\t\t<\/div>\n\t\t<\/section>\n\t\t\t\t<section class=\"elementor-section elementor-top-section elementor-element elementor-element-7282617 elementor-section-boxed elementor-section-height-default elementor-section-height-default\" data-id=\"7282617\" data-element_type=\"section\" data-e-type=\"section\">\n\t\t\t\t\t\t<div class=\"elementor-container elementor-column-gap-default\">\n\t\t\t\t\t<div class=\"elementor-column elementor-col-100 elementor-top-column elementor-element elementor-element-bb9734d\" data-id=\"bb9734d\" data-element_type=\"column\" data-e-type=\"column\">\n\t\t\t<div class=\"elementor-widget-wrap elementor-element-populated\">\n\t\t\t\t\t\t<div class=\"elementor-element elementor-element-5afb30e gallery-spacing-custom elementor-widget elementor-widget-image-gallery\" data-id=\"5afb30e\" data-element_type=\"widget\" data-e-type=\"widget\" data-widget_type=\"image-gallery.default\">\n\t\t\t\t<div class=\"elementor-widget-container\">\n\t\t\t\t\t\t\t<div class=\"elementor-image-gallery\">\n\t\t\t<div id='gallery-1' class='gallery galleryid-6531 gallery-columns-3 gallery-size-large'><figure class='gallery-item'>\n\t\t\t<div class='gallery-icon landscape'>\n\t\t\t\t<a data-elementor-open-lightbox=\"yes\" data-elementor-lightbox-slideshow=\"5afb30e\" data-elementor-lightbox-title=\"20\" data-e-action-hash=\"#elementor-action%3Aaction%3Dlightbox%26settings%3DeyJpZCI6NjI4NSwidXJsIjoiaHR0cHM6XC9cL3Zlcm9ob21lcy5wbFwvd3AtY29udGVudFwvdXBsb2Fkc1wvMjAyM1wvMDNcLzIwLmpwZyIsInNsaWRlc2hvdyI6IjVhZmIzMGUifQ%3D%3D\" href='https:\/\/verohomes.pl\/wp-content\/uploads\/2023\/03\/20.jpg'><img decoding=\"async\" width=\"1024\" height=\"819\" src=\"https:\/\/verohomes.pl\/wp-content\/uploads\/2023\/03\/20-1024x819.jpg\" class=\"attachment-large size-large\" alt=\"domki mobilne ca\u0142oroczne\" srcset=\"https:\/\/verohomes.pl\/wp-content\/uploads\/2023\/03\/20-1024x819.jpg 1024w, https:\/\/verohomes.pl\/wp-content\/uploads\/2023\/03\/20-300x240.jpg 300w, https:\/\/verohomes.pl\/wp-content\/uploads\/2023\/03\/20-768x614.jpg 768w, https:\/\/verohomes.pl\/wp-content\/uploads\/2023\/03\/20.jpg 1200w\" sizes=\"(max-width: 1024px) 100vw, 1024px\" \/><\/a>\n\t\t\t<\/div><\/figure><figure class='gallery-item'>\n\t\t\t<div class='gallery-icon landscape'>\n\t\t\t\t<a data-elementor-open-lightbox=\"yes\" data-elementor-lightbox-slideshow=\"5afb30e\" data-elementor-lightbox-title=\"31\" data-e-action-hash=\"#elementor-action%3Aaction%3Dlightbox%26settings%3DeyJpZCI6NjMwNiwidXJsIjoiaHR0cHM6XC9cL3Zlcm9ob21lcy5wbFwvd3AtY29udGVudFwvdXBsb2Fkc1wvMjAyM1wvMDNcLzMxLmpwZyIsInNsaWRlc2hvdyI6IjVhZmIzMGUifQ%3D%3D\" href='https:\/\/verohomes.pl\/wp-content\/uploads\/2023\/03\/31.jpg'><img decoding=\"async\" width=\"1024\" height=\"819\" src=\"https:\/\/verohomes.pl\/wp-content\/uploads\/2023\/03\/31-1024x819.jpg\" class=\"attachment-large size-large\" alt=\"domki mobilne ca\u0142oroczne\" srcset=\"https:\/\/verohomes.pl\/wp-content\/uploads\/2023\/03\/31-1024x819.jpg 1024w, https:\/\/verohomes.pl\/wp-content\/uploads\/2023\/03\/31-300x240.jpg 300w, https:\/\/verohomes.pl\/wp-content\/uploads\/2023\/03\/31-768x614.jpg 768w, https:\/\/verohomes.pl\/wp-content\/uploads\/2023\/03\/31.jpg 1200w\" sizes=\"(max-width: 1024px) 100vw, 1024px\" \/><\/a>\n\t\t\t<\/div><\/figure><figure class='gallery-item'>\n\t\t\t<div class='gallery-icon landscape'>\n\t\t\t\t<a data-elementor-open-lightbox=\"yes\" data-elementor-lightbox-slideshow=\"5afb30e\" data-elementor-lightbox-title=\"29\" data-e-action-hash=\"#elementor-action%3Aaction%3Dlightbox%26settings%3DeyJpZCI6NjMwMywidXJsIjoiaHR0cHM6XC9cL3Zlcm9ob21lcy5wbFwvd3AtY29udGVudFwvdXBsb2Fkc1wvMjAyM1wvMDNcLzI5LmpwZyIsInNsaWRlc2hvdyI6IjVhZmIzMGUifQ%3D%3D\" href='https:\/\/verohomes.pl\/wp-content\/uploads\/2023\/03\/29.jpg'><img loading=\"lazy\" decoding=\"async\" width=\"1024\" height=\"819\" src=\"https:\/\/verohomes.pl\/wp-content\/uploads\/2023\/03\/29-1024x819.jpg\" class=\"attachment-large size-large\" alt=\"domki mobilne ca\u0142oroczne\" srcset=\"https:\/\/verohomes.pl\/wp-content\/uploads\/2023\/03\/29-1024x819.jpg 1024w, https:\/\/verohomes.pl\/wp-content\/uploads\/2023\/03\/29-300x240.jpg 300w, https:\/\/verohomes.pl\/wp-content\/uploads\/2023\/03\/29-768x614.jpg 768w, https:\/\/verohomes.pl\/wp-content\/uploads\/2023\/03\/29.jpg 1200w\" sizes=\"(max-width: 1024px) 100vw, 1024px\" \/><\/a>\n\t\t\t<\/div><\/figure><figure class='gallery-item'>\n\t\t\t<div class='gallery-icon landscape'>\n\t\t\t\t<a data-elementor-open-lightbox=\"yes\" data-elementor-lightbox-slideshow=\"5afb30e\" data-elementor-lightbox-title=\"22\" data-e-action-hash=\"#elementor-action%3Aaction%3Dlightbox%26settings%3DeyJpZCI6NjI5MSwidXJsIjoiaHR0cHM6XC9cL3Zlcm9ob21lcy5wbFwvd3AtY29udGVudFwvdXBsb2Fkc1wvMjAyM1wvMDNcLzIyLmpwZyIsInNsaWRlc2hvdyI6IjVhZmIzMGUifQ%3D%3D\" href='https:\/\/verohomes.pl\/wp-content\/uploads\/2023\/03\/22.jpg'><img loading=\"lazy\" decoding=\"async\" width=\"1024\" height=\"819\" src=\"https:\/\/verohomes.pl\/wp-content\/uploads\/2023\/03\/22-1024x819.jpg\" class=\"attachment-large size-large\" alt=\"domki mobilne ca\u0142oroczne\" srcset=\"https:\/\/verohomes.pl\/wp-content\/uploads\/2023\/03\/22-1024x819.jpg 1024w, https:\/\/verohomes.pl\/wp-content\/uploads\/2023\/03\/22-300x240.jpg 300w, https:\/\/verohomes.pl\/wp-content\/uploads\/2023\/03\/22-768x614.jpg 768w, https:\/\/verohomes.pl\/wp-content\/uploads\/2023\/03\/22.jpg 1200w\" sizes=\"(max-width: 1024px) 100vw, 1024px\" \/><\/a>\n\t\t\t<\/div><\/figure><figure class='gallery-item'>\n\t\t\t<div class='gallery-icon landscape'>\n\t\t\t\t<a data-elementor-open-lightbox=\"yes\" data-elementor-lightbox-slideshow=\"5afb30e\" data-elementor-lightbox-title=\"25\" data-e-action-hash=\"#elementor-action%3Aaction%3Dlightbox%26settings%3DeyJpZCI6NjI5NCwidXJsIjoiaHR0cHM6XC9cL3Zlcm9ob21lcy5wbFwvd3AtY29udGVudFwvdXBsb2Fkc1wvMjAyM1wvMDNcLzI1LmpwZyIsInNsaWRlc2hvdyI6IjVhZmIzMGUifQ%3D%3D\" href='https:\/\/verohomes.pl\/wp-content\/uploads\/2023\/03\/25.jpg'><img loading=\"lazy\" decoding=\"async\" width=\"1024\" height=\"819\" src=\"https:\/\/verohomes.pl\/wp-content\/uploads\/2023\/03\/25-1024x819.jpg\" class=\"attachment-large size-large\" alt=\"domki mobilne ca\u0142oroczne\" srcset=\"https:\/\/verohomes.pl\/wp-content\/uploads\/2023\/03\/25-1024x819.jpg 1024w, https:\/\/verohomes.pl\/wp-content\/uploads\/2023\/03\/25-300x240.jpg 300w, https:\/\/verohomes.pl\/wp-content\/uploads\/2023\/03\/25-768x614.jpg 768w, https:\/\/verohomes.pl\/wp-content\/uploads\/2023\/03\/25.jpg 1200w\" sizes=\"(max-width: 1024px) 100vw, 1024px\" \/><\/a>\n\t\t\t<\/div><\/figure><figure class='gallery-item'>\n\t\t\t<div class='gallery-icon landscape'>\n\t\t\t\t<a data-elementor-open-lightbox=\"yes\" data-elementor-lightbox-slideshow=\"5afb30e\" data-elementor-lightbox-title=\"21\" data-e-action-hash=\"#elementor-action%3Aaction%3Dlightbox%26settings%3DeyJpZCI6NjI4OCwidXJsIjoiaHR0cHM6XC9cL3Zlcm9ob21lcy5wbFwvd3AtY29udGVudFwvdXBsb2Fkc1wvMjAyM1wvMDNcLzIxLmpwZyIsInNsaWRlc2hvdyI6IjVhZmIzMGUifQ%3D%3D\" href='https:\/\/verohomes.pl\/wp-content\/uploads\/2023\/03\/21.jpg'><img loading=\"lazy\" decoding=\"async\" width=\"1024\" height=\"819\" src=\"https:\/\/verohomes.pl\/wp-content\/uploads\/2023\/03\/21-1024x819.jpg\" class=\"attachment-large size-large\" alt=\"domki mobilne ca\u0142oroczne\" srcset=\"https:\/\/verohomes.pl\/wp-content\/uploads\/2023\/03\/21-1024x819.jpg 1024w, https:\/\/verohomes.pl\/wp-content\/uploads\/2023\/03\/21-300x240.jpg 300w, https:\/\/verohomes.pl\/wp-content\/uploads\/2023\/03\/21-768x614.jpg 768w, https:\/\/verohomes.pl\/wp-content\/uploads\/2023\/03\/21.jpg 1200w\" sizes=\"(max-width: 1024px) 100vw, 1024px\" \/><\/a>\n\t\t\t<\/div><\/figure><figure class='gallery-item'>\n\t\t\t<div class='gallery-icon landscape'>\n\t\t\t\t<a data-elementor-open-lightbox=\"yes\" data-elementor-lightbox-slideshow=\"5afb30e\" data-elementor-lightbox-title=\"27\" data-e-action-hash=\"#elementor-action%3Aaction%3Dlightbox%26settings%3DeyJpZCI6NjI5NywidXJsIjoiaHR0cHM6XC9cL3Zlcm9ob21lcy5wbFwvd3AtY29udGVudFwvdXBsb2Fkc1wvMjAyM1wvMDNcLzI3LmpwZyIsInNsaWRlc2hvdyI6IjVhZmIzMGUifQ%3D%3D\" href='https:\/\/verohomes.pl\/wp-content\/uploads\/2023\/03\/27.jpg'><img loading=\"lazy\" decoding=\"async\" width=\"1024\" height=\"819\" src=\"https:\/\/verohomes.pl\/wp-content\/uploads\/2023\/03\/27-1024x819.jpg\" class=\"attachment-large size-large\" alt=\"domki mobilne ca\u0142oroczne\" srcset=\"https:\/\/verohomes.pl\/wp-content\/uploads\/2023\/03\/27-1024x819.jpg 1024w, https:\/\/verohomes.pl\/wp-content\/uploads\/2023\/03\/27-300x240.jpg 300w, https:\/\/verohomes.pl\/wp-content\/uploads\/2023\/03\/27-768x614.jpg 768w, https:\/\/verohomes.pl\/wp-content\/uploads\/2023\/03\/27.jpg 1200w\" sizes=\"(max-width: 1024px) 100vw, 1024px\" \/><\/a>\n\t\t\t<\/div><\/figure><figure class='gallery-item'>\n\t\t\t<div class='gallery-icon landscape'>\n\t\t\t\t<a data-elementor-open-lightbox=\"yes\" data-elementor-lightbox-slideshow=\"5afb30e\" data-elementor-lightbox-title=\"28\" data-e-action-hash=\"#elementor-action%3Aaction%3Dlightbox%26settings%3DeyJpZCI6NjMwMCwidXJsIjoiaHR0cHM6XC9cL3Zlcm9ob21lcy5wbFwvd3AtY29udGVudFwvdXBsb2Fkc1wvMjAyM1wvMDNcLzI4LmpwZyIsInNsaWRlc2hvdyI6IjVhZmIzMGUifQ%3D%3D\" href='https:\/\/verohomes.pl\/wp-content\/uploads\/2023\/03\/28.jpg'><img loading=\"lazy\" decoding=\"async\" width=\"1024\" height=\"819\" src=\"https:\/\/verohomes.pl\/wp-content\/uploads\/2023\/03\/28-1024x819.jpg\" class=\"attachment-large size-large\" alt=\"domki mobilne ca\u0142oroczne\" srcset=\"https:\/\/verohomes.pl\/wp-content\/uploads\/2023\/03\/28-1024x819.jpg 1024w, https:\/\/verohomes.pl\/wp-content\/uploads\/2023\/03\/28-300x240.jpg 300w, https:\/\/verohomes.pl\/wp-content\/uploads\/2023\/03\/28-768x614.jpg 768w, https:\/\/verohomes.pl\/wp-content\/uploads\/2023\/03\/28.jpg 1200w\" sizes=\"(max-width: 1024px) 100vw, 1024px\" \/><\/a>\n\t\t\t<\/div><\/figure><figure class='gallery-item'>\n\t\t\t<div class='gallery-icon landscape'>\n\t\t\t\t<a data-elementor-open-lightbox=\"yes\" data-elementor-lightbox-slideshow=\"5afb30e\" data-elementor-lightbox-title=\"41\" data-e-action-hash=\"#elementor-action%3Aaction%3Dlightbox%26settings%3DeyJpZCI6NjMyMSwidXJsIjoiaHR0cHM6XC9cL3Zlcm9ob21lcy5wbFwvd3AtY29udGVudFwvdXBsb2Fkc1wvMjAyM1wvMDNcLzQxLmpwZyIsInNsaWRlc2hvdyI6IjVhZmIzMGUifQ%3D%3D\" href='https:\/\/verohomes.pl\/wp-content\/uploads\/2023\/03\/41.jpg'><img loading=\"lazy\" decoding=\"async\" width=\"1024\" height=\"819\" src=\"https:\/\/verohomes.pl\/wp-content\/uploads\/2023\/03\/41-1024x819.jpg\" class=\"attachment-large size-large\" alt=\"domy mobilne ca\u0142oroczne\" srcset=\"https:\/\/verohomes.pl\/wp-content\/uploads\/2023\/03\/41-1024x819.jpg 1024w, https:\/\/verohomes.pl\/wp-content\/uploads\/2023\/03\/41-300x240.jpg 300w, https:\/\/verohomes.pl\/wp-content\/uploads\/2023\/03\/41-768x614.jpg 768w, https:\/\/verohomes.pl\/wp-content\/uploads\/2023\/03\/41.jpg 1200w\" sizes=\"(max-width: 1024px) 100vw, 1024px\" \/><\/a>\n\t\t\t<\/div><\/figure><figure class='gallery-item'>\n\t\t\t<div class='gallery-icon landscape'>\n\t\t\t\t<a data-elementor-open-lightbox=\"yes\" data-elementor-lightbox-slideshow=\"5afb30e\" data-elementor-lightbox-title=\"37\" data-e-action-hash=\"#elementor-action%3Aaction%3Dlightbox%26settings%3DeyJpZCI6NjMxNSwidXJsIjoiaHR0cHM6XC9cL3Zlcm9ob21lcy5wbFwvd3AtY29udGVudFwvdXBsb2Fkc1wvMjAyM1wvMDNcLzM3LmpwZyIsInNsaWRlc2hvdyI6IjVhZmIzMGUifQ%3D%3D\" href='https:\/\/verohomes.pl\/wp-content\/uploads\/2023\/03\/37.jpg'><img loading=\"lazy\" decoding=\"async\" width=\"1024\" height=\"819\" src=\"https:\/\/verohomes.pl\/wp-content\/uploads\/2023\/03\/37-1024x819.jpg\" class=\"attachment-large size-large\" alt=\"domy mobilne ca\u0142oroczne\" srcset=\"https:\/\/verohomes.pl\/wp-content\/uploads\/2023\/03\/37-1024x819.jpg 1024w, https:\/\/verohomes.pl\/wp-content\/uploads\/2023\/03\/37-300x240.jpg 300w, https:\/\/verohomes.pl\/wp-content\/uploads\/2023\/03\/37-768x614.jpg 768w, https:\/\/verohomes.pl\/wp-content\/uploads\/2023\/03\/37.jpg 1200w\" sizes=\"(max-width: 1024px) 100vw, 1024px\" \/><\/a>\n\t\t\t<\/div><\/figure><figure class='gallery-item'>\n\t\t\t<div class='gallery-icon landscape'>\n\t\t\t\t<a data-elementor-open-lightbox=\"yes\" data-elementor-lightbox-slideshow=\"5afb30e\" data-elementor-lightbox-title=\"36\" data-e-action-hash=\"#elementor-action%3Aaction%3Dlightbox%26settings%3DeyJpZCI6NjMxMiwidXJsIjoiaHR0cHM6XC9cL3Zlcm9ob21lcy5wbFwvd3AtY29udGVudFwvdXBsb2Fkc1wvMjAyM1wvMDNcLzM2LmpwZyIsInNsaWRlc2hvdyI6IjVhZmIzMGUifQ%3D%3D\" href='https:\/\/verohomes.pl\/wp-content\/uploads\/2023\/03\/36.jpg'><img loading=\"lazy\" decoding=\"async\" width=\"1024\" height=\"819\" src=\"https:\/\/verohomes.pl\/wp-content\/uploads\/2023\/03\/36-1024x819.jpg\" class=\"attachment-large size-large\" alt=\"domki mobilne ca\u0142oroczne\" srcset=\"https:\/\/verohomes.pl\/wp-content\/uploads\/2023\/03\/36-1024x819.jpg 1024w, https:\/\/verohomes.pl\/wp-content\/uploads\/2023\/03\/36-300x240.jpg 300w, https:\/\/verohomes.pl\/wp-content\/uploads\/2023\/03\/36-768x614.jpg 768w, https:\/\/verohomes.pl\/wp-content\/uploads\/2023\/03\/36.jpg 1200w\" sizes=\"(max-width: 1024px) 100vw, 1024px\" \/><\/a>\n\t\t\t<\/div><\/figure><figure class='gallery-item'>\n\t\t\t<div class='gallery-icon landscape'>\n\t\t\t\t<a data-elementor-open-lightbox=\"yes\" data-elementor-lightbox-slideshow=\"5afb30e\" data-elementor-lightbox-title=\"33\" data-e-action-hash=\"#elementor-action%3Aaction%3Dlightbox%26settings%3DeyJpZCI6NjMwOSwidXJsIjoiaHR0cHM6XC9cL3Zlcm9ob21lcy5wbFwvd3AtY29udGVudFwvdXBsb2Fkc1wvMjAyM1wvMDNcLzMzLmpwZyIsInNsaWRlc2hvdyI6IjVhZmIzMGUifQ%3D%3D\" href='https:\/\/verohomes.pl\/wp-content\/uploads\/2023\/03\/33.jpg'><img loading=\"lazy\" decoding=\"async\" width=\"1024\" height=\"819\" src=\"https:\/\/verohomes.pl\/wp-content\/uploads\/2023\/03\/33-1024x819.jpg\" class=\"attachment-large size-large\" alt=\"domki mobilne ca\u0142oroczne\" srcset=\"https:\/\/verohomes.pl\/wp-content\/uploads\/2023\/03\/33-1024x819.jpg 1024w, https:\/\/verohomes.pl\/wp-content\/uploads\/2023\/03\/33-300x240.jpg 300w, https:\/\/verohomes.pl\/wp-content\/uploads\/2023\/03\/33-768x614.jpg 768w, https:\/\/verohomes.pl\/wp-content\/uploads\/2023\/03\/33.jpg 1200w\" sizes=\"(max-width: 1024px) 100vw, 1024px\" \/><\/a>\n\t\t\t<\/div><\/figure>\n\t\t<\/div>\n\t\t<\/div>\n\t\t\t\t\t\t<\/div>\n\t\t\t\t<\/div>\n\t\t\t\t\t<\/div>\n\t\t<\/div>\n\t\t\t\t\t<\/div>\n\t\t<\/section>\n\t\t\t\t<section class=\"elementor-section elementor-top-section elementor-element elementor-element-17b03e6 elementor-section-boxed elementor-section-height-default elementor-section-height-default\" data-id=\"17b03e6\" data-element_type=\"section\" data-e-type=\"section\">\n\t\t\t\t\t\t<div class=\"elementor-container elementor-column-gap-default\">\n\t\t\t\t\t<div class=\"elementor-column elementor-col-100 elementor-top-column elementor-element elementor-element-af3f2e0\" data-id=\"af3f2e0\" data-element_type=\"column\" data-e-type=\"column\">\n\t\t\t<div class=\"elementor-widget-wrap elementor-element-populated\">\n\t\t\t\t\t\t<div class=\"elementor-element elementor-element-2129c73 elementor-widget elementor-widget-heading\" data-id=\"2129c73\" data-element_type=\"widget\" data-e-type=\"widget\" data-widget_type=\"heading.default\">\n\t\t\t\t<div class=\"elementor-widget-container\">\n\t\t\t\t\t<h2 class=\"elementor-heading-title elementor-size-default\">Pl\u00e1n domu<\/h2>\t\t\t\t<\/div>\n\t\t\t\t<\/div>\n\t\t\t\t\t<\/div>\n\t\t<\/div>\n\t\t\t\t\t<\/div>\n\t\t<\/section>\n\t\t\t\t<section class=\"elementor-section elementor-top-section elementor-element elementor-element-4c866ee elementor-section-boxed elementor-section-height-default elementor-section-height-default\" data-id=\"4c866ee\" data-element_type=\"section\" data-e-type=\"section\">\n\t\t\t\t\t\t<div class=\"elementor-container elementor-column-gap-default\">\n\t\t\t\t\t<div class=\"elementor-column elementor-col-100 elementor-top-column elementor-element elementor-element-c9cb133\" data-id=\"c9cb133\" data-element_type=\"column\" data-e-type=\"column\">\n\t\t\t<div class=\"elementor-widget-wrap elementor-element-populated\">\n\t\t\t\t\t\t<div class=\"elementor-element elementor-element-d5e6eea elementor-widget elementor-widget-image\" data-id=\"d5e6eea\" data-element_type=\"widget\" data-e-type=\"widget\" data-widget_type=\"image.default\">\n\t\t\t\t<div class=\"elementor-widget-container\">\n\t\t\t\t\t\t\t\t\t\t\t\t\t\t\t<img loading=\"lazy\" decoding=\"async\" width=\"1024\" height=\"489\" src=\"https:\/\/verohomes.pl\/wp-content\/uploads\/2024\/01\/rzut-dom-szalwiowy-1024x489.jpg\" class=\"attachment-large size-large wp-image-9565\" alt=\"ekodom\" srcset=\"https:\/\/verohomes.pl\/wp-content\/uploads\/2024\/01\/rzut-dom-szalwiowy-1024x489.jpg 1024w, https:\/\/verohomes.pl\/wp-content\/uploads\/2024\/01\/rzut-dom-szalwiowy-300x143.jpg 300w, https:\/\/verohomes.pl\/wp-content\/uploads\/2024\/01\/rzut-dom-szalwiowy-768x367.jpg 768w, https:\/\/verohomes.pl\/wp-content\/uploads\/2024\/01\/rzut-dom-szalwiowy.jpg 1200w\" sizes=\"(max-width: 1024px) 100vw, 1024px\" \/>\t\t\t\t\t\t\t\t\t\t\t\t\t\t\t<\/div>\n\t\t\t\t<\/div>\n\t\t\t\t\t<\/div>\n\t\t<\/div>\n\t\t\t\t\t<\/div>\n\t\t<\/section>\n\t\t\t\t<\/div>\n\t\t","protected":false},"excerpt":{"rendered":"<p>D\u016fm \u0161alv\u011bjov\u00fd D\u016fm 48 m\u00b2 \u0161alv\u011bjov\u00fd Galerie Pl\u00e1n domu<\/p>\n","protected":false},"author":2,"featured_media":0,"parent":6475,"menu_order":0,"comment_status":"closed","ping_status":"closed","template":"","meta":{"inline_featured_image":false,"site-sidebar-layout":"no-sidebar","site-content-layout":"page-builder","ast-site-content-layout":"","site-content-style":"default","site-sidebar-style":"default","ast-global-header-display":"","ast-banner-title-visibility":"","ast-main-header-display":"","ast-hfb-above-header-display":"","ast-hfb-below-header-display":"","ast-hfb-mobile-header-display":"","site-post-title":"disabled","ast-breadcrumbs-content":"","ast-featured-img":"disabled","footer-sml-layout":"","theme-transparent-header-meta":"","adv-header-id-meta":"","stick-header-meta":"","header-above-stick-meta":"","header-main-stick-meta":"","header-below-stick-meta":"","astra-migrate-meta-layouts":"","footnotes":""},"class_list":["post-6531","page","type-page","status-publish","hentry"],"_links":{"self":[{"href":"https:\/\/verohomes.pl\/cs\/wp-json\/wp\/v2\/pages\/6531","targetHints":{"allow":["GET"]}}],"collection":[{"href":"https:\/\/verohomes.pl\/cs\/wp-json\/wp\/v2\/pages"}],"about":[{"href":"https:\/\/verohomes.pl\/cs\/wp-json\/wp\/v2\/types\/page"}],"author":[{"embeddable":true,"href":"https:\/\/verohomes.pl\/cs\/wp-json\/wp\/v2\/users\/2"}],"replies":[{"embeddable":true,"href":"https:\/\/verohomes.pl\/cs\/wp-json\/wp\/v2\/comments?post=6531"}],"version-history":[{"count":8,"href":"https:\/\/verohomes.pl\/cs\/wp-json\/wp\/v2\/pages\/6531\/revisions"}],"predecessor-version":[{"id":9667,"href":"https:\/\/verohomes.pl\/cs\/wp-json\/wp\/v2\/pages\/6531\/revisions\/9667"}],"up":[{"embeddable":true,"href":"https:\/\/verohomes.pl\/cs\/wp-json\/wp\/v2\/pages\/6475"}],"wp:attachment":[{"href":"https:\/\/verohomes.pl\/cs\/wp-json\/wp\/v2\/media?parent=6531"}],"curies":[{"name":"wp","href":"https:\/\/api.w.org\/{rel}","templated":true}]}}