{"id":6495,"date":"2023-01-23T14:21:04","date_gmt":"2023-01-23T13:21:04","guid":{"rendered":"https:\/\/verohomes.pl\/realizace\/dum-48-m%c2%b2-sivy\/"},"modified":"2025-10-23T13:35:59","modified_gmt":"2025-10-23T11:35:59","slug":"dum-48-m2-sivy","status":"publish","type":"page","link":"https:\/\/verohomes.pl\/cs\/realizace\/dum-48-m2-sivy\/","title":{"rendered":"D\u016fm 48 m\u00b2 siv\u00fd"},"content":{"rendered":"\t\t<div data-elementor-type=\"wp-page\" data-elementor-id=\"6495\" class=\"elementor elementor-6495 elementor-3647\" data-elementor-post-type=\"page\">\n\t\t\t\t\t\t<section class=\"elementor-section elementor-top-section elementor-element elementor-element-09b2a8e elementor-section-boxed elementor-section-height-default elementor-section-height-default\" data-id=\"09b2a8e\" data-element_type=\"section\" data-e-type=\"section\">\n\t\t\t\t\t\t<div class=\"elementor-container elementor-column-gap-no\">\n\t\t\t\t\t<div class=\"elementor-column elementor-col-100 elementor-top-column elementor-element elementor-element-23be989\" data-id=\"23be989\" data-element_type=\"column\" data-e-type=\"column\">\n\t\t\t<div class=\"elementor-widget-wrap elementor-element-populated\">\n\t\t\t\t\t\t<div class=\"elementor-element elementor-element-b473073 elementor-absolute elementor-widget elementor-widget-heading\" data-id=\"b473073\" data-element_type=\"widget\" data-e-type=\"widget\" data-settings=\"{&quot;_position&quot;:&quot;absolute&quot;}\" data-widget_type=\"heading.default\">\n\t\t\t\t<div class=\"elementor-widget-container\">\n\t\t\t\t\t<span class=\"elementor-heading-title elementor-size-default\">D\u016fm siv\u00fd<\/span>\t\t\t\t<\/div>\n\t\t\t\t<\/div>\n\t\t\t\t<div class=\"elementor-element elementor-element-abb00f4 elementor-align-center elementor-widget elementor-widget-button\" data-id=\"abb00f4\" data-element_type=\"widget\" data-e-type=\"widget\" data-widget_type=\"button.default\">\n\t\t\t\t<div class=\"elementor-widget-container\">\n\t\t\t\t\t\t\t\t\t<div class=\"elementor-button-wrapper\">\n\t\t\t\t\t<a class=\"elementor-button elementor-button-link elementor-size-sm\" href=\"https:\/\/verohomes.pl\/wp-content\/uploads\/spacery3d\/domek3\/domek3.html\">\n\t\t\t\t\t\t<span class=\"elementor-button-content-wrapper\">\n\t\t\t\t\t\t\t\t\t<span class=\"elementor-button-text\">VIRTU\u00c1LN\u00cd PROCH\u00c1ZKU<\/span>\n\t\t\t\t\t<\/span>\n\t\t\t\t\t<\/a>\n\t\t\t\t<\/div>\n\t\t\t\t\t\t\t\t<\/div>\n\t\t\t\t<\/div>\n\t\t\t\t\t<\/div>\n\t\t<\/div>\n\t\t\t\t\t<\/div>\n\t\t<\/section>\n\t\t\t\t<section class=\"elementor-section elementor-top-section elementor-element elementor-element-4566621 elementor-section-content-middle elementor-section-full_width elementor-section-height-default elementor-section-height-default\" data-id=\"4566621\" data-element_type=\"section\" data-e-type=\"section\" data-settings=\"{&quot;background_background&quot;:&quot;classic&quot;}\">\n\t\t\t\t\t\t<div class=\"elementor-container elementor-column-gap-no\">\n\t\t\t\t\t<div class=\"elementor-column elementor-col-100 elementor-top-column elementor-element elementor-element-0b0d5d4\" data-id=\"0b0d5d4\" data-element_type=\"column\" data-e-type=\"column\">\n\t\t\t<div class=\"elementor-widget-wrap elementor-element-populated\">\n\t\t\t\t\t\t<div class=\"elementor-element elementor-element-0527529 elementor-widget elementor-widget-image\" data-id=\"0527529\" data-element_type=\"widget\" data-e-type=\"widget\" data-widget_type=\"image.default\">\n\t\t\t\t<div class=\"elementor-widget-container\">\n\t\t\t\t\t\t\t\t\t\t\t\t\t\t\t<img fetchpriority=\"high\" decoding=\"async\" width=\"1200\" height=\"960\" src=\"https:\/\/verohomes.pl\/wp-content\/uploads\/2023\/02\/Dom-mobilny-1-10.webp\" class=\"attachment-full size-full wp-image-5973\" alt=\"Producent ca\u0142orocznych dom\u00f3w mobilnych na ko\u0142ach\" srcset=\"https:\/\/verohomes.pl\/wp-content\/uploads\/2023\/02\/Dom-mobilny-1-10.webp 1200w, https:\/\/verohomes.pl\/wp-content\/uploads\/2023\/02\/Dom-mobilny-1-10-300x240.webp 300w, https:\/\/verohomes.pl\/wp-content\/uploads\/2023\/02\/Dom-mobilny-1-10-1024x819.webp 1024w, https:\/\/verohomes.pl\/wp-content\/uploads\/2023\/02\/Dom-mobilny-1-10-768x614.webp 768w\" sizes=\"(max-width: 1200px) 100vw, 1200px\" \/>\t\t\t\t\t\t\t\t\t\t\t\t\t\t\t<\/div>\n\t\t\t\t<\/div>\n\t\t\t\t\t<\/div>\n\t\t<\/div>\n\t\t\t\t\t<\/div>\n\t\t<\/section>\n\t\t\t\t<section class=\"elementor-section elementor-top-section elementor-element elementor-element-a304e2e elementor-section-boxed elementor-section-height-default elementor-section-height-default\" data-id=\"a304e2e\" data-element_type=\"section\" data-e-type=\"section\">\n\t\t\t\t\t\t<div class=\"elementor-container elementor-column-gap-default\">\n\t\t\t\t\t<div class=\"elementor-column elementor-col-100 elementor-top-column elementor-element elementor-element-7e4b227\" data-id=\"7e4b227\" data-element_type=\"column\" data-e-type=\"column\">\n\t\t\t<div class=\"elementor-widget-wrap elementor-element-populated\">\n\t\t\t\t\t\t<div class=\"elementor-element elementor-element-5300f3a elementor-widget elementor-widget-heading\" data-id=\"5300f3a\" data-element_type=\"widget\" data-e-type=\"widget\" data-widget_type=\"heading.default\">\n\t\t\t\t<div class=\"elementor-widget-container\">\n\t\t\t\t\t<h2 class=\"elementor-heading-title elementor-size-default\">Galerie<\/h2>\t\t\t\t<\/div>\n\t\t\t\t<\/div>\n\t\t\t\t<div class=\"elementor-element elementor-element-8b2d67f gallery-spacing-custom elementor-widget elementor-widget-image-gallery\" data-id=\"8b2d67f\" data-element_type=\"widget\" data-e-type=\"widget\" data-widget_type=\"image-gallery.default\">\n\t\t\t\t<div class=\"elementor-widget-container\">\n\t\t\t\t\t\t\t<div class=\"elementor-image-gallery\">\n\t\t\t<div id='gallery-1' class='gallery galleryid-6495 gallery-columns-3 gallery-size-large'><figure class='gallery-item'>\n\t\t\t<div class='gallery-icon landscape'>\n\t\t\t\t<a data-elementor-open-lightbox=\"yes\" data-elementor-lightbox-slideshow=\"8b2d67f\" data-elementor-lightbox-title=\"Kopia edycja zdj\u0119\u0107 na www 1200x960\" data-e-action-hash=\"#elementor-action%3Aaction%3Dlightbox%26settings%3DeyJpZCI6OTM1MiwidXJsIjoiaHR0cHM6XC9cL3Zlcm9ob21lcy5wbFwvd3AtY29udGVudFwvdXBsb2Fkc1wvMjAyM1wvMTFcL0tvcGlhLWVkeWNqYS16ZGplYy1uYS13d3ctMTIwMHg5NjAtMS5wbmciLCJzbGlkZXNob3ciOiI4YjJkNjdmIn0%3D\" href='https:\/\/verohomes.pl\/wp-content\/uploads\/2023\/11\/Kopia-edycja-zdjec-na-www-1200x960-1.png'><img decoding=\"async\" width=\"1024\" height=\"819\" src=\"https:\/\/verohomes.pl\/wp-content\/uploads\/2023\/11\/Kopia-edycja-zdjec-na-www-1200x960-1-1024x819.png\" class=\"attachment-large size-large\" alt=\"ekodomy\" srcset=\"https:\/\/verohomes.pl\/wp-content\/uploads\/2023\/11\/Kopia-edycja-zdjec-na-www-1200x960-1-1024x819.png 1024w, https:\/\/verohomes.pl\/wp-content\/uploads\/2023\/11\/Kopia-edycja-zdjec-na-www-1200x960-1-300x240.png 300w, https:\/\/verohomes.pl\/wp-content\/uploads\/2023\/11\/Kopia-edycja-zdjec-na-www-1200x960-1-768x614.png 768w, https:\/\/verohomes.pl\/wp-content\/uploads\/2023\/11\/Kopia-edycja-zdjec-na-www-1200x960-1.png 1200w\" sizes=\"(max-width: 1024px) 100vw, 1024px\" \/><\/a>\n\t\t\t<\/div><\/figure><figure class='gallery-item'>\n\t\t\t<div class='gallery-icon landscape'>\n\t\t\t\t<a data-elementor-open-lightbox=\"yes\" data-elementor-lightbox-slideshow=\"8b2d67f\" data-elementor-lightbox-title=\"Dom 48 m\u00b2 popielaty\" data-e-action-hash=\"#elementor-action%3Aaction%3Dlightbox%26settings%3DeyJpZCI6NTk3OSwidXJsIjoiaHR0cHM6XC9cL3Zlcm9ob21lcy5wbFwvd3AtY29udGVudFwvdXBsb2Fkc1wvMjAyM1wvMDJcL0RvbS1tb2JpbG55LTQtMTAud2VicCIsInNsaWRlc2hvdyI6IjhiMmQ2N2YifQ%3D%3D\" href='https:\/\/verohomes.pl\/wp-content\/uploads\/2023\/02\/Dom-mobilny-4-10.webp'><img decoding=\"async\" width=\"1024\" height=\"819\" src=\"https:\/\/verohomes.pl\/wp-content\/uploads\/2023\/02\/Dom-mobilny-4-10-1024x819.webp\" class=\"attachment-large size-large\" alt=\"dom bez pozwolenia\" srcset=\"https:\/\/verohomes.pl\/wp-content\/uploads\/2023\/02\/Dom-mobilny-4-10-1024x819.webp 1024w, https:\/\/verohomes.pl\/wp-content\/uploads\/2023\/02\/Dom-mobilny-4-10-300x240.webp 300w, https:\/\/verohomes.pl\/wp-content\/uploads\/2023\/02\/Dom-mobilny-4-10-768x614.webp 768w, https:\/\/verohomes.pl\/wp-content\/uploads\/2023\/02\/Dom-mobilny-4-10.webp 1200w\" sizes=\"(max-width: 1024px) 100vw, 1024px\" \/><\/a>\n\t\t\t<\/div><\/figure><figure class='gallery-item'>\n\t\t\t<div class='gallery-icon landscape'>\n\t\t\t\t<a data-elementor-open-lightbox=\"yes\" data-elementor-lightbox-slideshow=\"8b2d67f\" data-elementor-lightbox-title=\"Dom 48 m\u00b2 popielaty\" data-e-action-hash=\"#elementor-action%3Aaction%3Dlightbox%26settings%3DeyJpZCI6NTk4MSwidXJsIjoiaHR0cHM6XC9cL3Zlcm9ob21lcy5wbFwvd3AtY29udGVudFwvdXBsb2Fkc1wvMjAyM1wvMDJcL0RvbS1tb2JpbG55LTUtMTAud2VicCIsInNsaWRlc2hvdyI6IjhiMmQ2N2YifQ%3D%3D\" href='https:\/\/verohomes.pl\/wp-content\/uploads\/2023\/02\/Dom-mobilny-5-10.webp'><img loading=\"lazy\" decoding=\"async\" width=\"1024\" height=\"819\" src=\"https:\/\/verohomes.pl\/wp-content\/uploads\/2023\/02\/Dom-mobilny-5-10-1024x819.webp\" class=\"attachment-large size-large\" alt=\"dom bez pozwolenia\" srcset=\"https:\/\/verohomes.pl\/wp-content\/uploads\/2023\/02\/Dom-mobilny-5-10-1024x819.webp 1024w, https:\/\/verohomes.pl\/wp-content\/uploads\/2023\/02\/Dom-mobilny-5-10-300x240.webp 300w, https:\/\/verohomes.pl\/wp-content\/uploads\/2023\/02\/Dom-mobilny-5-10-768x614.webp 768w, https:\/\/verohomes.pl\/wp-content\/uploads\/2023\/02\/Dom-mobilny-5-10.webp 1200w\" sizes=\"(max-width: 1024px) 100vw, 1024px\" \/><\/a>\n\t\t\t<\/div><\/figure><figure class='gallery-item'>\n\t\t\t<div class='gallery-icon landscape'>\n\t\t\t\t<a data-elementor-open-lightbox=\"yes\" data-elementor-lightbox-slideshow=\"8b2d67f\" data-elementor-lightbox-title=\"Dom 48 m\u00b2 popielaty\" data-e-action-hash=\"#elementor-action%3Aaction%3Dlightbox%26settings%3DeyJpZCI6NTk4MywidXJsIjoiaHR0cHM6XC9cL3Zlcm9ob21lcy5wbFwvd3AtY29udGVudFwvdXBsb2Fkc1wvMjAyM1wvMDJcL0RvbS1tb2JpbG55LTYtMTAud2VicCIsInNsaWRlc2hvdyI6IjhiMmQ2N2YifQ%3D%3D\" href='https:\/\/verohomes.pl\/wp-content\/uploads\/2023\/02\/Dom-mobilny-6-10.webp'><img loading=\"lazy\" decoding=\"async\" width=\"1024\" height=\"819\" src=\"https:\/\/verohomes.pl\/wp-content\/uploads\/2023\/02\/Dom-mobilny-6-10-1024x819.webp\" class=\"attachment-large size-large\" alt=\"dom bez pozwolenia\" srcset=\"https:\/\/verohomes.pl\/wp-content\/uploads\/2023\/02\/Dom-mobilny-6-10-1024x819.webp 1024w, https:\/\/verohomes.pl\/wp-content\/uploads\/2023\/02\/Dom-mobilny-6-10-300x240.webp 300w, https:\/\/verohomes.pl\/wp-content\/uploads\/2023\/02\/Dom-mobilny-6-10-768x614.webp 768w, https:\/\/verohomes.pl\/wp-content\/uploads\/2023\/02\/Dom-mobilny-6-10.webp 1200w\" sizes=\"(max-width: 1024px) 100vw, 1024px\" \/><\/a>\n\t\t\t<\/div><\/figure><figure class='gallery-item'>\n\t\t\t<div class='gallery-icon landscape'>\n\t\t\t\t<a data-elementor-open-lightbox=\"yes\" data-elementor-lightbox-slideshow=\"8b2d67f\" data-elementor-lightbox-title=\"Dom 48 m\u00b2 popielaty\" data-e-action-hash=\"#elementor-action%3Aaction%3Dlightbox%26settings%3DeyJpZCI6NTk4NSwidXJsIjoiaHR0cHM6XC9cL3Zlcm9ob21lcy5wbFwvd3AtY29udGVudFwvdXBsb2Fkc1wvMjAyM1wvMDJcL0RvbS1tb2JpbG55LTctMTAud2VicCIsInNsaWRlc2hvdyI6IjhiMmQ2N2YifQ%3D%3D\" href='https:\/\/verohomes.pl\/wp-content\/uploads\/2023\/02\/Dom-mobilny-7-10.webp'><img loading=\"lazy\" decoding=\"async\" width=\"1024\" height=\"819\" src=\"https:\/\/verohomes.pl\/wp-content\/uploads\/2023\/02\/Dom-mobilny-7-10-1024x819.webp\" class=\"attachment-large size-large\" alt=\"dom bez pozwolenia\" srcset=\"https:\/\/verohomes.pl\/wp-content\/uploads\/2023\/02\/Dom-mobilny-7-10-1024x819.webp 1024w, https:\/\/verohomes.pl\/wp-content\/uploads\/2023\/02\/Dom-mobilny-7-10-300x240.webp 300w, https:\/\/verohomes.pl\/wp-content\/uploads\/2023\/02\/Dom-mobilny-7-10-768x614.webp 768w, https:\/\/verohomes.pl\/wp-content\/uploads\/2023\/02\/Dom-mobilny-7-10.webp 1200w\" sizes=\"(max-width: 1024px) 100vw, 1024px\" \/><\/a>\n\t\t\t<\/div><\/figure><figure class='gallery-item'>\n\t\t\t<div class='gallery-icon landscape'>\n\t\t\t\t<a data-elementor-open-lightbox=\"yes\" data-elementor-lightbox-slideshow=\"8b2d67f\" data-elementor-lightbox-title=\"Dom 48 m\u00b2 popielaty\" data-e-action-hash=\"#elementor-action%3Aaction%3Dlightbox%26settings%3DeyJpZCI6NTk4NywidXJsIjoiaHR0cHM6XC9cL3Zlcm9ob21lcy5wbFwvd3AtY29udGVudFwvdXBsb2Fkc1wvMjAyM1wvMDJcL0RvbS1tb2JpbG55LTgtMTAud2VicCIsInNsaWRlc2hvdyI6IjhiMmQ2N2YifQ%3D%3D\" href='https:\/\/verohomes.pl\/wp-content\/uploads\/2023\/02\/Dom-mobilny-8-10.webp'><img loading=\"lazy\" decoding=\"async\" width=\"1024\" height=\"819\" src=\"https:\/\/verohomes.pl\/wp-content\/uploads\/2023\/02\/Dom-mobilny-8-10-1024x819.webp\" class=\"attachment-large size-large\" alt=\"dom bez pozwolenia\" srcset=\"https:\/\/verohomes.pl\/wp-content\/uploads\/2023\/02\/Dom-mobilny-8-10-1024x819.webp 1024w, https:\/\/verohomes.pl\/wp-content\/uploads\/2023\/02\/Dom-mobilny-8-10-300x240.webp 300w, https:\/\/verohomes.pl\/wp-content\/uploads\/2023\/02\/Dom-mobilny-8-10-768x614.webp 768w, https:\/\/verohomes.pl\/wp-content\/uploads\/2023\/02\/Dom-mobilny-8-10.webp 1200w\" sizes=\"(max-width: 1024px) 100vw, 1024px\" \/><\/a>\n\t\t\t<\/div><\/figure><figure class='gallery-item'>\n\t\t\t<div class='gallery-icon landscape'>\n\t\t\t\t<a data-elementor-open-lightbox=\"yes\" data-elementor-lightbox-slideshow=\"8b2d67f\" data-elementor-lightbox-title=\"Dom 48 m\u00b2 popielaty\" data-e-action-hash=\"#elementor-action%3Aaction%3Dlightbox%26settings%3DeyJpZCI6NTk5MSwidXJsIjoiaHR0cHM6XC9cL3Zlcm9ob21lcy5wbFwvd3AtY29udGVudFwvdXBsb2Fkc1wvMjAyM1wvMDJcL0RvbS1tb2JpbG55LTEwLTEwLndlYnAiLCJzbGlkZXNob3ciOiI4YjJkNjdmIn0%3D\" href='https:\/\/verohomes.pl\/wp-content\/uploads\/2023\/02\/Dom-mobilny-10-10.webp'><img loading=\"lazy\" decoding=\"async\" width=\"1024\" height=\"819\" src=\"https:\/\/verohomes.pl\/wp-content\/uploads\/2023\/02\/Dom-mobilny-10-10-1024x819.webp\" class=\"attachment-large size-large\" alt=\"dom bez pozwolenia\" srcset=\"https:\/\/verohomes.pl\/wp-content\/uploads\/2023\/02\/Dom-mobilny-10-10-1024x819.webp 1024w, https:\/\/verohomes.pl\/wp-content\/uploads\/2023\/02\/Dom-mobilny-10-10-300x240.webp 300w, https:\/\/verohomes.pl\/wp-content\/uploads\/2023\/02\/Dom-mobilny-10-10-768x614.webp 768w, https:\/\/verohomes.pl\/wp-content\/uploads\/2023\/02\/Dom-mobilny-10-10.webp 1200w\" sizes=\"(max-width: 1024px) 100vw, 1024px\" \/><\/a>\n\t\t\t<\/div><\/figure><figure class='gallery-item'>\n\t\t\t<div class='gallery-icon landscape'>\n\t\t\t\t<a data-elementor-open-lightbox=\"yes\" data-elementor-lightbox-slideshow=\"8b2d67f\" data-elementor-lightbox-title=\"Dom mobilny 9\" data-e-action-hash=\"#elementor-action%3Aaction%3Dlightbox%26settings%3DeyJpZCI6NTk4OSwidXJsIjoiaHR0cHM6XC9cL3Zlcm9ob21lcy5wbFwvd3AtY29udGVudFwvdXBsb2Fkc1wvMjAyM1wvMDJcL0RvbS1tb2JpbG55LTktMTAud2VicCIsInNsaWRlc2hvdyI6IjhiMmQ2N2YifQ%3D%3D\" href='https:\/\/verohomes.pl\/wp-content\/uploads\/2023\/02\/Dom-mobilny-9-10.webp'><img loading=\"lazy\" decoding=\"async\" width=\"1024\" height=\"819\" src=\"https:\/\/verohomes.pl\/wp-content\/uploads\/2023\/02\/Dom-mobilny-9-10-1024x819.webp\" class=\"attachment-large size-large\" alt=\"dom bez pozwolenia\" srcset=\"https:\/\/verohomes.pl\/wp-content\/uploads\/2023\/02\/Dom-mobilny-9-10-1024x819.webp 1024w, https:\/\/verohomes.pl\/wp-content\/uploads\/2023\/02\/Dom-mobilny-9-10-300x240.webp 300w, https:\/\/verohomes.pl\/wp-content\/uploads\/2023\/02\/Dom-mobilny-9-10-768x614.webp 768w, https:\/\/verohomes.pl\/wp-content\/uploads\/2023\/02\/Dom-mobilny-9-10.webp 1200w\" sizes=\"(max-width: 1024px) 100vw, 1024px\" \/><\/a>\n\t\t\t<\/div><\/figure>\n\t\t<\/div>\n\t\t<\/div>\n\t\t\t\t\t\t<\/div>\n\t\t\t\t<\/div>\n\t\t\t\t\t<\/div>\n\t\t<\/div>\n\t\t\t\t\t<\/div>\n\t\t<\/section>\n\t\t\t\t<section class=\"elementor-section elementor-top-section elementor-element elementor-element-c7490a8 elementor-section-boxed elementor-section-height-default elementor-section-height-default\" data-id=\"c7490a8\" data-element_type=\"section\" data-e-type=\"section\">\n\t\t\t\t\t\t<div class=\"elementor-container elementor-column-gap-default\">\n\t\t\t\t\t<div class=\"elementor-column elementor-col-100 elementor-top-column elementor-element elementor-element-42a0e0c\" data-id=\"42a0e0c\" data-element_type=\"column\" data-e-type=\"column\">\n\t\t\t<div class=\"elementor-widget-wrap elementor-element-populated\">\n\t\t\t\t\t\t<div class=\"elementor-element elementor-element-a77b1cb elementor-widget elementor-widget-heading\" data-id=\"a77b1cb\" data-element_type=\"widget\" data-e-type=\"widget\" data-widget_type=\"heading.default\">\n\t\t\t\t<div class=\"elementor-widget-container\">\n\t\t\t\t\t<h2 class=\"elementor-heading-title elementor-size-default\">Pl\u00e1n domu<\/h2>\t\t\t\t<\/div>\n\t\t\t\t<\/div>\n\t\t\t\t\t<\/div>\n\t\t<\/div>\n\t\t\t\t\t<\/div>\n\t\t<\/section>\n\t\t\t\t<section class=\"elementor-section elementor-top-section elementor-element elementor-element-1c03f32 elementor-section-boxed elementor-section-height-default elementor-section-height-default\" data-id=\"1c03f32\" data-element_type=\"section\" data-e-type=\"section\">\n\t\t\t\t\t\t<div class=\"elementor-container elementor-column-gap-default\">\n\t\t\t\t\t<div class=\"elementor-column elementor-col-100 elementor-top-column elementor-element elementor-element-7511bf5\" data-id=\"7511bf5\" data-element_type=\"column\" data-e-type=\"column\">\n\t\t\t<div class=\"elementor-widget-wrap elementor-element-populated\">\n\t\t\t\t\t\t<div class=\"elementor-element elementor-element-8c6bedd elementor-widget elementor-widget-image\" data-id=\"8c6bedd\" data-element_type=\"widget\" data-e-type=\"widget\" data-widget_type=\"image.default\">\n\t\t\t\t<div class=\"elementor-widget-container\">\n\t\t\t\t\t\t\t\t\t\t\t\t\t\t\t<img loading=\"lazy\" decoding=\"async\" width=\"1024\" height=\"491\" src=\"https:\/\/verohomes.pl\/wp-content\/uploads\/2024\/11\/Rzut-Dom-popielaty-1024x491.jpg\" class=\"attachment-large size-large wp-image-11994\" alt=\"dom-48m2\" srcset=\"https:\/\/verohomes.pl\/wp-content\/uploads\/2024\/11\/Rzut-Dom-popielaty-1024x491.jpg 1024w, https:\/\/verohomes.pl\/wp-content\/uploads\/2024\/11\/Rzut-Dom-popielaty-300x144.jpg 300w, https:\/\/verohomes.pl\/wp-content\/uploads\/2024\/11\/Rzut-Dom-popielaty-768x368.jpg 768w, https:\/\/verohomes.pl\/wp-content\/uploads\/2024\/11\/Rzut-Dom-popielaty-1536x736.jpg 1536w, https:\/\/verohomes.pl\/wp-content\/uploads\/2024\/11\/Rzut-Dom-popielaty.jpg 1996w\" sizes=\"(max-width: 1024px) 100vw, 1024px\" \/>\t\t\t\t\t\t\t\t\t\t\t\t\t\t\t<\/div>\n\t\t\t\t<\/div>\n\t\t\t\t\t<\/div>\n\t\t<\/div>\n\t\t\t\t\t<\/div>\n\t\t<\/section>\n\t\t\t\t<\/div>\n\t\t","protected":false},"excerpt":{"rendered":"<p>D\u016fm siv\u00fd VIRTU\u00c1LN\u00cd PROCH\u00c1ZKU Galerie Pl\u00e1n domu<\/p>\n","protected":false},"author":3,"featured_media":0,"parent":6475,"menu_order":0,"comment_status":"closed","ping_status":"closed","template":"","meta":{"inline_featured_image":false,"site-sidebar-layout":"no-sidebar","site-content-layout":"page-builder","ast-site-content-layout":"","site-content-style":"default","site-sidebar-style":"default","ast-global-header-display":"","ast-banner-title-visibility":"","ast-main-header-display":"","ast-hfb-above-header-display":"","ast-hfb-below-header-display":"","ast-hfb-mobile-header-display":"","site-post-title":"disabled","ast-breadcrumbs-content":"","ast-featured-img":"disabled","footer-sml-layout":"","theme-transparent-header-meta":"","adv-header-id-meta":"","stick-header-meta":"","header-above-stick-meta":"","header-main-stick-meta":"","header-below-stick-meta":"","astra-migrate-meta-layouts":"","footnotes":""},"class_list":["post-6495","page","type-page","status-publish","hentry"],"_links":{"self":[{"href":"https:\/\/verohomes.pl\/cs\/wp-json\/wp\/v2\/pages\/6495","targetHints":{"allow":["GET"]}}],"collection":[{"href":"https:\/\/verohomes.pl\/cs\/wp-json\/wp\/v2\/pages"}],"about":[{"href":"https:\/\/verohomes.pl\/cs\/wp-json\/wp\/v2\/types\/page"}],"author":[{"embeddable":true,"href":"https:\/\/verohomes.pl\/cs\/wp-json\/wp\/v2\/users\/3"}],"replies":[{"embeddable":true,"href":"https:\/\/verohomes.pl\/cs\/wp-json\/wp\/v2\/comments?post=6495"}],"version-history":[{"count":8,"href":"https:\/\/verohomes.pl\/cs\/wp-json\/wp\/v2\/pages\/6495\/revisions"}],"predecessor-version":[{"id":13119,"href":"https:\/\/verohomes.pl\/cs\/wp-json\/wp\/v2\/pages\/6495\/revisions\/13119"}],"up":[{"embeddable":true,"href":"https:\/\/verohomes.pl\/cs\/wp-json\/wp\/v2\/pages\/6475"}],"wp:attachment":[{"href":"https:\/\/verohomes.pl\/cs\/wp-json\/wp\/v2\/media?parent=6495"}],"curies":[{"name":"wp","href":"https:\/\/api.w.org\/{rel}","templated":true}]}}