{"id":6491,"date":"2023-01-16T11:26:13","date_gmt":"2023-01-16T10:26:13","guid":{"rendered":"https:\/\/verohomes.pl\/realizace\/dum-48-m%c2%b2-morsky\/"},"modified":"2025-10-23T13:34:52","modified_gmt":"2025-10-23T11:34:52","slug":"dum-48-m2-morsky","status":"publish","type":"page","link":"https:\/\/verohomes.pl\/cs\/realizace\/dum-48-m2-morsky\/","title":{"rendered":"D\u016fm 48 m\u00b2 mo\u0159sk\u00fd"},"content":{"rendered":"\t\t<div data-elementor-type=\"wp-page\" data-elementor-id=\"6491\" class=\"elementor elementor-6491 elementor-2892\" data-elementor-post-type=\"page\">\n\t\t\t\t\t\t<section class=\"elementor-section elementor-top-section elementor-element elementor-element-09b2a8e elementor-section-boxed elementor-section-height-default elementor-section-height-default\" data-id=\"09b2a8e\" data-element_type=\"section\" data-e-type=\"section\">\n\t\t\t\t\t\t<div class=\"elementor-container elementor-column-gap-no\">\n\t\t\t\t\t<div class=\"elementor-column elementor-col-100 elementor-top-column elementor-element elementor-element-23be989\" data-id=\"23be989\" data-element_type=\"column\" data-e-type=\"column\">\n\t\t\t<div class=\"elementor-widget-wrap elementor-element-populated\">\n\t\t\t\t\t\t<div class=\"elementor-element elementor-element-b473073 elementor-absolute elementor-widget elementor-widget-heading\" data-id=\"b473073\" data-element_type=\"widget\" data-e-type=\"widget\" data-settings=\"{&quot;_position&quot;:&quot;absolute&quot;}\" data-widget_type=\"heading.default\">\n\t\t\t\t<div class=\"elementor-widget-container\">\n\t\t\t\t\t<span class=\"elementor-heading-title elementor-size-default\">D\u016fm mo\u0159sk\u00fd<\/span>\t\t\t\t<\/div>\n\t\t\t\t<\/div>\n\t\t\t\t\t<\/div>\n\t\t<\/div>\n\t\t\t\t\t<\/div>\n\t\t<\/section>\n\t\t\t\t<section class=\"elementor-section elementor-top-section elementor-element elementor-element-4566621 elementor-section-content-middle elementor-section-full_width elementor-section-height-default elementor-section-height-default\" data-id=\"4566621\" data-element_type=\"section\" data-e-type=\"section\" data-settings=\"{&quot;background_background&quot;:&quot;classic&quot;}\">\n\t\t\t\t\t\t<div class=\"elementor-container elementor-column-gap-no\">\n\t\t\t\t\t<div class=\"elementor-column elementor-col-100 elementor-top-column elementor-element elementor-element-0b0d5d4\" data-id=\"0b0d5d4\" data-element_type=\"column\" data-e-type=\"column\">\n\t\t\t<div class=\"elementor-widget-wrap elementor-element-populated\">\n\t\t\t\t\t\t<div class=\"elementor-element elementor-element-0527529 elementor-widget elementor-widget-image\" data-id=\"0527529\" data-element_type=\"widget\" data-e-type=\"widget\" data-widget_type=\"image.default\">\n\t\t\t\t<div class=\"elementor-widget-container\">\n\t\t\t\t\t\t\t\t\t\t\t\t\t\t\t<img fetchpriority=\"high\" decoding=\"async\" width=\"1200\" height=\"960\" src=\"https:\/\/verohomes.pl\/wp-content\/uploads\/2023\/02\/Dom-mobilny-3-13.webp\" class=\"attachment-full size-full wp-image-6047\" alt=\"dom na ko\u0142ach\" srcset=\"https:\/\/verohomes.pl\/wp-content\/uploads\/2023\/02\/Dom-mobilny-3-13.webp 1200w, https:\/\/verohomes.pl\/wp-content\/uploads\/2023\/02\/Dom-mobilny-3-13-300x240.webp 300w, https:\/\/verohomes.pl\/wp-content\/uploads\/2023\/02\/Dom-mobilny-3-13-1024x819.webp 1024w, https:\/\/verohomes.pl\/wp-content\/uploads\/2023\/02\/Dom-mobilny-3-13-768x614.webp 768w\" sizes=\"(max-width: 1200px) 100vw, 1200px\" \/>\t\t\t\t\t\t\t\t\t\t\t\t\t\t\t<\/div>\n\t\t\t\t<\/div>\n\t\t\t\t\t<\/div>\n\t\t<\/div>\n\t\t\t\t\t<\/div>\n\t\t<\/section>\n\t\t\t\t<section class=\"elementor-section elementor-top-section elementor-element elementor-element-a304e2e elementor-section-boxed elementor-section-height-default elementor-section-height-default\" data-id=\"a304e2e\" data-element_type=\"section\" data-e-type=\"section\">\n\t\t\t\t\t\t<div class=\"elementor-container elementor-column-gap-default\">\n\t\t\t\t\t<div class=\"elementor-column elementor-col-100 elementor-top-column elementor-element elementor-element-7e4b227\" data-id=\"7e4b227\" data-element_type=\"column\" data-e-type=\"column\">\n\t\t\t<div class=\"elementor-widget-wrap elementor-element-populated\">\n\t\t\t\t\t\t<div class=\"elementor-element elementor-element-5300f3a elementor-widget elementor-widget-heading\" data-id=\"5300f3a\" data-element_type=\"widget\" data-e-type=\"widget\" data-widget_type=\"heading.default\">\n\t\t\t\t<div class=\"elementor-widget-container\">\n\t\t\t\t\t<h2 class=\"elementor-heading-title elementor-size-default\">Galerie<\/h2>\t\t\t\t<\/div>\n\t\t\t\t<\/div>\n\t\t\t\t\t<\/div>\n\t\t<\/div>\n\t\t\t\t\t<\/div>\n\t\t<\/section>\n\t\t\t\t<section class=\"elementor-section elementor-top-section elementor-element elementor-element-7282617 elementor-section-boxed elementor-section-height-default elementor-section-height-default\" data-id=\"7282617\" data-element_type=\"section\" data-e-type=\"section\">\n\t\t\t\t\t\t<div class=\"elementor-container elementor-column-gap-default\">\n\t\t\t\t\t<div class=\"elementor-column elementor-col-100 elementor-top-column elementor-element elementor-element-bb9734d\" data-id=\"bb9734d\" data-element_type=\"column\" data-e-type=\"column\">\n\t\t\t<div class=\"elementor-widget-wrap elementor-element-populated\">\n\t\t\t\t\t\t<div class=\"elementor-element elementor-element-5afb30e gallery-spacing-custom elementor-widget elementor-widget-image-gallery\" data-id=\"5afb30e\" data-element_type=\"widget\" data-e-type=\"widget\" data-widget_type=\"image-gallery.default\">\n\t\t\t\t<div class=\"elementor-widget-container\">\n\t\t\t\t\t\t\t<div class=\"elementor-image-gallery\">\n\t\t\t<div id='gallery-1' class='gallery galleryid-6491 gallery-columns-3 gallery-size-large'><figure class='gallery-item'>\n\t\t\t<div class='gallery-icon landscape'>\n\t\t\t\t<a data-elementor-open-lightbox=\"yes\" data-elementor-lightbox-slideshow=\"5afb30e\" data-elementor-lightbox-title=\"Dom 48 m\u00b2 morski\" data-e-action-hash=\"#elementor-action%3Aaction%3Dlightbox%26settings%3DeyJpZCI6NjA0MywidXJsIjoiaHR0cHM6XC9cL3Zlcm9ob21lcy5wbFwvd3AtY29udGVudFwvdXBsb2Fkc1wvMjAyM1wvMDJcL0RvbS1tb2JpbG55LTEtMTMud2VicCIsInNsaWRlc2hvdyI6IjVhZmIzMGUifQ%3D%3D\" href='https:\/\/verohomes.pl\/wp-content\/uploads\/2023\/02\/Dom-mobilny-1-13.webp'><img decoding=\"async\" width=\"1024\" height=\"819\" src=\"https:\/\/verohomes.pl\/wp-content\/uploads\/2023\/02\/Dom-mobilny-1-13-1024x819.webp\" class=\"attachment-large size-large\" alt=\"dom na ko\u0142ach\" srcset=\"https:\/\/verohomes.pl\/wp-content\/uploads\/2023\/02\/Dom-mobilny-1-13-1024x819.webp 1024w, https:\/\/verohomes.pl\/wp-content\/uploads\/2023\/02\/Dom-mobilny-1-13-300x240.webp 300w, https:\/\/verohomes.pl\/wp-content\/uploads\/2023\/02\/Dom-mobilny-1-13-768x614.webp 768w, https:\/\/verohomes.pl\/wp-content\/uploads\/2023\/02\/Dom-mobilny-1-13.webp 1200w\" sizes=\"(max-width: 1024px) 100vw, 1024px\" \/><\/a>\n\t\t\t<\/div><\/figure><figure class='gallery-item'>\n\t\t\t<div class='gallery-icon landscape'>\n\t\t\t\t<a data-elementor-open-lightbox=\"yes\" data-elementor-lightbox-slideshow=\"5afb30e\" data-elementor-lightbox-title=\"Dom 48 m\u00b2 morski\" data-e-action-hash=\"#elementor-action%3Aaction%3Dlightbox%26settings%3DeyJpZCI6NjA0NywidXJsIjoiaHR0cHM6XC9cL3Zlcm9ob21lcy5wbFwvd3AtY29udGVudFwvdXBsb2Fkc1wvMjAyM1wvMDJcL0RvbS1tb2JpbG55LTMtMTMud2VicCIsInNsaWRlc2hvdyI6IjVhZmIzMGUifQ%3D%3D\" href='https:\/\/verohomes.pl\/wp-content\/uploads\/2023\/02\/Dom-mobilny-3-13.webp'><img decoding=\"async\" width=\"1024\" height=\"819\" src=\"https:\/\/verohomes.pl\/wp-content\/uploads\/2023\/02\/Dom-mobilny-3-13-1024x819.webp\" class=\"attachment-large size-large\" alt=\"dom na ko\u0142ach\" srcset=\"https:\/\/verohomes.pl\/wp-content\/uploads\/2023\/02\/Dom-mobilny-3-13-1024x819.webp 1024w, https:\/\/verohomes.pl\/wp-content\/uploads\/2023\/02\/Dom-mobilny-3-13-300x240.webp 300w, https:\/\/verohomes.pl\/wp-content\/uploads\/2023\/02\/Dom-mobilny-3-13-768x614.webp 768w, https:\/\/verohomes.pl\/wp-content\/uploads\/2023\/02\/Dom-mobilny-3-13.webp 1200w\" sizes=\"(max-width: 1024px) 100vw, 1024px\" \/><\/a>\n\t\t\t<\/div><\/figure><figure class='gallery-item'>\n\t\t\t<div class='gallery-icon landscape'>\n\t\t\t\t<a data-elementor-open-lightbox=\"yes\" data-elementor-lightbox-slideshow=\"5afb30e\" data-elementor-lightbox-title=\"Dom 48 m\u00b2 morski\" data-e-action-hash=\"#elementor-action%3Aaction%3Dlightbox%26settings%3DeyJpZCI6NjA0OSwidXJsIjoiaHR0cHM6XC9cL3Zlcm9ob21lcy5wbFwvd3AtY29udGVudFwvdXBsb2Fkc1wvMjAyM1wvMDJcL0RvbS1tb2JpbG55LTQtMTMud2VicCIsInNsaWRlc2hvdyI6IjVhZmIzMGUifQ%3D%3D\" href='https:\/\/verohomes.pl\/wp-content\/uploads\/2023\/02\/Dom-mobilny-4-13.webp'><img loading=\"lazy\" decoding=\"async\" width=\"1024\" height=\"819\" src=\"https:\/\/verohomes.pl\/wp-content\/uploads\/2023\/02\/Dom-mobilny-4-13-1024x819.webp\" class=\"attachment-large size-large\" alt=\"dom na ko\u0142ach\" srcset=\"https:\/\/verohomes.pl\/wp-content\/uploads\/2023\/02\/Dom-mobilny-4-13-1024x819.webp 1024w, https:\/\/verohomes.pl\/wp-content\/uploads\/2023\/02\/Dom-mobilny-4-13-300x240.webp 300w, https:\/\/verohomes.pl\/wp-content\/uploads\/2023\/02\/Dom-mobilny-4-13-768x614.webp 768w, https:\/\/verohomes.pl\/wp-content\/uploads\/2023\/02\/Dom-mobilny-4-13.webp 1200w\" sizes=\"(max-width: 1024px) 100vw, 1024px\" \/><\/a>\n\t\t\t<\/div><\/figure><figure class='gallery-item'>\n\t\t\t<div class='gallery-icon landscape'>\n\t\t\t\t<a data-elementor-open-lightbox=\"yes\" data-elementor-lightbox-slideshow=\"5afb30e\" data-elementor-lightbox-title=\"Dom 48 m\u00b2 morski\" data-e-action-hash=\"#elementor-action%3Aaction%3Dlightbox%26settings%3DeyJpZCI6NjA1MywidXJsIjoiaHR0cHM6XC9cL3Zlcm9ob21lcy5wbFwvd3AtY29udGVudFwvdXBsb2Fkc1wvMjAyM1wvMDJcL0RvbS1tb2JpbG55LTYtMTMud2VicCIsInNsaWRlc2hvdyI6IjVhZmIzMGUifQ%3D%3D\" href='https:\/\/verohomes.pl\/wp-content\/uploads\/2023\/02\/Dom-mobilny-6-13.webp'><img loading=\"lazy\" decoding=\"async\" width=\"1024\" height=\"819\" src=\"https:\/\/verohomes.pl\/wp-content\/uploads\/2023\/02\/Dom-mobilny-6-13-1024x819.webp\" class=\"attachment-large size-large\" alt=\"dom na ko\u0142ach\" srcset=\"https:\/\/verohomes.pl\/wp-content\/uploads\/2023\/02\/Dom-mobilny-6-13-1024x819.webp 1024w, https:\/\/verohomes.pl\/wp-content\/uploads\/2023\/02\/Dom-mobilny-6-13-300x240.webp 300w, https:\/\/verohomes.pl\/wp-content\/uploads\/2023\/02\/Dom-mobilny-6-13-768x614.webp 768w, https:\/\/verohomes.pl\/wp-content\/uploads\/2023\/02\/Dom-mobilny-6-13.webp 1200w\" sizes=\"(max-width: 1024px) 100vw, 1024px\" \/><\/a>\n\t\t\t<\/div><\/figure><figure class='gallery-item'>\n\t\t\t<div class='gallery-icon landscape'>\n\t\t\t\t<a data-elementor-open-lightbox=\"yes\" data-elementor-lightbox-slideshow=\"5afb30e\" data-elementor-lightbox-title=\"Dom 48 m\u00b2 morski\" data-e-action-hash=\"#elementor-action%3Aaction%3Dlightbox%26settings%3DeyJpZCI6NjA1MSwidXJsIjoiaHR0cHM6XC9cL3Zlcm9ob21lcy5wbFwvd3AtY29udGVudFwvdXBsb2Fkc1wvMjAyM1wvMDJcL0RvbS1tb2JpbG55LTUtMTMud2VicCIsInNsaWRlc2hvdyI6IjVhZmIzMGUifQ%3D%3D\" href='https:\/\/verohomes.pl\/wp-content\/uploads\/2023\/02\/Dom-mobilny-5-13.webp'><img loading=\"lazy\" decoding=\"async\" width=\"1024\" height=\"819\" src=\"https:\/\/verohomes.pl\/wp-content\/uploads\/2023\/02\/Dom-mobilny-5-13-1024x819.webp\" class=\"attachment-large size-large\" alt=\"dom na ko\u0142ach\" srcset=\"https:\/\/verohomes.pl\/wp-content\/uploads\/2023\/02\/Dom-mobilny-5-13-1024x819.webp 1024w, https:\/\/verohomes.pl\/wp-content\/uploads\/2023\/02\/Dom-mobilny-5-13-300x240.webp 300w, https:\/\/verohomes.pl\/wp-content\/uploads\/2023\/02\/Dom-mobilny-5-13-768x614.webp 768w, https:\/\/verohomes.pl\/wp-content\/uploads\/2023\/02\/Dom-mobilny-5-13.webp 1200w\" sizes=\"(max-width: 1024px) 100vw, 1024px\" \/><\/a>\n\t\t\t<\/div><\/figure><figure class='gallery-item'>\n\t\t\t<div class='gallery-icon landscape'>\n\t\t\t\t<a data-elementor-open-lightbox=\"yes\" data-elementor-lightbox-slideshow=\"5afb30e\" data-elementor-lightbox-title=\"Dom 48 m\u00b2 morski\" data-e-action-hash=\"#elementor-action%3Aaction%3Dlightbox%26settings%3DeyJpZCI6NjA2MSwidXJsIjoiaHR0cHM6XC9cL3Zlcm9ob21lcy5wbFwvd3AtY29udGVudFwvdXBsb2Fkc1wvMjAyM1wvMDJcL0RvbS1tb2JpbG55LTEwLTEyLndlYnAiLCJzbGlkZXNob3ciOiI1YWZiMzBlIn0%3D\" href='https:\/\/verohomes.pl\/wp-content\/uploads\/2023\/02\/Dom-mobilny-10-12.webp'><img loading=\"lazy\" decoding=\"async\" width=\"1024\" height=\"819\" src=\"https:\/\/verohomes.pl\/wp-content\/uploads\/2023\/02\/Dom-mobilny-10-12-1024x819.webp\" class=\"attachment-large size-large\" alt=\"domy mobilne ca\u0142oroczne\" srcset=\"https:\/\/verohomes.pl\/wp-content\/uploads\/2023\/02\/Dom-mobilny-10-12-1024x819.webp 1024w, https:\/\/verohomes.pl\/wp-content\/uploads\/2023\/02\/Dom-mobilny-10-12-300x240.webp 300w, https:\/\/verohomes.pl\/wp-content\/uploads\/2023\/02\/Dom-mobilny-10-12-768x614.webp 768w, https:\/\/verohomes.pl\/wp-content\/uploads\/2023\/02\/Dom-mobilny-10-12.webp 1200w\" sizes=\"(max-width: 1024px) 100vw, 1024px\" \/><\/a>\n\t\t\t<\/div><\/figure><figure class='gallery-item'>\n\t\t\t<div class='gallery-icon landscape'>\n\t\t\t\t<a data-elementor-open-lightbox=\"yes\" data-elementor-lightbox-slideshow=\"5afb30e\" data-elementor-lightbox-title=\"Dom 48 m\u00b2 morski\" data-e-action-hash=\"#elementor-action%3Aaction%3Dlightbox%26settings%3DeyJpZCI6NjA1NywidXJsIjoiaHR0cHM6XC9cL3Zlcm9ob21lcy5wbFwvd3AtY29udGVudFwvdXBsb2Fkc1wvMjAyM1wvMDJcL0RvbS1tb2JpbG55LTgtMTIud2VicCIsInNsaWRlc2hvdyI6IjVhZmIzMGUifQ%3D%3D\" href='https:\/\/verohomes.pl\/wp-content\/uploads\/2023\/02\/Dom-mobilny-8-12.webp'><img loading=\"lazy\" decoding=\"async\" width=\"1024\" height=\"819\" src=\"https:\/\/verohomes.pl\/wp-content\/uploads\/2023\/02\/Dom-mobilny-8-12-1024x819.webp\" class=\"attachment-large size-large\" alt=\"dom na ko\u0142ach\" srcset=\"https:\/\/verohomes.pl\/wp-content\/uploads\/2023\/02\/Dom-mobilny-8-12-1024x819.webp 1024w, https:\/\/verohomes.pl\/wp-content\/uploads\/2023\/02\/Dom-mobilny-8-12-300x240.webp 300w, https:\/\/verohomes.pl\/wp-content\/uploads\/2023\/02\/Dom-mobilny-8-12-768x614.webp 768w, https:\/\/verohomes.pl\/wp-content\/uploads\/2023\/02\/Dom-mobilny-8-12.webp 1200w\" sizes=\"(max-width: 1024px) 100vw, 1024px\" \/><\/a>\n\t\t\t<\/div><\/figure><figure class='gallery-item'>\n\t\t\t<div class='gallery-icon landscape'>\n\t\t\t\t<a data-elementor-open-lightbox=\"yes\" data-elementor-lightbox-slideshow=\"5afb30e\" data-elementor-lightbox-title=\"Dom 48 m\u00b2 morski\" data-e-action-hash=\"#elementor-action%3Aaction%3Dlightbox%26settings%3DeyJpZCI6NjA1NSwidXJsIjoiaHR0cHM6XC9cL3Zlcm9ob21lcy5wbFwvd3AtY29udGVudFwvdXBsb2Fkc1wvMjAyM1wvMDJcL0RvbS1tb2JpbG55LTctMTIud2VicCIsInNsaWRlc2hvdyI6IjVhZmIzMGUifQ%3D%3D\" href='https:\/\/verohomes.pl\/wp-content\/uploads\/2023\/02\/Dom-mobilny-7-12.webp'><img loading=\"lazy\" decoding=\"async\" width=\"1024\" height=\"819\" src=\"https:\/\/verohomes.pl\/wp-content\/uploads\/2023\/02\/Dom-mobilny-7-12-1024x819.webp\" class=\"attachment-large size-large\" alt=\"dom na ko\u0142ach\" srcset=\"https:\/\/verohomes.pl\/wp-content\/uploads\/2023\/02\/Dom-mobilny-7-12-1024x819.webp 1024w, https:\/\/verohomes.pl\/wp-content\/uploads\/2023\/02\/Dom-mobilny-7-12-300x240.webp 300w, https:\/\/verohomes.pl\/wp-content\/uploads\/2023\/02\/Dom-mobilny-7-12-768x614.webp 768w, https:\/\/verohomes.pl\/wp-content\/uploads\/2023\/02\/Dom-mobilny-7-12.webp 1200w\" sizes=\"(max-width: 1024px) 100vw, 1024px\" \/><\/a>\n\t\t\t<\/div><\/figure><figure class='gallery-item'>\n\t\t\t<div class='gallery-icon landscape'>\n\t\t\t\t<a data-elementor-open-lightbox=\"yes\" data-elementor-lightbox-slideshow=\"5afb30e\" data-elementor-lightbox-title=\"Dom 48 m\u00b2 morski\" data-e-action-hash=\"#elementor-action%3Aaction%3Dlightbox%26settings%3DeyJpZCI6NjA1OSwidXJsIjoiaHR0cHM6XC9cL3Zlcm9ob21lcy5wbFwvd3AtY29udGVudFwvdXBsb2Fkc1wvMjAyM1wvMDJcL0RvbS1tb2JpbG55LTktMTIud2VicCIsInNsaWRlc2hvdyI6IjVhZmIzMGUifQ%3D%3D\" href='https:\/\/verohomes.pl\/wp-content\/uploads\/2023\/02\/Dom-mobilny-9-12.webp'><img loading=\"lazy\" decoding=\"async\" width=\"1024\" height=\"819\" src=\"https:\/\/verohomes.pl\/wp-content\/uploads\/2023\/02\/Dom-mobilny-9-12-1024x819.webp\" class=\"attachment-large size-large\" alt=\"domy mobilne ca\u0142oroczne\" srcset=\"https:\/\/verohomes.pl\/wp-content\/uploads\/2023\/02\/Dom-mobilny-9-12-1024x819.webp 1024w, https:\/\/verohomes.pl\/wp-content\/uploads\/2023\/02\/Dom-mobilny-9-12-300x240.webp 300w, https:\/\/verohomes.pl\/wp-content\/uploads\/2023\/02\/Dom-mobilny-9-12-768x614.webp 768w, https:\/\/verohomes.pl\/wp-content\/uploads\/2023\/02\/Dom-mobilny-9-12.webp 1200w\" sizes=\"(max-width: 1024px) 100vw, 1024px\" \/><\/a>\n\t\t\t<\/div><\/figure><figure class='gallery-item'>\n\t\t\t<div class='gallery-icon landscape'>\n\t\t\t\t<a data-elementor-open-lightbox=\"yes\" data-elementor-lightbox-slideshow=\"5afb30e\" data-elementor-lightbox-title=\"Dom 48 m\u00b2 morski\" data-e-action-hash=\"#elementor-action%3Aaction%3Dlightbox%26settings%3DeyJpZCI6NjA0NSwidXJsIjoiaHR0cHM6XC9cL3Zlcm9ob21lcy5wbFwvd3AtY29udGVudFwvdXBsb2Fkc1wvMjAyM1wvMDJcL0RvbS1tb2JpbG55LTItMTMud2VicCIsInNsaWRlc2hvdyI6IjVhZmIzMGUifQ%3D%3D\" href='https:\/\/verohomes.pl\/wp-content\/uploads\/2023\/02\/Dom-mobilny-2-13.webp'><img loading=\"lazy\" decoding=\"async\" width=\"1024\" height=\"819\" src=\"https:\/\/verohomes.pl\/wp-content\/uploads\/2023\/02\/Dom-mobilny-2-13-1024x819.webp\" class=\"attachment-large size-large\" alt=\"dom na ko\u0142ach\" srcset=\"https:\/\/verohomes.pl\/wp-content\/uploads\/2023\/02\/Dom-mobilny-2-13-1024x819.webp 1024w, https:\/\/verohomes.pl\/wp-content\/uploads\/2023\/02\/Dom-mobilny-2-13-300x240.webp 300w, https:\/\/verohomes.pl\/wp-content\/uploads\/2023\/02\/Dom-mobilny-2-13-768x614.webp 768w, https:\/\/verohomes.pl\/wp-content\/uploads\/2023\/02\/Dom-mobilny-2-13.webp 1200w\" sizes=\"(max-width: 1024px) 100vw, 1024px\" \/><\/a>\n\t\t\t<\/div><\/figure>\n\t\t<\/div>\n\t\t<\/div>\n\t\t\t\t\t\t<\/div>\n\t\t\t\t<\/div>\n\t\t\t\t\t<\/div>\n\t\t<\/div>\n\t\t\t\t\t<\/div>\n\t\t<\/section>\n\t\t\t\t<\/div>\n\t\t","protected":false},"excerpt":{"rendered":"<p>D\u016fm mo\u0159sk\u00fd Galerie<\/p>\n","protected":false},"author":3,"featured_media":0,"parent":6475,"menu_order":0,"comment_status":"closed","ping_status":"closed","template":"","meta":{"inline_featured_image":false,"site-sidebar-layout":"no-sidebar","site-content-layout":"page-builder","ast-site-content-layout":"","site-content-style":"default","site-sidebar-style":"default","ast-global-header-display":"","ast-banner-title-visibility":"","ast-main-header-display":"","ast-hfb-above-header-display":"","ast-hfb-below-header-display":"","ast-hfb-mobile-header-display":"","site-post-title":"disabled","ast-breadcrumbs-content":"","ast-featured-img":"disabled","footer-sml-layout":"","theme-transparent-header-meta":"","adv-header-id-meta":"","stick-header-meta":"","header-above-stick-meta":"","header-main-stick-meta":"","header-below-stick-meta":"","astra-migrate-meta-layouts":"","footnotes":""},"class_list":["post-6491","page","type-page","status-publish","hentry"],"_links":{"self":[{"href":"https:\/\/verohomes.pl\/cs\/wp-json\/wp\/v2\/pages\/6491","targetHints":{"allow":["GET"]}}],"collection":[{"href":"https:\/\/verohomes.pl\/cs\/wp-json\/wp\/v2\/pages"}],"about":[{"href":"https:\/\/verohomes.pl\/cs\/wp-json\/wp\/v2\/types\/page"}],"author":[{"embeddable":true,"href":"https:\/\/verohomes.pl\/cs\/wp-json\/wp\/v2\/users\/3"}],"replies":[{"embeddable":true,"href":"https:\/\/verohomes.pl\/cs\/wp-json\/wp\/v2\/comments?post=6491"}],"version-history":[{"count":1,"href":"https:\/\/verohomes.pl\/cs\/wp-json\/wp\/v2\/pages\/6491\/revisions"}],"predecessor-version":[{"id":6492,"href":"https:\/\/verohomes.pl\/cs\/wp-json\/wp\/v2\/pages\/6491\/revisions\/6492"}],"up":[{"embeddable":true,"href":"https:\/\/verohomes.pl\/cs\/wp-json\/wp\/v2\/pages\/6475"}],"wp:attachment":[{"href":"https:\/\/verohomes.pl\/cs\/wp-json\/wp\/v2\/media?parent=6491"}],"curies":[{"name":"wp","href":"https:\/\/api.w.org\/{rel}","templated":true}]}}