{"id":6481,"date":"2023-01-13T16:59:46","date_gmt":"2023-01-13T15:59:46","guid":{"rendered":"https:\/\/verohomes.pl\/realizace\/dum-48-m%c2%b2-cihlove-cerveny\/"},"modified":"2025-10-23T13:34:22","modified_gmt":"2025-10-23T11:34:22","slug":"dum-48-m2-cihlove-cerveny","status":"publish","type":"page","link":"https:\/\/verohomes.pl\/cs\/realizace\/dum-48-m2-cihlove-cerveny\/","title":{"rendered":"D\u016fm 48 m\u00b2 cihlov\u011b \u010derven\u00fd"},"content":{"rendered":"\t\t<div data-elementor-type=\"wp-page\" data-elementor-id=\"6481\" class=\"elementor elementor-6481 elementor-2837\" data-elementor-post-type=\"page\">\n\t\t\t\t\t\t<section class=\"elementor-section elementor-top-section elementor-element elementor-element-09b2a8e elementor-section-boxed elementor-section-height-default elementor-section-height-default\" data-id=\"09b2a8e\" data-element_type=\"section\" data-e-type=\"section\">\n\t\t\t\t\t\t<div class=\"elementor-container elementor-column-gap-no\">\n\t\t\t\t\t<div class=\"elementor-column elementor-col-100 elementor-top-column elementor-element elementor-element-23be989\" data-id=\"23be989\" data-element_type=\"column\" data-e-type=\"column\">\n\t\t\t<div class=\"elementor-widget-wrap elementor-element-populated\">\n\t\t\t\t\t\t<div class=\"elementor-element elementor-element-b473073 elementor-absolute elementor-widget elementor-widget-heading\" data-id=\"b473073\" data-element_type=\"widget\" data-e-type=\"widget\" data-settings=\"{&quot;_position&quot;:&quot;absolute&quot;}\" data-widget_type=\"heading.default\">\n\t\t\t\t<div class=\"elementor-widget-container\">\n\t\t\t\t\t<span class=\"elementor-heading-title elementor-size-default\">D\u016fm cihlov\u011b \u010derven\u00fd<\/span>\t\t\t\t<\/div>\n\t\t\t\t<\/div>\n\t\t\t\t\t<\/div>\n\t\t<\/div>\n\t\t\t\t\t<\/div>\n\t\t<\/section>\n\t\t\t\t<section class=\"elementor-section elementor-top-section elementor-element elementor-element-4566621 elementor-section-content-middle elementor-section-full_width elementor-section-height-default elementor-section-height-default\" data-id=\"4566621\" data-element_type=\"section\" data-e-type=\"section\" data-settings=\"{&quot;background_background&quot;:&quot;classic&quot;}\">\n\t\t\t\t\t\t<div class=\"elementor-container elementor-column-gap-no\">\n\t\t\t\t\t<div class=\"elementor-column elementor-col-100 elementor-top-column elementor-element elementor-element-0b0d5d4\" data-id=\"0b0d5d4\" data-element_type=\"column\" data-e-type=\"column\">\n\t\t\t<div class=\"elementor-widget-wrap elementor-element-populated\">\n\t\t\t\t\t\t<div class=\"elementor-element elementor-element-0527529 elementor-widget elementor-widget-image\" data-id=\"0527529\" data-element_type=\"widget\" data-e-type=\"widget\" data-widget_type=\"image.default\">\n\t\t\t\t<div class=\"elementor-widget-container\">\n\t\t\t\t\t\t\t\t\t\t\t\t\t\t\t<img fetchpriority=\"high\" decoding=\"async\" width=\"1200\" height=\"960\" src=\"https:\/\/verohomes.pl\/wp-content\/uploads\/2023\/02\/Dom-mobilny-14.webp\" class=\"attachment-full size-full wp-image-5687\" alt=\"Ca\u0142oroczne domy szkieletowe Vero Homes kanapa\" srcset=\"https:\/\/verohomes.pl\/wp-content\/uploads\/2023\/02\/Dom-mobilny-14.webp 1200w, https:\/\/verohomes.pl\/wp-content\/uploads\/2023\/02\/Dom-mobilny-14-300x240.webp 300w, https:\/\/verohomes.pl\/wp-content\/uploads\/2023\/02\/Dom-mobilny-14-1024x819.webp 1024w, https:\/\/verohomes.pl\/wp-content\/uploads\/2023\/02\/Dom-mobilny-14-768x614.webp 768w\" sizes=\"(max-width: 1200px) 100vw, 1200px\" \/>\t\t\t\t\t\t\t\t\t\t\t\t\t\t\t<\/div>\n\t\t\t\t<\/div>\n\t\t\t\t\t<\/div>\n\t\t<\/div>\n\t\t\t\t\t<\/div>\n\t\t<\/section>\n\t\t\t\t<section class=\"elementor-section elementor-top-section elementor-element elementor-element-a304e2e elementor-section-boxed elementor-section-height-default elementor-section-height-default\" data-id=\"a304e2e\" data-element_type=\"section\" data-e-type=\"section\">\n\t\t\t\t\t\t<div class=\"elementor-container elementor-column-gap-default\">\n\t\t\t\t\t<div class=\"elementor-column elementor-col-100 elementor-top-column elementor-element elementor-element-7e4b227\" data-id=\"7e4b227\" data-element_type=\"column\" data-e-type=\"column\">\n\t\t\t<div class=\"elementor-widget-wrap elementor-element-populated\">\n\t\t\t\t\t\t<div class=\"elementor-element elementor-element-5300f3a elementor-widget elementor-widget-heading\" data-id=\"5300f3a\" data-element_type=\"widget\" data-e-type=\"widget\" data-widget_type=\"heading.default\">\n\t\t\t\t<div class=\"elementor-widget-container\">\n\t\t\t\t\t<h2 class=\"elementor-heading-title elementor-size-default\">Galerie<\/h2>\t\t\t\t<\/div>\n\t\t\t\t<\/div>\n\t\t\t\t\t<\/div>\n\t\t<\/div>\n\t\t\t\t\t<\/div>\n\t\t<\/section>\n\t\t\t\t<section class=\"elementor-section elementor-top-section elementor-element elementor-element-7282617 elementor-section-boxed elementor-section-height-default elementor-section-height-default\" data-id=\"7282617\" data-element_type=\"section\" data-e-type=\"section\">\n\t\t\t\t\t\t<div class=\"elementor-container elementor-column-gap-default\">\n\t\t\t\t\t<div class=\"elementor-column elementor-col-100 elementor-top-column elementor-element elementor-element-bb9734d\" data-id=\"bb9734d\" data-element_type=\"column\" data-e-type=\"column\">\n\t\t\t<div class=\"elementor-widget-wrap elementor-element-populated\">\n\t\t\t\t\t\t<div class=\"elementor-element elementor-element-5afb30e gallery-spacing-custom elementor-widget elementor-widget-image-gallery\" data-id=\"5afb30e\" data-element_type=\"widget\" data-e-type=\"widget\" data-widget_type=\"image-gallery.default\">\n\t\t\t\t<div class=\"elementor-widget-container\">\n\t\t\t\t\t\t\t<div class=\"elementor-image-gallery\">\n\t\t\t<div id='gallery-1' class='gallery galleryid-6481 gallery-columns-3 gallery-size-large'><figure class='gallery-item'>\n\t\t\t<div class='gallery-icon landscape'>\n\t\t\t\t<a data-elementor-open-lightbox=\"yes\" data-elementor-lightbox-slideshow=\"5afb30e\" data-elementor-lightbox-title=\"Dom 48 m\u00b2 ceglasty\" data-e-action-hash=\"#elementor-action%3Aaction%3Dlightbox%26settings%3DeyJpZCI6NTY2MywidXJsIjoiaHR0cHM6XC9cL3Zlcm9ob21lcy5wbFwvd3AtY29udGVudFwvdXBsb2Fkc1wvMjAyM1wvMDJcL0RvbS1tb2JpbG55LTcud2VicCIsInNsaWRlc2hvdyI6IjVhZmIzMGUifQ%3D%3D\" href='https:\/\/verohomes.pl\/wp-content\/uploads\/2023\/02\/Dom-mobilny-7.webp'><img decoding=\"async\" width=\"1024\" height=\"819\" src=\"https:\/\/verohomes.pl\/wp-content\/uploads\/2023\/02\/Dom-mobilny-7-1024x819.webp\" class=\"attachment-large size-large\" alt=\"Ca\u0142oroczne domy szkieletowe mobilne Vero Homes salon z kanap\u0105\" srcset=\"https:\/\/verohomes.pl\/wp-content\/uploads\/2023\/02\/Dom-mobilny-7-1024x819.webp 1024w, https:\/\/verohomes.pl\/wp-content\/uploads\/2023\/02\/Dom-mobilny-7-300x240.webp 300w, https:\/\/verohomes.pl\/wp-content\/uploads\/2023\/02\/Dom-mobilny-7-768x614.webp 768w, https:\/\/verohomes.pl\/wp-content\/uploads\/2023\/02\/Dom-mobilny-7.webp 1200w\" sizes=\"(max-width: 1024px) 100vw, 1024px\" \/><\/a>\n\t\t\t<\/div><\/figure><figure class='gallery-item'>\n\t\t\t<div class='gallery-icon landscape'>\n\t\t\t\t<a data-elementor-open-lightbox=\"yes\" data-elementor-lightbox-slideshow=\"5afb30e\" data-elementor-lightbox-title=\"Dom 48 m\u00b2 ceglasty\" data-e-action-hash=\"#elementor-action%3Aaction%3Dlightbox%26settings%3DeyJpZCI6NTY2NSwidXJsIjoiaHR0cHM6XC9cL3Zlcm9ob21lcy5wbFwvd3AtY29udGVudFwvdXBsb2Fkc1wvMjAyM1wvMDJcL0RvbS1tb2JpbG55LTgud2VicCIsInNsaWRlc2hvdyI6IjVhZmIzMGUifQ%3D%3D\" href='https:\/\/verohomes.pl\/wp-content\/uploads\/2023\/02\/Dom-mobilny-8.webp'><img decoding=\"async\" width=\"1024\" height=\"819\" src=\"https:\/\/verohomes.pl\/wp-content\/uploads\/2023\/02\/Dom-mobilny-8-1024x819.webp\" class=\"attachment-large size-large\" alt=\"Ca\u0142oroczne domy szkieletowe mobilne Vero Homes kuchnia i salon widok\" srcset=\"https:\/\/verohomes.pl\/wp-content\/uploads\/2023\/02\/Dom-mobilny-8-1024x819.webp 1024w, https:\/\/verohomes.pl\/wp-content\/uploads\/2023\/02\/Dom-mobilny-8-300x240.webp 300w, https:\/\/verohomes.pl\/wp-content\/uploads\/2023\/02\/Dom-mobilny-8-768x614.webp 768w, https:\/\/verohomes.pl\/wp-content\/uploads\/2023\/02\/Dom-mobilny-8.webp 1200w\" sizes=\"(max-width: 1024px) 100vw, 1024px\" \/><\/a>\n\t\t\t<\/div><\/figure><figure class='gallery-item'>\n\t\t\t<div class='gallery-icon landscape'>\n\t\t\t\t<a data-elementor-open-lightbox=\"yes\" data-elementor-lightbox-slideshow=\"5afb30e\" data-elementor-lightbox-title=\"Dom 48 m\u00b2 ceglasty\" data-e-action-hash=\"#elementor-action%3Aaction%3Dlightbox%26settings%3DeyJpZCI6NTY2NywidXJsIjoiaHR0cHM6XC9cL3Zlcm9ob21lcy5wbFwvd3AtY29udGVudFwvdXBsb2Fkc1wvMjAyM1wvMDJcL0RvbS1tb2JpbG55LTkud2VicCIsInNsaWRlc2hvdyI6IjVhZmIzMGUifQ%3D%3D\" href='https:\/\/verohomes.pl\/wp-content\/uploads\/2023\/02\/Dom-mobilny-9.webp'><img loading=\"lazy\" decoding=\"async\" width=\"1024\" height=\"819\" src=\"https:\/\/verohomes.pl\/wp-content\/uploads\/2023\/02\/Dom-mobilny-9-1024x819.webp\" class=\"attachment-large size-large\" alt=\"Ca\u0142oroczne domy szkieletowe mobilne Vero Homes kuchnia\" srcset=\"https:\/\/verohomes.pl\/wp-content\/uploads\/2023\/02\/Dom-mobilny-9-1024x819.webp 1024w, https:\/\/verohomes.pl\/wp-content\/uploads\/2023\/02\/Dom-mobilny-9-300x240.webp 300w, https:\/\/verohomes.pl\/wp-content\/uploads\/2023\/02\/Dom-mobilny-9-768x614.webp 768w, https:\/\/verohomes.pl\/wp-content\/uploads\/2023\/02\/Dom-mobilny-9.webp 1200w\" sizes=\"(max-width: 1024px) 100vw, 1024px\" \/><\/a>\n\t\t\t<\/div><\/figure><figure class='gallery-item'>\n\t\t\t<div class='gallery-icon landscape'>\n\t\t\t\t<a data-elementor-open-lightbox=\"yes\" data-elementor-lightbox-slideshow=\"5afb30e\" data-elementor-lightbox-title=\"Dom 48 m\u00b2 ceglasty\" data-e-action-hash=\"#elementor-action%3Aaction%3Dlightbox%26settings%3DeyJpZCI6NTY2OSwidXJsIjoiaHR0cHM6XC9cL3Zlcm9ob21lcy5wbFwvd3AtY29udGVudFwvdXBsb2Fkc1wvMjAyM1wvMDJcL0RvbS1tb2JpbG55LTEwLndlYnAiLCJzbGlkZXNob3ciOiI1YWZiMzBlIn0%3D\" href='https:\/\/verohomes.pl\/wp-content\/uploads\/2023\/02\/Dom-mobilny-10.webp'><img loading=\"lazy\" decoding=\"async\" width=\"1024\" height=\"819\" src=\"https:\/\/verohomes.pl\/wp-content\/uploads\/2023\/02\/Dom-mobilny-10-1024x819.webp\" class=\"attachment-large size-large\" alt=\"Ca\u0142oroczne domy szkieletowe mobilne Vero Homes kuchnia\" srcset=\"https:\/\/verohomes.pl\/wp-content\/uploads\/2023\/02\/Dom-mobilny-10-1024x819.webp 1024w, https:\/\/verohomes.pl\/wp-content\/uploads\/2023\/02\/Dom-mobilny-10-300x240.webp 300w, https:\/\/verohomes.pl\/wp-content\/uploads\/2023\/02\/Dom-mobilny-10-768x614.webp 768w, https:\/\/verohomes.pl\/wp-content\/uploads\/2023\/02\/Dom-mobilny-10.webp 1200w\" sizes=\"(max-width: 1024px) 100vw, 1024px\" \/><\/a>\n\t\t\t<\/div><\/figure><figure class='gallery-item'>\n\t\t\t<div class='gallery-icon landscape'>\n\t\t\t\t<a data-elementor-open-lightbox=\"yes\" data-elementor-lightbox-slideshow=\"5afb30e\" data-elementor-lightbox-title=\"Dom mobilny 12\" data-e-action-hash=\"#elementor-action%3Aaction%3Dlightbox%26settings%3DeyJpZCI6NTY3OSwidXJsIjoiaHR0cHM6XC9cL3Zlcm9ob21lcy5wbFwvd3AtY29udGVudFwvdXBsb2Fkc1wvMjAyM1wvMDJcL0RvbS1tb2JpbG55LTEyLndlYnAiLCJzbGlkZXNob3ciOiI1YWZiMzBlIn0%3D\" href='https:\/\/verohomes.pl\/wp-content\/uploads\/2023\/02\/Dom-mobilny-12.webp'><img loading=\"lazy\" decoding=\"async\" width=\"1024\" height=\"819\" src=\"https:\/\/verohomes.pl\/wp-content\/uploads\/2023\/02\/Dom-mobilny-12-1024x819.webp\" class=\"attachment-large size-large\" alt=\"Domy szkieletowe mobilne Vero Homes kuchnia\" srcset=\"https:\/\/verohomes.pl\/wp-content\/uploads\/2023\/02\/Dom-mobilny-12-1024x819.webp 1024w, https:\/\/verohomes.pl\/wp-content\/uploads\/2023\/02\/Dom-mobilny-12-300x240.webp 300w, https:\/\/verohomes.pl\/wp-content\/uploads\/2023\/02\/Dom-mobilny-12-768x614.webp 768w, https:\/\/verohomes.pl\/wp-content\/uploads\/2023\/02\/Dom-mobilny-12.webp 1200w\" sizes=\"(max-width: 1024px) 100vw, 1024px\" \/><\/a>\n\t\t\t<\/div><\/figure><figure class='gallery-item'>\n\t\t\t<div class='gallery-icon landscape'>\n\t\t\t\t<a data-elementor-open-lightbox=\"yes\" data-elementor-lightbox-slideshow=\"5afb30e\" data-elementor-lightbox-title=\"Dom 48 m\u00b2 ceglasty\" data-e-action-hash=\"#elementor-action%3Aaction%3Dlightbox%26settings%3DeyJpZCI6NTY4MywidXJsIjoiaHR0cHM6XC9cL3Zlcm9ob21lcy5wbFwvd3AtY29udGVudFwvdXBsb2Fkc1wvMjAyM1wvMDJcL0RvbS1tb2JpbG55LTEzLndlYnAiLCJzbGlkZXNob3ciOiI1YWZiMzBlIn0%3D\" href='https:\/\/verohomes.pl\/wp-content\/uploads\/2023\/02\/Dom-mobilny-13.webp'><img loading=\"lazy\" decoding=\"async\" width=\"1024\" height=\"819\" src=\"https:\/\/verohomes.pl\/wp-content\/uploads\/2023\/02\/Dom-mobilny-13-1024x819.webp\" class=\"attachment-large size-large\" alt=\"Ca\u0142oroczne domy szkieletowe Vero Homes widok pomieszcze\u0144\" srcset=\"https:\/\/verohomes.pl\/wp-content\/uploads\/2023\/02\/Dom-mobilny-13-1024x819.webp 1024w, https:\/\/verohomes.pl\/wp-content\/uploads\/2023\/02\/Dom-mobilny-13-300x240.webp 300w, https:\/\/verohomes.pl\/wp-content\/uploads\/2023\/02\/Dom-mobilny-13-768x614.webp 768w, https:\/\/verohomes.pl\/wp-content\/uploads\/2023\/02\/Dom-mobilny-13.webp 1200w\" sizes=\"(max-width: 1024px) 100vw, 1024px\" \/><\/a>\n\t\t\t<\/div><\/figure><figure class='gallery-item'>\n\t\t\t<div class='gallery-icon landscape'>\n\t\t\t\t<a data-elementor-open-lightbox=\"yes\" data-elementor-lightbox-slideshow=\"5afb30e\" data-elementor-lightbox-title=\"1\" data-e-action-hash=\"#elementor-action%3Aaction%3Dlightbox%26settings%3DeyJpZCI6NjEyNCwidXJsIjoiaHR0cHM6XC9cL3Zlcm9ob21lcy5wbFwvd3AtY29udGVudFwvdXBsb2Fkc1wvMjAyM1wvMDJcLzEucG5nIiwic2xpZGVzaG93IjoiNWFmYjMwZSJ9\" href='https:\/\/verohomes.pl\/wp-content\/uploads\/2023\/02\/1.png'><img loading=\"lazy\" decoding=\"async\" width=\"1024\" height=\"819\" src=\"https:\/\/verohomes.pl\/wp-content\/uploads\/2023\/02\/1-1024x819.png\" class=\"attachment-large size-large\" alt=\"Domek mobilny\" srcset=\"https:\/\/verohomes.pl\/wp-content\/uploads\/2023\/02\/1-1024x819.png 1024w, https:\/\/verohomes.pl\/wp-content\/uploads\/2023\/02\/1-300x240.png 300w, https:\/\/verohomes.pl\/wp-content\/uploads\/2023\/02\/1-768x614.png 768w, https:\/\/verohomes.pl\/wp-content\/uploads\/2023\/02\/1.png 1200w\" sizes=\"(max-width: 1024px) 100vw, 1024px\" \/><\/a>\n\t\t\t<\/div><\/figure><figure class='gallery-item'>\n\t\t\t<div class='gallery-icon landscape'>\n\t\t\t\t<a data-elementor-open-lightbox=\"yes\" data-elementor-lightbox-slideshow=\"5afb30e\" data-elementor-lightbox-title=\"2\" data-e-action-hash=\"#elementor-action%3Aaction%3Dlightbox%26settings%3DeyJpZCI6NjEyNiwidXJsIjoiaHR0cHM6XC9cL3Zlcm9ob21lcy5wbFwvd3AtY29udGVudFwvdXBsb2Fkc1wvMjAyM1wvMDJcLzIucG5nIiwic2xpZGVzaG93IjoiNWFmYjMwZSJ9\" href='https:\/\/verohomes.pl\/wp-content\/uploads\/2023\/02\/2.png'><img loading=\"lazy\" decoding=\"async\" width=\"1024\" height=\"819\" src=\"https:\/\/verohomes.pl\/wp-content\/uploads\/2023\/02\/2-1024x819.png\" class=\"attachment-large size-large\" alt=\"Domek mobilny\" srcset=\"https:\/\/verohomes.pl\/wp-content\/uploads\/2023\/02\/2-1024x819.png 1024w, https:\/\/verohomes.pl\/wp-content\/uploads\/2023\/02\/2-300x240.png 300w, https:\/\/verohomes.pl\/wp-content\/uploads\/2023\/02\/2-768x614.png 768w, https:\/\/verohomes.pl\/wp-content\/uploads\/2023\/02\/2.png 1200w\" sizes=\"(max-width: 1024px) 100vw, 1024px\" \/><\/a>\n\t\t\t<\/div><\/figure><figure class='gallery-item'>\n\t\t\t<div class='gallery-icon landscape'>\n\t\t\t\t<a data-elementor-open-lightbox=\"yes\" data-elementor-lightbox-slideshow=\"5afb30e\" data-elementor-lightbox-title=\"3\" data-e-action-hash=\"#elementor-action%3Aaction%3Dlightbox%26settings%3DeyJpZCI6NjEyOCwidXJsIjoiaHR0cHM6XC9cL3Zlcm9ob21lcy5wbFwvd3AtY29udGVudFwvdXBsb2Fkc1wvMjAyM1wvMDJcLzMucG5nIiwic2xpZGVzaG93IjoiNWFmYjMwZSJ9\" href='https:\/\/verohomes.pl\/wp-content\/uploads\/2023\/02\/3.png'><img loading=\"lazy\" decoding=\"async\" width=\"1024\" height=\"819\" src=\"https:\/\/verohomes.pl\/wp-content\/uploads\/2023\/02\/3-1024x819.png\" class=\"attachment-large size-large\" alt=\"Domek mobilny\" srcset=\"https:\/\/verohomes.pl\/wp-content\/uploads\/2023\/02\/3-1024x819.png 1024w, https:\/\/verohomes.pl\/wp-content\/uploads\/2023\/02\/3-300x240.png 300w, https:\/\/verohomes.pl\/wp-content\/uploads\/2023\/02\/3-768x614.png 768w, https:\/\/verohomes.pl\/wp-content\/uploads\/2023\/02\/3.png 1200w\" sizes=\"(max-width: 1024px) 100vw, 1024px\" \/><\/a>\n\t\t\t<\/div><\/figure><figure class='gallery-item'>\n\t\t\t<div class='gallery-icon landscape'>\n\t\t\t\t<a data-elementor-open-lightbox=\"yes\" data-elementor-lightbox-slideshow=\"5afb30e\" data-elementor-lightbox-title=\"4\" data-e-action-hash=\"#elementor-action%3Aaction%3Dlightbox%26settings%3DeyJpZCI6NjEzMCwidXJsIjoiaHR0cHM6XC9cL3Zlcm9ob21lcy5wbFwvd3AtY29udGVudFwvdXBsb2Fkc1wvMjAyM1wvMDJcLzQucG5nIiwic2xpZGVzaG93IjoiNWFmYjMwZSJ9\" href='https:\/\/verohomes.pl\/wp-content\/uploads\/2023\/02\/4.png'><img loading=\"lazy\" decoding=\"async\" width=\"1024\" height=\"819\" src=\"https:\/\/verohomes.pl\/wp-content\/uploads\/2023\/02\/4-1024x819.png\" class=\"attachment-large size-large\" alt=\"Domek mobilny\" srcset=\"https:\/\/verohomes.pl\/wp-content\/uploads\/2023\/02\/4-1024x819.png 1024w, https:\/\/verohomes.pl\/wp-content\/uploads\/2023\/02\/4-300x240.png 300w, https:\/\/verohomes.pl\/wp-content\/uploads\/2023\/02\/4-768x614.png 768w, https:\/\/verohomes.pl\/wp-content\/uploads\/2023\/02\/4.png 1200w\" sizes=\"(max-width: 1024px) 100vw, 1024px\" \/><\/a>\n\t\t\t<\/div><\/figure><figure class='gallery-item'>\n\t\t\t<div class='gallery-icon landscape'>\n\t\t\t\t<a data-elementor-open-lightbox=\"yes\" data-elementor-lightbox-slideshow=\"5afb30e\" data-elementor-lightbox-title=\"5\" data-e-action-hash=\"#elementor-action%3Aaction%3Dlightbox%26settings%3DeyJpZCI6NjEzMiwidXJsIjoiaHR0cHM6XC9cL3Zlcm9ob21lcy5wbFwvd3AtY29udGVudFwvdXBsb2Fkc1wvMjAyM1wvMDJcLzUucG5nIiwic2xpZGVzaG93IjoiNWFmYjMwZSJ9\" href='https:\/\/verohomes.pl\/wp-content\/uploads\/2023\/02\/5.png'><img loading=\"lazy\" decoding=\"async\" width=\"1024\" height=\"819\" src=\"https:\/\/verohomes.pl\/wp-content\/uploads\/2023\/02\/5-1024x819.png\" class=\"attachment-large size-large\" alt=\"Domek mobilny\" srcset=\"https:\/\/verohomes.pl\/wp-content\/uploads\/2023\/02\/5-1024x819.png 1024w, https:\/\/verohomes.pl\/wp-content\/uploads\/2023\/02\/5-300x240.png 300w, https:\/\/verohomes.pl\/wp-content\/uploads\/2023\/02\/5-768x614.png 768w, https:\/\/verohomes.pl\/wp-content\/uploads\/2023\/02\/5.png 1200w\" sizes=\"(max-width: 1024px) 100vw, 1024px\" \/><\/a>\n\t\t\t<\/div><\/figure><figure class='gallery-item'>\n\t\t\t<div class='gallery-icon landscape'>\n\t\t\t\t<a data-elementor-open-lightbox=\"yes\" data-elementor-lightbox-slideshow=\"5afb30e\" data-elementor-lightbox-title=\"6\" data-e-action-hash=\"#elementor-action%3Aaction%3Dlightbox%26settings%3DeyJpZCI6NjEzNCwidXJsIjoiaHR0cHM6XC9cL3Zlcm9ob21lcy5wbFwvd3AtY29udGVudFwvdXBsb2Fkc1wvMjAyM1wvMDJcLzYucG5nIiwic2xpZGVzaG93IjoiNWFmYjMwZSJ9\" href='https:\/\/verohomes.pl\/wp-content\/uploads\/2023\/02\/6.png'><img loading=\"lazy\" decoding=\"async\" width=\"1024\" height=\"819\" src=\"https:\/\/verohomes.pl\/wp-content\/uploads\/2023\/02\/6-1024x819.png\" class=\"attachment-large size-large\" alt=\"Domek mobilny\" srcset=\"https:\/\/verohomes.pl\/wp-content\/uploads\/2023\/02\/6-1024x819.png 1024w, https:\/\/verohomes.pl\/wp-content\/uploads\/2023\/02\/6-300x240.png 300w, https:\/\/verohomes.pl\/wp-content\/uploads\/2023\/02\/6-768x614.png 768w, https:\/\/verohomes.pl\/wp-content\/uploads\/2023\/02\/6.png 1200w\" sizes=\"(max-width: 1024px) 100vw, 1024px\" \/><\/a>\n\t\t\t<\/div><\/figure>\n\t\t<\/div>\n\t\t<\/div>\n\t\t\t\t\t\t<\/div>\n\t\t\t\t<\/div>\n\t\t\t\t\t<\/div>\n\t\t<\/div>\n\t\t\t\t\t<\/div>\n\t\t<\/section>\n\t\t\t\t<section class=\"elementor-section elementor-top-section elementor-element elementor-element-48724cd elementor-section-boxed elementor-section-height-default elementor-section-height-default\" data-id=\"48724cd\" data-element_type=\"section\" data-e-type=\"section\">\n\t\t\t\t\t\t<div class=\"elementor-container elementor-column-gap-default\">\n\t\t\t\t\t<div class=\"elementor-column elementor-col-100 elementor-top-column elementor-element elementor-element-e4cf1ca\" data-id=\"e4cf1ca\" data-element_type=\"column\" data-e-type=\"column\">\n\t\t\t<div class=\"elementor-widget-wrap elementor-element-populated\">\n\t\t\t\t\t\t<div class=\"elementor-element elementor-element-9e09ee6 elementor-widget elementor-widget-heading\" data-id=\"9e09ee6\" data-element_type=\"widget\" data-e-type=\"widget\" data-widget_type=\"heading.default\">\n\t\t\t\t<div class=\"elementor-widget-container\">\n\t\t\t\t\t<h2 class=\"elementor-heading-title elementor-size-default\">Pl\u00e1n domu<\/h2>\t\t\t\t<\/div>\n\t\t\t\t<\/div>\n\t\t\t\t\t<\/div>\n\t\t<\/div>\n\t\t\t\t\t<\/div>\n\t\t<\/section>\n\t\t\t\t<section class=\"elementor-section elementor-top-section elementor-element elementor-element-77105f9 elementor-section-boxed elementor-section-height-default elementor-section-height-default\" data-id=\"77105f9\" data-element_type=\"section\" data-e-type=\"section\">\n\t\t\t\t\t\t<div class=\"elementor-container elementor-column-gap-default\">\n\t\t\t\t\t<div class=\"elementor-column elementor-col-100 elementor-top-column elementor-element elementor-element-5d721c1\" data-id=\"5d721c1\" data-element_type=\"column\" data-e-type=\"column\">\n\t\t\t<div class=\"elementor-widget-wrap elementor-element-populated\">\n\t\t\t\t\t\t<div class=\"elementor-element elementor-element-dd657be elementor-widget elementor-widget-image\" data-id=\"dd657be\" data-element_type=\"widget\" data-e-type=\"widget\" data-widget_type=\"image.default\">\n\t\t\t\t<div class=\"elementor-widget-container\">\n\t\t\t\t\t\t\t\t\t\t\t\t\t\t\t<img loading=\"lazy\" decoding=\"async\" width=\"1024\" height=\"362\" src=\"https:\/\/verohomes.pl\/wp-content\/uploads\/2024\/01\/ceglasty-1024x362.jpg\" class=\"attachment-large size-large wp-image-9586\" alt=\"domy mobilne ca\u0142oroczne\" srcset=\"https:\/\/verohomes.pl\/wp-content\/uploads\/2024\/01\/ceglasty-1024x362.jpg 1024w, https:\/\/verohomes.pl\/wp-content\/uploads\/2024\/01\/ceglasty-300x106.jpg 300w, https:\/\/verohomes.pl\/wp-content\/uploads\/2024\/01\/ceglasty-768x271.jpg 768w, https:\/\/verohomes.pl\/wp-content\/uploads\/2024\/01\/ceglasty.jpg 1093w\" sizes=\"(max-width: 1024px) 100vw, 1024px\" \/>\t\t\t\t\t\t\t\t\t\t\t\t\t\t\t<\/div>\n\t\t\t\t<\/div>\n\t\t\t\t<div class=\"elementor-element elementor-element-b76194c elementor-widget elementor-widget-spacer\" data-id=\"b76194c\" data-element_type=\"widget\" data-e-type=\"widget\" data-widget_type=\"spacer.default\">\n\t\t\t\t<div class=\"elementor-widget-container\">\n\t\t\t\t\t\t\t<div class=\"elementor-spacer\">\n\t\t\t<div class=\"elementor-spacer-inner\"><\/div>\n\t\t<\/div>\n\t\t\t\t\t\t<\/div>\n\t\t\t\t<\/div>\n\t\t\t\t\t<\/div>\n\t\t<\/div>\n\t\t\t\t\t<\/div>\n\t\t<\/section>\n\t\t\t\t<\/div>\n\t\t","protected":false},"excerpt":{"rendered":"<p>D\u016fm cihlov\u011b \u010derven\u00fd Galerie Pl\u00e1n domu<\/p>\n","protected":false},"author":3,"featured_media":0,"parent":6475,"menu_order":0,"comment_status":"closed","ping_status":"closed","template":"","meta":{"inline_featured_image":false,"site-sidebar-layout":"no-sidebar","site-content-layout":"page-builder","ast-site-content-layout":"","site-content-style":"default","site-sidebar-style":"default","ast-global-header-display":"","ast-banner-title-visibility":"","ast-main-header-display":"","ast-hfb-above-header-display":"","ast-hfb-below-header-display":"","ast-hfb-mobile-header-display":"","site-post-title":"disabled","ast-breadcrumbs-content":"","ast-featured-img":"disabled","footer-sml-layout":"","theme-transparent-header-meta":"","adv-header-id-meta":"","stick-header-meta":"","header-above-stick-meta":"","header-main-stick-meta":"","header-below-stick-meta":"","astra-migrate-meta-layouts":"","footnotes":""},"class_list":["post-6481","page","type-page","status-publish","hentry"],"_links":{"self":[{"href":"https:\/\/verohomes.pl\/cs\/wp-json\/wp\/v2\/pages\/6481","targetHints":{"allow":["GET"]}}],"collection":[{"href":"https:\/\/verohomes.pl\/cs\/wp-json\/wp\/v2\/pages"}],"about":[{"href":"https:\/\/verohomes.pl\/cs\/wp-json\/wp\/v2\/types\/page"}],"author":[{"embeddable":true,"href":"https:\/\/verohomes.pl\/cs\/wp-json\/wp\/v2\/users\/3"}],"replies":[{"embeddable":true,"href":"https:\/\/verohomes.pl\/cs\/wp-json\/wp\/v2\/comments?post=6481"}],"version-history":[{"count":8,"href":"https:\/\/verohomes.pl\/cs\/wp-json\/wp\/v2\/pages\/6481\/revisions"}],"predecessor-version":[{"id":13169,"href":"https:\/\/verohomes.pl\/cs\/wp-json\/wp\/v2\/pages\/6481\/revisions\/13169"}],"up":[{"embeddable":true,"href":"https:\/\/verohomes.pl\/cs\/wp-json\/wp\/v2\/pages\/6475"}],"wp:attachment":[{"href":"https:\/\/verohomes.pl\/cs\/wp-json\/wp\/v2\/media?parent=6481"}],"curies":[{"name":"wp","href":"https:\/\/api.w.org\/{rel}","templated":true}]}}