{"id":14620,"date":"2025-09-15T10:37:09","date_gmt":"2025-09-15T08:37:09","guid":{"rendered":"https:\/\/verohomes.pl\/realizace\/medeny-dum-54-m%c2%b2\/"},"modified":"2025-11-26T15:44:29","modified_gmt":"2025-11-26T14:44:29","slug":"medeny-dum-54-m2","status":"publish","type":"page","link":"https:\/\/verohomes.pl\/cs\/realizace\/medeny-dum-54-m2\/","title":{"rendered":"M\u011bd\u011bn\u00fd d\u016fm 54 m\u00b2"},"content":{"rendered":"\t\t<div data-elementor-type=\"wp-page\" data-elementor-id=\"14620\" class=\"elementor elementor-14620 elementor-14591\" data-elementor-post-type=\"page\">\n\t\t\t\t\t\t<section class=\"elementor-section elementor-top-section elementor-element elementor-element-09b2a8e elementor-section-boxed elementor-section-height-default elementor-section-height-default\" data-id=\"09b2a8e\" data-element_type=\"section\" data-e-type=\"section\">\n\t\t\t\t\t\t<div class=\"elementor-container elementor-column-gap-no\">\n\t\t\t\t\t<div class=\"elementor-column elementor-col-100 elementor-top-column elementor-element elementor-element-23be989\" data-id=\"23be989\" data-element_type=\"column\" data-e-type=\"column\">\n\t\t\t<div class=\"elementor-widget-wrap elementor-element-populated\">\n\t\t\t\t\t\t<div class=\"elementor-element elementor-element-b473073 elementor-absolute elementor-widget elementor-widget-heading\" data-id=\"b473073\" data-element_type=\"widget\" data-e-type=\"widget\" data-settings=\"{&quot;_position&quot;:&quot;absolute&quot;}\" data-widget_type=\"heading.default\">\n\t\t\t\t<div class=\"elementor-widget-container\">\n\t\t\t\t\t<span class=\"elementor-heading-title elementor-size-default\">M\u011bd\u011bn\u00fd d\u016fm<\/span>\t\t\t\t<\/div>\n\t\t\t\t<\/div>\n\t\t\t\t\t<\/div>\n\t\t<\/div>\n\t\t\t\t\t<\/div>\n\t\t<\/section>\n\t\t\t\t<section class=\"elementor-section elementor-top-section elementor-element elementor-element-4566621 elementor-section-content-middle elementor-section-full_width elementor-section-height-default elementor-section-height-default\" data-id=\"4566621\" data-element_type=\"section\" data-e-type=\"section\" data-settings=\"{&quot;background_background&quot;:&quot;classic&quot;}\">\n\t\t\t\t\t\t<div class=\"elementor-container elementor-column-gap-no\">\n\t\t\t\t\t<div class=\"elementor-column elementor-col-100 elementor-top-column elementor-element elementor-element-0b0d5d4\" data-id=\"0b0d5d4\" data-element_type=\"column\" data-e-type=\"column\">\n\t\t\t<div class=\"elementor-widget-wrap elementor-element-populated\">\n\t\t\t\t\t\t<div class=\"elementor-element elementor-element-0527529 elementor-widget elementor-widget-image\" data-id=\"0527529\" data-element_type=\"widget\" data-e-type=\"widget\" data-widget_type=\"image.default\">\n\t\t\t\t<div class=\"elementor-widget-container\">\n\t\t\t\t\t\t\t\t\t\t\t\t\t\t\t<img fetchpriority=\"high\" decoding=\"async\" width=\"1200\" height=\"960\" src=\"https:\/\/verohomes.pl\/wp-content\/uploads\/2025\/09\/2.jpg\" class=\"attachment-full size-full wp-image-14472\" alt=\"Dom mobilny 54 m2 miedziany Vero Homes salon z kuchni\u0105\" srcset=\"https:\/\/verohomes.pl\/wp-content\/uploads\/2025\/09\/2.jpg 1200w, https:\/\/verohomes.pl\/wp-content\/uploads\/2025\/09\/2-300x240.jpg 300w, https:\/\/verohomes.pl\/wp-content\/uploads\/2025\/09\/2-1024x819.jpg 1024w, https:\/\/verohomes.pl\/wp-content\/uploads\/2025\/09\/2-768x614.jpg 768w\" sizes=\"(max-width: 1200px) 100vw, 1200px\" \/>\t\t\t\t\t\t\t\t\t\t\t\t\t\t\t<\/div>\n\t\t\t\t<\/div>\n\t\t\t\t\t<\/div>\n\t\t<\/div>\n\t\t\t\t\t<\/div>\n\t\t<\/section>\n\t\t\t\t<section class=\"elementor-section elementor-top-section elementor-element elementor-element-a304e2e elementor-section-boxed elementor-section-height-default elementor-section-height-default\" data-id=\"a304e2e\" data-element_type=\"section\" data-e-type=\"section\">\n\t\t\t\t\t\t<div class=\"elementor-container elementor-column-gap-default\">\n\t\t\t\t\t<div class=\"elementor-column elementor-col-100 elementor-top-column elementor-element elementor-element-7e4b227\" data-id=\"7e4b227\" data-element_type=\"column\" data-e-type=\"column\">\n\t\t\t<div class=\"elementor-widget-wrap elementor-element-populated\">\n\t\t\t\t\t\t<div class=\"elementor-element elementor-element-5300f3a elementor-widget elementor-widget-heading\" data-id=\"5300f3a\" data-element_type=\"widget\" data-e-type=\"widget\" data-widget_type=\"heading.default\">\n\t\t\t\t<div class=\"elementor-widget-container\">\n\t\t\t\t\t<h2 class=\"elementor-heading-title elementor-size-default\">Galerie<\/h2>\t\t\t\t<\/div>\n\t\t\t\t<\/div>\n\t\t\t\t\t<\/div>\n\t\t<\/div>\n\t\t\t\t\t<\/div>\n\t\t<\/section>\n\t\t\t\t<section class=\"elementor-section elementor-top-section elementor-element elementor-element-7282617 elementor-section-boxed elementor-section-height-default elementor-section-height-default\" data-id=\"7282617\" data-element_type=\"section\" data-e-type=\"section\">\n\t\t\t\t\t\t<div class=\"elementor-container elementor-column-gap-default\">\n\t\t\t\t\t<div class=\"elementor-column elementor-col-100 elementor-top-column elementor-element elementor-element-bb9734d\" data-id=\"bb9734d\" data-element_type=\"column\" data-e-type=\"column\">\n\t\t\t<div class=\"elementor-widget-wrap elementor-element-populated\">\n\t\t\t\t\t\t<div class=\"elementor-element elementor-element-2c1880e gallery-spacing-custom elementor-widget elementor-widget-image-gallery\" data-id=\"2c1880e\" data-element_type=\"widget\" data-e-type=\"widget\" data-widget_type=\"image-gallery.default\">\n\t\t\t\t<div class=\"elementor-widget-container\">\n\t\t\t\t\t\t\t<div class=\"elementor-image-gallery\">\n\t\t\t<div id='gallery-1' class='gallery galleryid-14620 gallery-columns-3 gallery-size-large'><figure class='gallery-item'>\n\t\t\t<div class='gallery-icon landscape'>\n\t\t\t\t<a data-elementor-open-lightbox=\"yes\" data-elementor-lightbox-slideshow=\"2c1880e\" data-elementor-lightbox-title=\"3\" data-e-action-hash=\"#elementor-action%3Aaction%3Dlightbox%26settings%3DeyJpZCI6MTQ0NzYsInVybCI6Imh0dHBzOlwvXC92ZXJvaG9tZXMucGxcL3dwLWNvbnRlbnRcL3VwbG9hZHNcLzIwMjVcLzA5XC8zLmpwZyIsInNsaWRlc2hvdyI6IjJjMTg4MGUifQ%3D%3D\" href='https:\/\/verohomes.pl\/wp-content\/uploads\/2025\/09\/3.jpg'><img decoding=\"async\" width=\"1024\" height=\"819\" src=\"https:\/\/verohomes.pl\/wp-content\/uploads\/2025\/09\/3-1024x819.jpg\" class=\"attachment-large size-large\" alt=\"Dom mobilny 54 m2 miedziany Vero Homes salon z kuchni\u0105\" srcset=\"https:\/\/verohomes.pl\/wp-content\/uploads\/2025\/09\/3-1024x819.jpg 1024w, https:\/\/verohomes.pl\/wp-content\/uploads\/2025\/09\/3-300x240.jpg 300w, https:\/\/verohomes.pl\/wp-content\/uploads\/2025\/09\/3-768x614.jpg 768w, https:\/\/verohomes.pl\/wp-content\/uploads\/2025\/09\/3.jpg 1200w\" sizes=\"(max-width: 1024px) 100vw, 1024px\" \/><\/a>\n\t\t\t<\/div><\/figure><figure class='gallery-item'>\n\t\t\t<div class='gallery-icon landscape'>\n\t\t\t\t<a data-elementor-open-lightbox=\"yes\" data-elementor-lightbox-slideshow=\"2c1880e\" data-elementor-lightbox-title=\"1\" data-e-action-hash=\"#elementor-action%3Aaction%3Dlightbox%26settings%3DeyJpZCI6MTQ0NjgsInVybCI6Imh0dHBzOlwvXC92ZXJvaG9tZXMucGxcL3dwLWNvbnRlbnRcL3VwbG9hZHNcLzIwMjVcLzA5XC8xLmpwZyIsInNsaWRlc2hvdyI6IjJjMTg4MGUifQ%3D%3D\" href='https:\/\/verohomes.pl\/wp-content\/uploads\/2025\/09\/1.jpg'><img decoding=\"async\" width=\"1024\" height=\"819\" src=\"https:\/\/verohomes.pl\/wp-content\/uploads\/2025\/09\/1-1024x819.jpg\" class=\"attachment-large size-large\" alt=\"Dom mobilny 54 m2 miedziany Vero Homes salon z kuchni\u0105\" srcset=\"https:\/\/verohomes.pl\/wp-content\/uploads\/2025\/09\/1-1024x819.jpg 1024w, https:\/\/verohomes.pl\/wp-content\/uploads\/2025\/09\/1-300x240.jpg 300w, https:\/\/verohomes.pl\/wp-content\/uploads\/2025\/09\/1-768x614.jpg 768w, https:\/\/verohomes.pl\/wp-content\/uploads\/2025\/09\/1.jpg 1200w\" sizes=\"(max-width: 1024px) 100vw, 1024px\" \/><\/a>\n\t\t\t<\/div><\/figure><figure class='gallery-item'>\n\t\t\t<div class='gallery-icon landscape'>\n\t\t\t\t<a data-elementor-open-lightbox=\"yes\" data-elementor-lightbox-slideshow=\"2c1880e\" data-elementor-lightbox-title=\"26\" data-e-action-hash=\"#elementor-action%3Aaction%3Dlightbox%26settings%3DeyJpZCI6MTQ1NjgsInVybCI6Imh0dHBzOlwvXC92ZXJvaG9tZXMucGxcL3dwLWNvbnRlbnRcL3VwbG9hZHNcLzIwMjVcLzA5XC8yNi5qcGciLCJzbGlkZXNob3ciOiIyYzE4ODBlIn0%3D\" href='https:\/\/verohomes.pl\/wp-content\/uploads\/2025\/09\/26.jpg'><img loading=\"lazy\" decoding=\"async\" width=\"1024\" height=\"819\" src=\"https:\/\/verohomes.pl\/wp-content\/uploads\/2025\/09\/26-1024x819.jpg\" class=\"attachment-large size-large\" alt=\"Dom mobilny 54 m2 miedziany Vero Homes kuchnia\" srcset=\"https:\/\/verohomes.pl\/wp-content\/uploads\/2025\/09\/26-1024x819.jpg 1024w, https:\/\/verohomes.pl\/wp-content\/uploads\/2025\/09\/26-300x240.jpg 300w, https:\/\/verohomes.pl\/wp-content\/uploads\/2025\/09\/26-768x614.jpg 768w, https:\/\/verohomes.pl\/wp-content\/uploads\/2025\/09\/26.jpg 1200w\" sizes=\"(max-width: 1024px) 100vw, 1024px\" \/><\/a>\n\t\t\t<\/div><\/figure><figure class='gallery-item'>\n\t\t\t<div class='gallery-icon landscape'>\n\t\t\t\t<a data-elementor-open-lightbox=\"yes\" data-elementor-lightbox-slideshow=\"2c1880e\" data-elementor-lightbox-title=\"13\" data-e-action-hash=\"#elementor-action%3Aaction%3Dlightbox%26settings%3DeyJpZCI6MTQ1MTYsInVybCI6Imh0dHBzOlwvXC92ZXJvaG9tZXMucGxcL3dwLWNvbnRlbnRcL3VwbG9hZHNcLzIwMjVcLzA5XC8xMy5qcGciLCJzbGlkZXNob3ciOiIyYzE4ODBlIn0%3D\" href='https:\/\/verohomes.pl\/wp-content\/uploads\/2025\/09\/13.jpg'><img loading=\"lazy\" decoding=\"async\" width=\"1024\" height=\"819\" src=\"https:\/\/verohomes.pl\/wp-content\/uploads\/2025\/09\/13-1024x819.jpg\" class=\"attachment-large size-large\" alt=\"Dom mobilny 54 m2 miedziany Vero Homes kuchnia\" srcset=\"https:\/\/verohomes.pl\/wp-content\/uploads\/2025\/09\/13-1024x819.jpg 1024w, https:\/\/verohomes.pl\/wp-content\/uploads\/2025\/09\/13-300x240.jpg 300w, https:\/\/verohomes.pl\/wp-content\/uploads\/2025\/09\/13-768x614.jpg 768w, https:\/\/verohomes.pl\/wp-content\/uploads\/2025\/09\/13.jpg 1200w\" sizes=\"(max-width: 1024px) 100vw, 1024px\" \/><\/a>\n\t\t\t<\/div><\/figure><figure class='gallery-item'>\n\t\t\t<div class='gallery-icon landscape'>\n\t\t\t\t<a data-elementor-open-lightbox=\"yes\" data-elementor-lightbox-slideshow=\"2c1880e\" data-elementor-lightbox-title=\"5\" data-e-action-hash=\"#elementor-action%3Aaction%3Dlightbox%26settings%3DeyJpZCI6MTQ0ODQsInVybCI6Imh0dHBzOlwvXC92ZXJvaG9tZXMucGxcL3dwLWNvbnRlbnRcL3VwbG9hZHNcLzIwMjVcLzA5XC81LmpwZyIsInNsaWRlc2hvdyI6IjJjMTg4MGUifQ%3D%3D\" href='https:\/\/verohomes.pl\/wp-content\/uploads\/2025\/09\/5.jpg'><img loading=\"lazy\" decoding=\"async\" width=\"1024\" height=\"819\" src=\"https:\/\/verohomes.pl\/wp-content\/uploads\/2025\/09\/5-1024x819.jpg\" class=\"attachment-large size-large\" alt=\"Dom mobilny 54 m2 miedziany Vero Homes salon\" srcset=\"https:\/\/verohomes.pl\/wp-content\/uploads\/2025\/09\/5-1024x819.jpg 1024w, https:\/\/verohomes.pl\/wp-content\/uploads\/2025\/09\/5-300x240.jpg 300w, https:\/\/verohomes.pl\/wp-content\/uploads\/2025\/09\/5-768x614.jpg 768w, https:\/\/verohomes.pl\/wp-content\/uploads\/2025\/09\/5.jpg 1200w\" sizes=\"(max-width: 1024px) 100vw, 1024px\" \/><\/a>\n\t\t\t<\/div><\/figure><figure class='gallery-item'>\n\t\t\t<div class='gallery-icon landscape'>\n\t\t\t\t<a data-elementor-open-lightbox=\"yes\" data-elementor-lightbox-slideshow=\"2c1880e\" data-elementor-lightbox-title=\"24\" data-e-action-hash=\"#elementor-action%3Aaction%3Dlightbox%26settings%3DeyJpZCI6MTQ1NjAsInVybCI6Imh0dHBzOlwvXC92ZXJvaG9tZXMucGxcL3dwLWNvbnRlbnRcL3VwbG9hZHNcLzIwMjVcLzA5XC8yNC5qcGciLCJzbGlkZXNob3ciOiIyYzE4ODBlIn0%3D\" href='https:\/\/verohomes.pl\/wp-content\/uploads\/2025\/09\/24.jpg'><img loading=\"lazy\" decoding=\"async\" width=\"1024\" height=\"819\" src=\"https:\/\/verohomes.pl\/wp-content\/uploads\/2025\/09\/24-1024x819.jpg\" class=\"attachment-large size-large\" alt=\"Dom mobilny 54 m2 miedziany Vero Homes salon\" srcset=\"https:\/\/verohomes.pl\/wp-content\/uploads\/2025\/09\/24-1024x819.jpg 1024w, https:\/\/verohomes.pl\/wp-content\/uploads\/2025\/09\/24-300x240.jpg 300w, https:\/\/verohomes.pl\/wp-content\/uploads\/2025\/09\/24-768x614.jpg 768w, https:\/\/verohomes.pl\/wp-content\/uploads\/2025\/09\/24.jpg 1200w\" sizes=\"(max-width: 1024px) 100vw, 1024px\" \/><\/a>\n\t\t\t<\/div><\/figure><figure class='gallery-item'>\n\t\t\t<div class='gallery-icon landscape'>\n\t\t\t\t<a data-elementor-open-lightbox=\"yes\" data-elementor-lightbox-slideshow=\"2c1880e\" data-elementor-lightbox-title=\"4\" data-e-action-hash=\"#elementor-action%3Aaction%3Dlightbox%26settings%3DeyJpZCI6MTQ0ODAsInVybCI6Imh0dHBzOlwvXC92ZXJvaG9tZXMucGxcL3dwLWNvbnRlbnRcL3VwbG9hZHNcLzIwMjVcLzA5XC80LmpwZyIsInNsaWRlc2hvdyI6IjJjMTg4MGUifQ%3D%3D\" href='https:\/\/verohomes.pl\/wp-content\/uploads\/2025\/09\/4.jpg'><img loading=\"lazy\" decoding=\"async\" width=\"1024\" height=\"819\" src=\"https:\/\/verohomes.pl\/wp-content\/uploads\/2025\/09\/4-1024x819.jpg\" class=\"attachment-large size-large\" alt=\"Dom mobilny 54 m2 miedziany Vero Homes kuchnia\" srcset=\"https:\/\/verohomes.pl\/wp-content\/uploads\/2025\/09\/4-1024x819.jpg 1024w, https:\/\/verohomes.pl\/wp-content\/uploads\/2025\/09\/4-300x240.jpg 300w, https:\/\/verohomes.pl\/wp-content\/uploads\/2025\/09\/4-768x614.jpg 768w, https:\/\/verohomes.pl\/wp-content\/uploads\/2025\/09\/4.jpg 1200w\" sizes=\"(max-width: 1024px) 100vw, 1024px\" \/><\/a>\n\t\t\t<\/div><\/figure><figure class='gallery-item'>\n\t\t\t<div class='gallery-icon landscape'>\n\t\t\t\t<a data-elementor-open-lightbox=\"yes\" data-elementor-lightbox-slideshow=\"2c1880e\" data-elementor-lightbox-title=\"6\" data-e-action-hash=\"#elementor-action%3Aaction%3Dlightbox%26settings%3DeyJpZCI6MTQ0ODgsInVybCI6Imh0dHBzOlwvXC92ZXJvaG9tZXMucGxcL3dwLWNvbnRlbnRcL3VwbG9hZHNcLzIwMjVcLzA5XC82LmpwZyIsInNsaWRlc2hvdyI6IjJjMTg4MGUifQ%3D%3D\" href='https:\/\/verohomes.pl\/wp-content\/uploads\/2025\/09\/6.jpg'><img loading=\"lazy\" decoding=\"async\" width=\"1024\" height=\"819\" src=\"https:\/\/verohomes.pl\/wp-content\/uploads\/2025\/09\/6-1024x819.jpg\" class=\"attachment-large size-large\" alt=\"Dom mobilny 54 m2 miedziany Vero Homes sypialnia\" srcset=\"https:\/\/verohomes.pl\/wp-content\/uploads\/2025\/09\/6-1024x819.jpg 1024w, https:\/\/verohomes.pl\/wp-content\/uploads\/2025\/09\/6-300x240.jpg 300w, https:\/\/verohomes.pl\/wp-content\/uploads\/2025\/09\/6-768x614.jpg 768w, https:\/\/verohomes.pl\/wp-content\/uploads\/2025\/09\/6.jpg 1200w\" sizes=\"(max-width: 1024px) 100vw, 1024px\" \/><\/a>\n\t\t\t<\/div><\/figure><figure class='gallery-item'>\n\t\t\t<div class='gallery-icon landscape'>\n\t\t\t\t<a data-elementor-open-lightbox=\"yes\" data-elementor-lightbox-slideshow=\"2c1880e\" data-elementor-lightbox-title=\"29\" data-e-action-hash=\"#elementor-action%3Aaction%3Dlightbox%26settings%3DeyJpZCI6MTQ1ODAsInVybCI6Imh0dHBzOlwvXC92ZXJvaG9tZXMucGxcL3dwLWNvbnRlbnRcL3VwbG9hZHNcLzIwMjVcLzA5XC8yOS5qcGciLCJzbGlkZXNob3ciOiIyYzE4ODBlIn0%3D\" href='https:\/\/verohomes.pl\/wp-content\/uploads\/2025\/09\/29.jpg'><img loading=\"lazy\" decoding=\"async\" width=\"1024\" height=\"819\" src=\"https:\/\/verohomes.pl\/wp-content\/uploads\/2025\/09\/29-1024x819.jpg\" class=\"attachment-large size-large\" alt=\"Dom mobilny 54 m2 miedziany Vero Homes sypialnia\" srcset=\"https:\/\/verohomes.pl\/wp-content\/uploads\/2025\/09\/29-1024x819.jpg 1024w, https:\/\/verohomes.pl\/wp-content\/uploads\/2025\/09\/29-300x240.jpg 300w, https:\/\/verohomes.pl\/wp-content\/uploads\/2025\/09\/29-768x614.jpg 768w, https:\/\/verohomes.pl\/wp-content\/uploads\/2025\/09\/29.jpg 1200w\" sizes=\"(max-width: 1024px) 100vw, 1024px\" \/><\/a>\n\t\t\t<\/div><\/figure><figure class='gallery-item'>\n\t\t\t<div class='gallery-icon landscape'>\n\t\t\t\t<a data-elementor-open-lightbox=\"yes\" data-elementor-lightbox-slideshow=\"2c1880e\" data-elementor-lightbox-title=\"7\" data-e-action-hash=\"#elementor-action%3Aaction%3Dlightbox%26settings%3DeyJpZCI6MTQ0OTIsInVybCI6Imh0dHBzOlwvXC92ZXJvaG9tZXMucGxcL3dwLWNvbnRlbnRcL3VwbG9hZHNcLzIwMjVcLzA5XC83LmpwZyIsInNsaWRlc2hvdyI6IjJjMTg4MGUifQ%3D%3D\" href='https:\/\/verohomes.pl\/wp-content\/uploads\/2025\/09\/7.jpg'><img loading=\"lazy\" decoding=\"async\" width=\"1024\" height=\"819\" src=\"https:\/\/verohomes.pl\/wp-content\/uploads\/2025\/09\/7-1024x819.jpg\" class=\"attachment-large size-large\" alt=\"Dom mobilny 54 m2 miedziany Vero Homes sypialnia z garderob\u0105\" srcset=\"https:\/\/verohomes.pl\/wp-content\/uploads\/2025\/09\/7-1024x819.jpg 1024w, https:\/\/verohomes.pl\/wp-content\/uploads\/2025\/09\/7-300x240.jpg 300w, https:\/\/verohomes.pl\/wp-content\/uploads\/2025\/09\/7-768x614.jpg 768w, https:\/\/verohomes.pl\/wp-content\/uploads\/2025\/09\/7.jpg 1200w\" sizes=\"(max-width: 1024px) 100vw, 1024px\" \/><\/a>\n\t\t\t<\/div><\/figure><figure class='gallery-item'>\n\t\t\t<div class='gallery-icon landscape'>\n\t\t\t\t<a data-elementor-open-lightbox=\"yes\" data-elementor-lightbox-slideshow=\"2c1880e\" data-elementor-lightbox-title=\"11\" data-e-action-hash=\"#elementor-action%3Aaction%3Dlightbox%26settings%3DeyJpZCI6MTQ1MDgsInVybCI6Imh0dHBzOlwvXC92ZXJvaG9tZXMucGxcL3dwLWNvbnRlbnRcL3VwbG9hZHNcLzIwMjVcLzA5XC8xMS5qcGciLCJzbGlkZXNob3ciOiIyYzE4ODBlIn0%3D\" href='https:\/\/verohomes.pl\/wp-content\/uploads\/2025\/09\/11.jpg'><img loading=\"lazy\" decoding=\"async\" width=\"1024\" height=\"819\" src=\"https:\/\/verohomes.pl\/wp-content\/uploads\/2025\/09\/11-1024x819.jpg\" class=\"attachment-large size-large\" alt=\"Dom mobilny 54 m2 miedziany Vero Homes pok\u00f3j\" srcset=\"https:\/\/verohomes.pl\/wp-content\/uploads\/2025\/09\/11-1024x819.jpg 1024w, https:\/\/verohomes.pl\/wp-content\/uploads\/2025\/09\/11-300x240.jpg 300w, https:\/\/verohomes.pl\/wp-content\/uploads\/2025\/09\/11-768x614.jpg 768w, https:\/\/verohomes.pl\/wp-content\/uploads\/2025\/09\/11.jpg 1200w\" sizes=\"(max-width: 1024px) 100vw, 1024px\" \/><\/a>\n\t\t\t<\/div><\/figure><figure class='gallery-item'>\n\t\t\t<div class='gallery-icon landscape'>\n\t\t\t\t<a data-elementor-open-lightbox=\"yes\" data-elementor-lightbox-slideshow=\"2c1880e\" data-elementor-lightbox-title=\"14\" data-e-action-hash=\"#elementor-action%3Aaction%3Dlightbox%26settings%3DeyJpZCI6MTQ1MjAsInVybCI6Imh0dHBzOlwvXC92ZXJvaG9tZXMucGxcL3dwLWNvbnRlbnRcL3VwbG9hZHNcLzIwMjVcLzA5XC8xNC5qcGciLCJzbGlkZXNob3ciOiIyYzE4ODBlIn0%3D\" href='https:\/\/verohomes.pl\/wp-content\/uploads\/2025\/09\/14.jpg'><img loading=\"lazy\" decoding=\"async\" width=\"1024\" height=\"819\" src=\"https:\/\/verohomes.pl\/wp-content\/uploads\/2025\/09\/14-1024x819.jpg\" class=\"attachment-large size-large\" alt=\"Dom mobilny 54 m2 miedziany Vero Homes pok\u00f3j\" srcset=\"https:\/\/verohomes.pl\/wp-content\/uploads\/2025\/09\/14-1024x819.jpg 1024w, https:\/\/verohomes.pl\/wp-content\/uploads\/2025\/09\/14-300x240.jpg 300w, https:\/\/verohomes.pl\/wp-content\/uploads\/2025\/09\/14-768x614.jpg 768w, https:\/\/verohomes.pl\/wp-content\/uploads\/2025\/09\/14.jpg 1200w\" sizes=\"(max-width: 1024px) 100vw, 1024px\" \/><\/a>\n\t\t\t<\/div><\/figure><figure class='gallery-item'>\n\t\t\t<div class='gallery-icon landscape'>\n\t\t\t\t<a data-elementor-open-lightbox=\"yes\" data-elementor-lightbox-slideshow=\"2c1880e\" data-elementor-lightbox-title=\"30\" data-e-action-hash=\"#elementor-action%3Aaction%3Dlightbox%26settings%3DeyJpZCI6MTQ1ODQsInVybCI6Imh0dHBzOlwvXC92ZXJvaG9tZXMucGxcL3dwLWNvbnRlbnRcL3VwbG9hZHNcLzIwMjVcLzA5XC8zMC5qcGciLCJzbGlkZXNob3ciOiIyYzE4ODBlIn0%3D\" href='https:\/\/verohomes.pl\/wp-content\/uploads\/2025\/09\/30.jpg'><img loading=\"lazy\" decoding=\"async\" width=\"1024\" height=\"819\" src=\"https:\/\/verohomes.pl\/wp-content\/uploads\/2025\/09\/30-1024x819.jpg\" class=\"attachment-large size-large\" alt=\"Dom mobilny 54 m2 miedziany Vero Homes \u0142azienka\" srcset=\"https:\/\/verohomes.pl\/wp-content\/uploads\/2025\/09\/30-1024x819.jpg 1024w, https:\/\/verohomes.pl\/wp-content\/uploads\/2025\/09\/30-300x240.jpg 300w, https:\/\/verohomes.pl\/wp-content\/uploads\/2025\/09\/30-768x614.jpg 768w, https:\/\/verohomes.pl\/wp-content\/uploads\/2025\/09\/30.jpg 1200w\" sizes=\"(max-width: 1024px) 100vw, 1024px\" \/><\/a>\n\t\t\t<\/div><\/figure><figure class='gallery-item'>\n\t\t\t<div class='gallery-icon landscape'>\n\t\t\t\t<a data-elementor-open-lightbox=\"yes\" data-elementor-lightbox-slideshow=\"2c1880e\" data-elementor-lightbox-title=\"9\" data-e-action-hash=\"#elementor-action%3Aaction%3Dlightbox%26settings%3DeyJpZCI6MTQ1MDAsInVybCI6Imh0dHBzOlwvXC92ZXJvaG9tZXMucGxcL3dwLWNvbnRlbnRcL3VwbG9hZHNcLzIwMjVcLzA5XC85LmpwZyIsInNsaWRlc2hvdyI6IjJjMTg4MGUifQ%3D%3D\" href='https:\/\/verohomes.pl\/wp-content\/uploads\/2025\/09\/9.jpg'><img loading=\"lazy\" decoding=\"async\" width=\"1024\" height=\"819\" src=\"https:\/\/verohomes.pl\/wp-content\/uploads\/2025\/09\/9-1024x819.jpg\" class=\"attachment-large size-large\" alt=\"Dom mobilny 54 m2 miedziany Vero Homes \u0142azienka\" srcset=\"https:\/\/verohomes.pl\/wp-content\/uploads\/2025\/09\/9-1024x819.jpg 1024w, https:\/\/verohomes.pl\/wp-content\/uploads\/2025\/09\/9-300x240.jpg 300w, https:\/\/verohomes.pl\/wp-content\/uploads\/2025\/09\/9-768x614.jpg 768w, https:\/\/verohomes.pl\/wp-content\/uploads\/2025\/09\/9.jpg 1200w\" sizes=\"(max-width: 1024px) 100vw, 1024px\" \/><\/a>\n\t\t\t<\/div><\/figure>\n\t\t<\/div>\n\t\t<\/div>\n\t\t\t\t\t\t<\/div>\n\t\t\t\t<\/div>\n\t\t\t\t\t<\/div>\n\t\t<\/div>\n\t\t\t\t\t<\/div>\n\t\t<\/section>\n\t\t\t\t<section class=\"elementor-section elementor-top-section elementor-element elementor-element-3b0e442 elementor-section-boxed elementor-section-height-default elementor-section-height-default\" data-id=\"3b0e442\" data-element_type=\"section\" data-e-type=\"section\">\n\t\t\t\t\t\t<div class=\"elementor-container elementor-column-gap-default\">\n\t\t\t\t\t<div class=\"elementor-column elementor-col-100 elementor-top-column elementor-element elementor-element-7d86cdb\" data-id=\"7d86cdb\" data-element_type=\"column\" data-e-type=\"column\">\n\t\t\t<div class=\"elementor-widget-wrap elementor-element-populated\">\n\t\t\t\t\t\t<div class=\"elementor-element elementor-element-9e0d01b elementor-widget elementor-widget-heading\" data-id=\"9e0d01b\" data-element_type=\"widget\" data-e-type=\"widget\" data-widget_type=\"heading.default\">\n\t\t\t\t<div class=\"elementor-widget-container\">\n\t\t\t\t\t<h2 class=\"elementor-heading-title elementor-size-default\">Pl\u00e1n domu<\/h2>\t\t\t\t<\/div>\n\t\t\t\t<\/div>\n\t\t\t\t\t<\/div>\n\t\t<\/div>\n\t\t\t\t\t<\/div>\n\t\t<\/section>\n\t\t\t\t<section class=\"elementor-section elementor-top-section elementor-element elementor-element-9d267b9 elementor-section-boxed elementor-section-height-default elementor-section-height-default\" data-id=\"9d267b9\" data-element_type=\"section\" data-e-type=\"section\">\n\t\t\t\t\t\t<div class=\"elementor-container elementor-column-gap-default\">\n\t\t\t\t\t<div class=\"elementor-column elementor-col-100 elementor-top-column elementor-element elementor-element-74a43bd\" data-id=\"74a43bd\" data-element_type=\"column\" data-e-type=\"column\">\n\t\t\t<div class=\"elementor-widget-wrap elementor-element-populated\">\n\t\t\t\t\t\t<div class=\"elementor-element elementor-element-3dd30a3 elementor-widget elementor-widget-image\" data-id=\"3dd30a3\" data-element_type=\"widget\" data-e-type=\"widget\" data-widget_type=\"image.default\">\n\t\t\t\t<div class=\"elementor-widget-container\">\n\t\t\t\t\t\t\t\t\t\t\t\t\t\t\t<img loading=\"lazy\" decoding=\"async\" width=\"1024\" height=\"500\" src=\"https:\/\/verohomes.pl\/wp-content\/uploads\/2025\/09\/Rzuty-297-x-145-mm-1024x500.jpg\" class=\"attachment-large size-large wp-image-14610\" alt=\"Rzut domu\" srcset=\"https:\/\/verohomes.pl\/wp-content\/uploads\/2025\/09\/Rzuty-297-x-145-mm-1024x500.jpg 1024w, https:\/\/verohomes.pl\/wp-content\/uploads\/2025\/09\/Rzuty-297-x-145-mm-300x146.jpg 300w, https:\/\/verohomes.pl\/wp-content\/uploads\/2025\/09\/Rzuty-297-x-145-mm-768x375.jpg 768w, https:\/\/verohomes.pl\/wp-content\/uploads\/2025\/09\/Rzuty-297-x-145-mm-1536x750.jpg 1536w, https:\/\/verohomes.pl\/wp-content\/uploads\/2025\/09\/Rzuty-297-x-145-mm.jpg 2000w\" sizes=\"(max-width: 1024px) 100vw, 1024px\" \/>\t\t\t\t\t\t\t\t\t\t\t\t\t\t\t<\/div>\n\t\t\t\t<\/div>\n\t\t\t\t\t<\/div>\n\t\t<\/div>\n\t\t\t\t\t<\/div>\n\t\t<\/section>\n\t\t\t\t<section class=\"elementor-section elementor-top-section elementor-element elementor-element-22a9c27 elementor-section-boxed elementor-section-height-default elementor-section-height-default\" data-id=\"22a9c27\" data-element_type=\"section\" data-e-type=\"section\">\n\t\t\t\t\t\t<div class=\"elementor-container elementor-column-gap-default\">\n\t\t\t\t\t<div class=\"elementor-column elementor-col-100 elementor-top-column elementor-element elementor-element-2a62e4d\" data-id=\"2a62e4d\" data-element_type=\"column\" data-e-type=\"column\">\n\t\t\t<div class=\"elementor-widget-wrap\">\n\t\t\t\t\t\t\t<\/div>\n\t\t<\/div>\n\t\t\t\t\t<\/div>\n\t\t<\/section>\n\t\t\t\t<section class=\"elementor-section elementor-top-section elementor-element elementor-element-5b45dae elementor-section-boxed elementor-section-height-default elementor-section-height-default\" data-id=\"5b45dae\" data-element_type=\"section\" data-e-type=\"section\">\n\t\t\t\t\t\t<div class=\"elementor-container elementor-column-gap-default\">\n\t\t\t\t\t<div class=\"elementor-column elementor-col-100 elementor-top-column elementor-element elementor-element-7bbf03a\" data-id=\"7bbf03a\" data-element_type=\"column\" data-e-type=\"column\">\n\t\t\t<div class=\"elementor-widget-wrap\">\n\t\t\t\t\t\t\t<\/div>\n\t\t<\/div>\n\t\t\t\t\t<\/div>\n\t\t<\/section>\n\t\t\t\t<\/div>\n\t\t","protected":false},"excerpt":{"rendered":"<p>M\u011bd\u011bn\u00fd d\u016fm Galerie Pl\u00e1n domu<\/p>\n","protected":false},"author":5,"featured_media":0,"parent":6475,"menu_order":0,"comment_status":"closed","ping_status":"closed","template":"","meta":{"inline_featured_image":false,"site-sidebar-layout":"no-sidebar","site-content-layout":"page-builder","ast-site-content-layout":"full-width-container","site-content-style":"unboxed","site-sidebar-style":"unboxed","ast-global-header-display":"","ast-banner-title-visibility":"","ast-main-header-display":"","ast-hfb-above-header-display":"","ast-hfb-below-header-display":"","ast-hfb-mobile-header-display":"","site-post-title":"disabled","ast-breadcrumbs-content":"","ast-featured-img":"disabled","footer-sml-layout":"","theme-transparent-header-meta":"","adv-header-id-meta":"","stick-header-meta":"","header-above-stick-meta":"","header-main-stick-meta":"","header-below-stick-meta":"","astra-migrate-meta-layouts":"set","footnotes":""},"class_list":["post-14620","page","type-page","status-publish","hentry"],"_links":{"self":[{"href":"https:\/\/verohomes.pl\/cs\/wp-json\/wp\/v2\/pages\/14620","targetHints":{"allow":["GET"]}}],"collection":[{"href":"https:\/\/verohomes.pl\/cs\/wp-json\/wp\/v2\/pages"}],"about":[{"href":"https:\/\/verohomes.pl\/cs\/wp-json\/wp\/v2\/types\/page"}],"author":[{"embeddable":true,"href":"https:\/\/verohomes.pl\/cs\/wp-json\/wp\/v2\/users\/5"}],"replies":[{"embeddable":true,"href":"https:\/\/verohomes.pl\/cs\/wp-json\/wp\/v2\/comments?post=14620"}],"version-history":[{"count":7,"href":"https:\/\/verohomes.pl\/cs\/wp-json\/wp\/v2\/pages\/14620\/revisions"}],"predecessor-version":[{"id":16871,"href":"https:\/\/verohomes.pl\/cs\/wp-json\/wp\/v2\/pages\/14620\/revisions\/16871"}],"up":[{"embeddable":true,"href":"https:\/\/verohomes.pl\/cs\/wp-json\/wp\/v2\/pages\/6475"}],"wp:attachment":[{"href":"https:\/\/verohomes.pl\/cs\/wp-json\/wp\/v2\/media?parent=14620"}],"curies":[{"name":"wp","href":"https:\/\/api.w.org\/{rel}","templated":true}]}}