{"id":11001,"date":"2024-04-15T13:59:40","date_gmt":"2024-04-15T11:59:40","guid":{"rendered":"https:\/\/verohomes.pl\/realizace\/sanitarni-modul\/"},"modified":"2025-01-21T11:59:11","modified_gmt":"2025-01-21T10:59:11","slug":"sanitarni-modul","status":"publish","type":"page","link":"https:\/\/verohomes.pl\/cs\/realizace\/sanitarni-modul\/","title":{"rendered":"Sanit\u00e1rn\u00ed modul"},"content":{"rendered":"\t\t<div data-elementor-type=\"wp-page\" data-elementor-id=\"11001\" class=\"elementor elementor-11001 elementor-10959\" data-elementor-post-type=\"page\">\n\t\t\t\t\t\t<section class=\"elementor-section elementor-top-section elementor-element elementor-element-09b2a8e elementor-section-boxed elementor-section-height-default elementor-section-height-default\" data-id=\"09b2a8e\" data-element_type=\"section\" data-e-type=\"section\">\n\t\t\t\t\t\t<div class=\"elementor-container elementor-column-gap-no\">\n\t\t\t\t\t<div class=\"elementor-column elementor-col-100 elementor-top-column elementor-element elementor-element-23be989\" data-id=\"23be989\" data-element_type=\"column\" data-e-type=\"column\">\n\t\t\t<div class=\"elementor-widget-wrap elementor-element-populated\">\n\t\t\t\t\t\t<div class=\"elementor-element elementor-element-b473073 elementor-absolute elementor-widget elementor-widget-heading\" data-id=\"b473073\" data-element_type=\"widget\" data-e-type=\"widget\" data-settings=\"{&quot;_position&quot;:&quot;absolute&quot;}\" data-widget_type=\"heading.default\">\n\t\t\t\t<div class=\"elementor-widget-container\">\n\t\t\t\t\t<span class=\"elementor-heading-title elementor-size-default\">Sanit\u00e1rn\u00ed modul<\/span>\t\t\t\t<\/div>\n\t\t\t\t<\/div>\n\t\t\t\t<div class=\"elementor-element elementor-element-12399d9 elementor-align-center elementor-widget elementor-widget-button\" data-id=\"12399d9\" data-element_type=\"widget\" data-e-type=\"widget\" data-widget_type=\"button.default\">\n\t\t\t\t<div class=\"elementor-widget-container\">\n\t\t\t\t\t\t\t\t\t<div class=\"elementor-button-wrapper\">\n\t\t\t\t\t<a class=\"elementor-button elementor-button-link elementor-size-sm\" href=\"https:\/\/verohomes.pl\/wp-content\/uploads\/spacery3d\/sanitariat_mobilny\/sanitariat_mobilny.html\" target=\"_blank\" rel=\"nofollow\">\n\t\t\t\t\t\t<span class=\"elementor-button-content-wrapper\">\n\t\t\t\t\t\t\t\t\t<span class=\"elementor-button-text\">VIRTU\u00c1LN\u00cd PROCH\u00c1ZKU<\/span>\n\t\t\t\t\t<\/span>\n\t\t\t\t\t<\/a>\n\t\t\t\t<\/div>\n\t\t\t\t\t\t\t\t<\/div>\n\t\t\t\t<\/div>\n\t\t\t\t\t<\/div>\n\t\t<\/div>\n\t\t\t\t\t<\/div>\n\t\t<\/section>\n\t\t\t\t<section class=\"elementor-section elementor-top-section elementor-element elementor-element-4566621 elementor-section-content-middle elementor-section-full_width elementor-section-height-default elementor-section-height-default\" data-id=\"4566621\" data-element_type=\"section\" data-e-type=\"section\" data-settings=\"{&quot;background_background&quot;:&quot;classic&quot;}\">\n\t\t\t\t\t\t<div class=\"elementor-container elementor-column-gap-no\">\n\t\t\t\t\t<div class=\"elementor-column elementor-col-100 elementor-top-column elementor-element elementor-element-0b0d5d4\" data-id=\"0b0d5d4\" data-element_type=\"column\" data-e-type=\"column\">\n\t\t\t<div class=\"elementor-widget-wrap elementor-element-populated\">\n\t\t\t\t\t\t<div class=\"elementor-element elementor-element-0527529 elementor-widget elementor-widget-image\" data-id=\"0527529\" data-element_type=\"widget\" data-e-type=\"widget\" data-widget_type=\"image.default\">\n\t\t\t\t<div class=\"elementor-widget-container\">\n\t\t\t\t\t\t\t\t\t\t\t\t\t\t\t<img fetchpriority=\"high\" decoding=\"async\" width=\"1200\" height=\"960\" src=\"https:\/\/verohomes.pl\/wp-content\/uploads\/2024\/04\/213.jpg\" class=\"attachment-full size-full wp-image-10926\" alt=\"kontener socjalny wc\" srcset=\"https:\/\/verohomes.pl\/wp-content\/uploads\/2024\/04\/213.jpg 1200w, https:\/\/verohomes.pl\/wp-content\/uploads\/2024\/04\/213-300x240.jpg 300w, https:\/\/verohomes.pl\/wp-content\/uploads\/2024\/04\/213-1024x819.jpg 1024w, https:\/\/verohomes.pl\/wp-content\/uploads\/2024\/04\/213-768x614.jpg 768w\" sizes=\"(max-width: 1200px) 100vw, 1200px\" \/>\t\t\t\t\t\t\t\t\t\t\t\t\t\t\t<\/div>\n\t\t\t\t<\/div>\n\t\t\t\t\t<\/div>\n\t\t<\/div>\n\t\t\t\t\t<\/div>\n\t\t<\/section>\n\t\t\t\t<section class=\"elementor-section elementor-top-section elementor-element elementor-element-a304e2e elementor-section-boxed elementor-section-height-default elementor-section-height-default\" data-id=\"a304e2e\" data-element_type=\"section\" data-e-type=\"section\">\n\t\t\t\t\t\t<div class=\"elementor-container elementor-column-gap-default\">\n\t\t\t\t\t<div class=\"elementor-column elementor-col-100 elementor-top-column elementor-element elementor-element-7e4b227\" data-id=\"7e4b227\" data-element_type=\"column\" data-e-type=\"column\">\n\t\t\t<div class=\"elementor-widget-wrap elementor-element-populated\">\n\t\t\t\t\t\t<div class=\"elementor-element elementor-element-5300f3a elementor-widget elementor-widget-heading\" data-id=\"5300f3a\" data-element_type=\"widget\" data-e-type=\"widget\" data-widget_type=\"heading.default\">\n\t\t\t\t<div class=\"elementor-widget-container\">\n\t\t\t\t\t<h2 class=\"elementor-heading-title elementor-size-default\">Galerie<\/h2>\t\t\t\t<\/div>\n\t\t\t\t<\/div>\n\t\t\t\t\t<\/div>\n\t\t<\/div>\n\t\t\t\t\t<\/div>\n\t\t<\/section>\n\t\t\t\t<section class=\"elementor-section elementor-top-section elementor-element elementor-element-7282617 elementor-section-boxed elementor-section-height-default elementor-section-height-default\" data-id=\"7282617\" data-element_type=\"section\" data-e-type=\"section\">\n\t\t\t\t\t\t<div class=\"elementor-container elementor-column-gap-default\">\n\t\t\t\t\t<div class=\"elementor-column elementor-col-100 elementor-top-column elementor-element elementor-element-bb9734d\" data-id=\"bb9734d\" data-element_type=\"column\" data-e-type=\"column\">\n\t\t\t<div class=\"elementor-widget-wrap elementor-element-populated\">\n\t\t\t\t\t\t<div class=\"elementor-element elementor-element-ba052db gallery-spacing-custom elementor-widget elementor-widget-image-gallery\" data-id=\"ba052db\" data-element_type=\"widget\" data-e-type=\"widget\" data-widget_type=\"image-gallery.default\">\n\t\t\t\t<div class=\"elementor-widget-container\">\n\t\t\t\t\t\t\t<div class=\"elementor-image-gallery\">\n\t\t\t<div id='gallery-1' class='gallery galleryid-11001 gallery-columns-3 gallery-size-full'><figure class='gallery-item'>\n\t\t\t<div class='gallery-icon landscape'>\n\t\t\t\t<a data-elementor-open-lightbox=\"yes\" data-elementor-lightbox-slideshow=\"ba052db\" data-elementor-lightbox-title=\"xr:d:DAFbY5P2QnQ:102,j:7426860722690695133,t:24041510\" data-e-action-hash=\"#elementor-action%3Aaction%3Dlightbox%26settings%3DeyJpZCI6MTA5MTgsInVybCI6Imh0dHBzOlwvXC92ZXJvaG9tZXMucGxcL3dwLWNvbnRlbnRcL3VwbG9hZHNcLzIwMjRcLzA0XC8yMTAuanBnIiwic2xpZGVzaG93IjoiYmEwNTJkYiJ9\" href='https:\/\/verohomes.pl\/wp-content\/uploads\/2024\/04\/210.jpg'><img decoding=\"async\" width=\"1200\" height=\"960\" src=\"https:\/\/verohomes.pl\/wp-content\/uploads\/2024\/04\/210.jpg\" class=\"attachment-full size-full\" alt=\"kontener sanitarny toi toi\" aria-describedby=\"gallery-1-10918\" srcset=\"https:\/\/verohomes.pl\/wp-content\/uploads\/2024\/04\/210.jpg 1200w, https:\/\/verohomes.pl\/wp-content\/uploads\/2024\/04\/210-300x240.jpg 300w, https:\/\/verohomes.pl\/wp-content\/uploads\/2024\/04\/210-1024x819.jpg 1024w, https:\/\/verohomes.pl\/wp-content\/uploads\/2024\/04\/210-768x614.jpg 768w\" sizes=\"(max-width: 1200px) 100vw, 1200px\" \/><\/a>\n\t\t\t<\/div>\n\t\t\t\t<figcaption class='wp-caption-text gallery-caption' id='gallery-1-10918'>\n\t\t\t\txr:d:DAFbY5P2QnQ:102,j:7426860722690695133,t:24041510\n\t\t\t\t<\/figcaption><\/figure><figure class='gallery-item'>\n\t\t\t<div class='gallery-icon landscape'>\n\t\t\t\t<a data-elementor-open-lightbox=\"yes\" data-elementor-lightbox-slideshow=\"ba052db\" data-elementor-lightbox-title=\"xr:d:DAFbY5P2QnQ:102,j:7426860722690695133,t:24041510\" data-e-action-hash=\"#elementor-action%3Aaction%3Dlightbox%26settings%3DeyJpZCI6MTA5MDYsInVybCI6Imh0dHBzOlwvXC92ZXJvaG9tZXMucGxcL3dwLWNvbnRlbnRcL3VwbG9hZHNcLzIwMjRcLzA0XC8yMDMuanBnIiwic2xpZGVzaG93IjoiYmEwNTJkYiJ9\" href='https:\/\/verohomes.pl\/wp-content\/uploads\/2024\/04\/203.jpg'><img decoding=\"async\" width=\"1200\" height=\"960\" src=\"https:\/\/verohomes.pl\/wp-content\/uploads\/2024\/04\/203.jpg\" class=\"attachment-full size-full\" alt=\"sanitariaty publiczne do klubu\" aria-describedby=\"gallery-1-10906\" srcset=\"https:\/\/verohomes.pl\/wp-content\/uploads\/2024\/04\/203.jpg 1200w, https:\/\/verohomes.pl\/wp-content\/uploads\/2024\/04\/203-300x240.jpg 300w, https:\/\/verohomes.pl\/wp-content\/uploads\/2024\/04\/203-1024x819.jpg 1024w, https:\/\/verohomes.pl\/wp-content\/uploads\/2024\/04\/203-768x614.jpg 768w\" sizes=\"(max-width: 1200px) 100vw, 1200px\" \/><\/a>\n\t\t\t<\/div>\n\t\t\t\t<figcaption class='wp-caption-text gallery-caption' id='gallery-1-10906'>\n\t\t\t\txr:d:DAFbY5P2QnQ:102,j:7426860722690695133,t:24041510\n\t\t\t\t<\/figcaption><\/figure><figure class='gallery-item'>\n\t\t\t<div class='gallery-icon landscape'>\n\t\t\t\t<a data-elementor-open-lightbox=\"yes\" data-elementor-lightbox-slideshow=\"ba052db\" data-elementor-lightbox-title=\"xr:d:DAFbY5P2QnQ:102,j:7426860722690695133,t:24041510\" data-e-action-hash=\"#elementor-action%3Aaction%3Dlightbox%26settings%3DeyJpZCI6MTA5MTAsInVybCI6Imh0dHBzOlwvXC92ZXJvaG9tZXMucGxcL3dwLWNvbnRlbnRcL3VwbG9hZHNcLzIwMjRcLzA0XC8yMDUuanBnIiwic2xpZGVzaG93IjoiYmEwNTJkYiJ9\" href='https:\/\/verohomes.pl\/wp-content\/uploads\/2024\/04\/205.jpg'><img loading=\"lazy\" decoding=\"async\" width=\"1200\" height=\"960\" src=\"https:\/\/verohomes.pl\/wp-content\/uploads\/2024\/04\/205.jpg\" class=\"attachment-full size-full\" alt=\"przenosne toalety kemping\" aria-describedby=\"gallery-1-10910\" srcset=\"https:\/\/verohomes.pl\/wp-content\/uploads\/2024\/04\/205.jpg 1200w, https:\/\/verohomes.pl\/wp-content\/uploads\/2024\/04\/205-300x240.jpg 300w, https:\/\/verohomes.pl\/wp-content\/uploads\/2024\/04\/205-1024x819.jpg 1024w, https:\/\/verohomes.pl\/wp-content\/uploads\/2024\/04\/205-768x614.jpg 768w\" sizes=\"(max-width: 1200px) 100vw, 1200px\" \/><\/a>\n\t\t\t<\/div>\n\t\t\t\t<figcaption class='wp-caption-text gallery-caption' id='gallery-1-10910'>\n\t\t\t\txr:d:DAFbY5P2QnQ:102,j:7426860722690695133,t:24041510\n\t\t\t\t<\/figcaption><\/figure><figure class='gallery-item'>\n\t\t\t<div class='gallery-icon landscape'>\n\t\t\t\t<a data-elementor-open-lightbox=\"yes\" data-elementor-lightbox-slideshow=\"ba052db\" data-elementor-lightbox-title=\"xr:d:DAFbY5P2QnQ:102,j:7426860722690695133,t:24041510\" data-e-action-hash=\"#elementor-action%3Aaction%3Dlightbox%26settings%3DeyJpZCI6MTA5MzQsInVybCI6Imh0dHBzOlwvXC92ZXJvaG9tZXMucGxcL3dwLWNvbnRlbnRcL3VwbG9hZHNcLzIwMjRcLzA0XC8yMTYuanBnIiwic2xpZGVzaG93IjoiYmEwNTJkYiJ9\" href='https:\/\/verohomes.pl\/wp-content\/uploads\/2024\/04\/216.jpg'><img loading=\"lazy\" decoding=\"async\" width=\"1200\" height=\"960\" src=\"https:\/\/verohomes.pl\/wp-content\/uploads\/2024\/04\/216.jpg\" class=\"attachment-full size-full\" alt=\"kontener z prysznicem\" aria-describedby=\"gallery-1-10934\" srcset=\"https:\/\/verohomes.pl\/wp-content\/uploads\/2024\/04\/216.jpg 1200w, https:\/\/verohomes.pl\/wp-content\/uploads\/2024\/04\/216-300x240.jpg 300w, https:\/\/verohomes.pl\/wp-content\/uploads\/2024\/04\/216-1024x819.jpg 1024w, https:\/\/verohomes.pl\/wp-content\/uploads\/2024\/04\/216-768x614.jpg 768w\" sizes=\"(max-width: 1200px) 100vw, 1200px\" \/><\/a>\n\t\t\t<\/div>\n\t\t\t\t<figcaption class='wp-caption-text gallery-caption' id='gallery-1-10934'>\n\t\t\t\txr:d:DAFbY5P2QnQ:102,j:7426860722690695133,t:24041510\n\t\t\t\t<\/figcaption><\/figure><figure class='gallery-item'>\n\t\t\t<div class='gallery-icon landscape'>\n\t\t\t\t<a data-elementor-open-lightbox=\"yes\" data-elementor-lightbox-slideshow=\"ba052db\" data-elementor-lightbox-title=\"xr:d:DAFbY5P2QnQ:102,j:7426860722690695133,t:24041510\" data-e-action-hash=\"#elementor-action%3Aaction%3Dlightbox%26settings%3DeyJpZCI6MTA4OTgsInVybCI6Imh0dHBzOlwvXC92ZXJvaG9tZXMucGxcL3dwLWNvbnRlbnRcL3VwbG9hZHNcLzIwMjRcLzA0XC8yMDAuanBnIiwic2xpZGVzaG93IjoiYmEwNTJkYiJ9\" href='https:\/\/verohomes.pl\/wp-content\/uploads\/2024\/04\/200.jpg'><img loading=\"lazy\" decoding=\"async\" width=\"1200\" height=\"960\" src=\"https:\/\/verohomes.pl\/wp-content\/uploads\/2024\/04\/200.jpg\" class=\"attachment-full size-full\" alt=\"sanitariaty publiczne\" aria-describedby=\"gallery-1-10898\" srcset=\"https:\/\/verohomes.pl\/wp-content\/uploads\/2024\/04\/200.jpg 1200w, https:\/\/verohomes.pl\/wp-content\/uploads\/2024\/04\/200-300x240.jpg 300w, https:\/\/verohomes.pl\/wp-content\/uploads\/2024\/04\/200-1024x819.jpg 1024w, https:\/\/verohomes.pl\/wp-content\/uploads\/2024\/04\/200-768x614.jpg 768w\" sizes=\"(max-width: 1200px) 100vw, 1200px\" \/><\/a>\n\t\t\t<\/div>\n\t\t\t\t<figcaption class='wp-caption-text gallery-caption' id='gallery-1-10898'>\n\t\t\t\txr:d:DAFbY5P2QnQ:102,j:7426860722690695133,t:24041510\n\t\t\t\t<\/figcaption><\/figure><figure class='gallery-item'>\n\t\t\t<div class='gallery-icon landscape'>\n\t\t\t\t<a data-elementor-open-lightbox=\"yes\" data-elementor-lightbox-slideshow=\"ba052db\" data-elementor-lightbox-title=\"xr:d:DAFbY5P2QnQ:102,j:7426860722690695133,t:24041510\" data-e-action-hash=\"#elementor-action%3Aaction%3Dlightbox%26settings%3DeyJpZCI6MTA5MDIsInVybCI6Imh0dHBzOlwvXC92ZXJvaG9tZXMucGxcL3dwLWNvbnRlbnRcL3VwbG9hZHNcLzIwMjRcLzA0XC8yMDEuanBnIiwic2xpZGVzaG93IjoiYmEwNTJkYiJ9\" href='https:\/\/verohomes.pl\/wp-content\/uploads\/2024\/04\/201.jpg'><img loading=\"lazy\" decoding=\"async\" width=\"1200\" height=\"960\" src=\"https:\/\/verohomes.pl\/wp-content\/uploads\/2024\/04\/201.jpg\" class=\"attachment-full size-full\" alt=\"sanitariaty publiczne na plaze\" aria-describedby=\"gallery-1-10902\" srcset=\"https:\/\/verohomes.pl\/wp-content\/uploads\/2024\/04\/201.jpg 1200w, https:\/\/verohomes.pl\/wp-content\/uploads\/2024\/04\/201-300x240.jpg 300w, https:\/\/verohomes.pl\/wp-content\/uploads\/2024\/04\/201-1024x819.jpg 1024w, https:\/\/verohomes.pl\/wp-content\/uploads\/2024\/04\/201-768x614.jpg 768w\" sizes=\"(max-width: 1200px) 100vw, 1200px\" \/><\/a>\n\t\t\t<\/div>\n\t\t\t\t<figcaption class='wp-caption-text gallery-caption' id='gallery-1-10902'>\n\t\t\t\txr:d:DAFbY5P2QnQ:102,j:7426860722690695133,t:24041510\n\t\t\t\t<\/figcaption><\/figure><figure class='gallery-item'>\n\t\t\t<div class='gallery-icon landscape'>\n\t\t\t\t<a data-elementor-open-lightbox=\"yes\" data-elementor-lightbox-slideshow=\"ba052db\" data-elementor-lightbox-title=\"xr:d:DAFbY5P2QnQ:102,j:7426860722690695133,t:24041510\" data-e-action-hash=\"#elementor-action%3Aaction%3Dlightbox%26settings%3DeyJpZCI6MTA4OTAsInVybCI6Imh0dHBzOlwvXC92ZXJvaG9tZXMucGxcL3dwLWNvbnRlbnRcL3VwbG9hZHNcLzIwMjRcLzA0XC8xOTcuanBnIiwic2xpZGVzaG93IjoiYmEwNTJkYiJ9\" href='https:\/\/verohomes.pl\/wp-content\/uploads\/2024\/04\/197.jpg'><img loading=\"lazy\" decoding=\"async\" width=\"1200\" height=\"960\" src=\"https:\/\/verohomes.pl\/wp-content\/uploads\/2024\/04\/197.jpg\" class=\"attachment-full size-full\" alt=\"wc mobilne\" aria-describedby=\"gallery-1-10890\" srcset=\"https:\/\/verohomes.pl\/wp-content\/uploads\/2024\/04\/197.jpg 1200w, https:\/\/verohomes.pl\/wp-content\/uploads\/2024\/04\/197-300x240.jpg 300w, https:\/\/verohomes.pl\/wp-content\/uploads\/2024\/04\/197-1024x819.jpg 1024w, https:\/\/verohomes.pl\/wp-content\/uploads\/2024\/04\/197-768x614.jpg 768w\" sizes=\"(max-width: 1200px) 100vw, 1200px\" \/><\/a>\n\t\t\t<\/div>\n\t\t\t\t<figcaption class='wp-caption-text gallery-caption' id='gallery-1-10890'>\n\t\t\t\txr:d:DAFbY5P2QnQ:102,j:7426860722690695133,t:24041510\n\t\t\t\t<\/figcaption><\/figure><figure class='gallery-item'>\n\t\t\t<div class='gallery-icon landscape'>\n\t\t\t\t<a data-elementor-open-lightbox=\"yes\" data-elementor-lightbox-slideshow=\"ba052db\" data-elementor-lightbox-title=\"xr:d:DAFbY5P2QnQ:102,j:7426860722690695133,t:24041510\" data-e-action-hash=\"#elementor-action%3Aaction%3Dlightbox%26settings%3DeyJpZCI6MTA4ODYsInVybCI6Imh0dHBzOlwvXC92ZXJvaG9tZXMucGxcL3dwLWNvbnRlbnRcL3VwbG9hZHNcLzIwMjRcLzA0XC8xOTUuanBnIiwic2xpZGVzaG93IjoiYmEwNTJkYiJ9\" href='https:\/\/verohomes.pl\/wp-content\/uploads\/2024\/04\/195.jpg'><img loading=\"lazy\" decoding=\"async\" width=\"1200\" height=\"960\" src=\"https:\/\/verohomes.pl\/wp-content\/uploads\/2024\/04\/195.jpg\" class=\"attachment-full size-full\" alt=\"wc przeno\u015bne\" aria-describedby=\"gallery-1-10886\" srcset=\"https:\/\/verohomes.pl\/wp-content\/uploads\/2024\/04\/195.jpg 1200w, https:\/\/verohomes.pl\/wp-content\/uploads\/2024\/04\/195-300x240.jpg 300w, https:\/\/verohomes.pl\/wp-content\/uploads\/2024\/04\/195-1024x819.jpg 1024w, https:\/\/verohomes.pl\/wp-content\/uploads\/2024\/04\/195-768x614.jpg 768w\" sizes=\"(max-width: 1200px) 100vw, 1200px\" \/><\/a>\n\t\t\t<\/div>\n\t\t\t\t<figcaption class='wp-caption-text gallery-caption' id='gallery-1-10886'>\n\t\t\t\txr:d:DAFbY5P2QnQ:102,j:7426860722690695133,t:24041510\n\t\t\t\t<\/figcaption><\/figure><figure class='gallery-item'>\n\t\t\t<div class='gallery-icon landscape'>\n\t\t\t\t<a data-elementor-open-lightbox=\"yes\" data-elementor-lightbox-slideshow=\"ba052db\" data-elementor-lightbox-title=\"xr:d:DAFbY5P2QnQ:102,j:7426860722690695133,t:24041510\" data-e-action-hash=\"#elementor-action%3Aaction%3Dlightbox%26settings%3DeyJpZCI6MTA4ODIsInVybCI6Imh0dHBzOlwvXC92ZXJvaG9tZXMucGxcL3dwLWNvbnRlbnRcL3VwbG9hZHNcLzIwMjRcLzA0XC8xOTQuanBnIiwic2xpZGVzaG93IjoiYmEwNTJkYiJ9\" href='https:\/\/verohomes.pl\/wp-content\/uploads\/2024\/04\/194.jpg'><img loading=\"lazy\" decoding=\"async\" width=\"1200\" height=\"960\" src=\"https:\/\/verohomes.pl\/wp-content\/uploads\/2024\/04\/194.jpg\" class=\"attachment-full size-full\" alt=\"sanitariaty na pla\u017ce\" aria-describedby=\"gallery-1-10882\" srcset=\"https:\/\/verohomes.pl\/wp-content\/uploads\/2024\/04\/194.jpg 1200w, https:\/\/verohomes.pl\/wp-content\/uploads\/2024\/04\/194-300x240.jpg 300w, https:\/\/verohomes.pl\/wp-content\/uploads\/2024\/04\/194-1024x819.jpg 1024w, https:\/\/verohomes.pl\/wp-content\/uploads\/2024\/04\/194-768x614.jpg 768w\" sizes=\"(max-width: 1200px) 100vw, 1200px\" \/><\/a>\n\t\t\t<\/div>\n\t\t\t\t<figcaption class='wp-caption-text gallery-caption' id='gallery-1-10882'>\n\t\t\t\txr:d:DAFbY5P2QnQ:102,j:7426860722690695133,t:24041510\n\t\t\t\t<\/figcaption><\/figure><figure class='gallery-item'>\n\t\t\t<div class='gallery-icon landscape'>\n\t\t\t\t<a data-elementor-open-lightbox=\"yes\" data-elementor-lightbox-slideshow=\"ba052db\" data-elementor-lightbox-title=\"xr:d:DAFbY5P2QnQ:102,j:7426860722690695133,t:24041510\" data-e-action-hash=\"#elementor-action%3Aaction%3Dlightbox%26settings%3DeyJpZCI6MTA4NzgsInVybCI6Imh0dHBzOlwvXC92ZXJvaG9tZXMucGxcL3dwLWNvbnRlbnRcL3VwbG9hZHNcLzIwMjRcLzA0XC8xOTEuanBnIiwic2xpZGVzaG93IjoiYmEwNTJkYiJ9\" href='https:\/\/verohomes.pl\/wp-content\/uploads\/2024\/04\/191.jpg'><img loading=\"lazy\" decoding=\"async\" width=\"1200\" height=\"960\" src=\"https:\/\/verohomes.pl\/wp-content\/uploads\/2024\/04\/191.jpg\" class=\"attachment-full size-full\" alt=\"domy mobilne lubliniec\" aria-describedby=\"gallery-1-10878\" srcset=\"https:\/\/verohomes.pl\/wp-content\/uploads\/2024\/04\/191.jpg 1200w, https:\/\/verohomes.pl\/wp-content\/uploads\/2024\/04\/191-300x240.jpg 300w, https:\/\/verohomes.pl\/wp-content\/uploads\/2024\/04\/191-1024x819.jpg 1024w, https:\/\/verohomes.pl\/wp-content\/uploads\/2024\/04\/191-768x614.jpg 768w\" sizes=\"(max-width: 1200px) 100vw, 1200px\" \/><\/a>\n\t\t\t<\/div>\n\t\t\t\t<figcaption class='wp-caption-text gallery-caption' id='gallery-1-10878'>\n\t\t\t\txr:d:DAFbY5P2QnQ:102,j:7426860722690695133,t:24041510\n\t\t\t\t<\/figcaption><\/figure><figure class='gallery-item'>\n\t\t\t<div class='gallery-icon landscape'>\n\t\t\t\t<a data-elementor-open-lightbox=\"yes\" data-elementor-lightbox-slideshow=\"ba052db\" data-elementor-lightbox-title=\"xr:d:DAFbY5P2QnQ:102,j:7426860722690695133,t:24041510\" data-e-action-hash=\"#elementor-action%3Aaction%3Dlightbox%26settings%3DeyJpZCI6MTA5MzgsInVybCI6Imh0dHBzOlwvXC92ZXJvaG9tZXMucGxcL3dwLWNvbnRlbnRcL3VwbG9hZHNcLzIwMjRcLzA0XC8yMTguanBnIiwic2xpZGVzaG93IjoiYmEwNTJkYiJ9\" href='https:\/\/verohomes.pl\/wp-content\/uploads\/2024\/04\/218.jpg'><img loading=\"lazy\" decoding=\"async\" width=\"1200\" height=\"960\" src=\"https:\/\/verohomes.pl\/wp-content\/uploads\/2024\/04\/218.jpg\" class=\"attachment-full size-full\" alt=\"kontener z prysznicem\" aria-describedby=\"gallery-1-10938\" srcset=\"https:\/\/verohomes.pl\/wp-content\/uploads\/2024\/04\/218.jpg 1200w, https:\/\/verohomes.pl\/wp-content\/uploads\/2024\/04\/218-300x240.jpg 300w, https:\/\/verohomes.pl\/wp-content\/uploads\/2024\/04\/218-1024x819.jpg 1024w, https:\/\/verohomes.pl\/wp-content\/uploads\/2024\/04\/218-768x614.jpg 768w\" sizes=\"(max-width: 1200px) 100vw, 1200px\" \/><\/a>\n\t\t\t<\/div>\n\t\t\t\t<figcaption class='wp-caption-text gallery-caption' id='gallery-1-10938'>\n\t\t\t\txr:d:DAFbY5P2QnQ:102,j:7426860722690695133,t:24041510\n\t\t\t\t<\/figcaption><\/figure><figure class='gallery-item'>\n\t\t\t<div class='gallery-icon landscape'>\n\t\t\t\t<a data-elementor-open-lightbox=\"yes\" data-elementor-lightbox-slideshow=\"ba052db\" data-elementor-lightbox-title=\"xr:d:DAFbY5P2QnQ:102,j:7426860722690695133,t:24041510\" data-e-action-hash=\"#elementor-action%3Aaction%3Dlightbox%26settings%3DeyJpZCI6MTA5MzAsInVybCI6Imh0dHBzOlwvXC92ZXJvaG9tZXMucGxcL3dwLWNvbnRlbnRcL3VwbG9hZHNcLzIwMjRcLzA0XC8yMTUuanBnIiwic2xpZGVzaG93IjoiYmEwNTJkYiJ9\" href='https:\/\/verohomes.pl\/wp-content\/uploads\/2024\/04\/215.jpg'><img loading=\"lazy\" decoding=\"async\" width=\"1200\" height=\"960\" src=\"https:\/\/verohomes.pl\/wp-content\/uploads\/2024\/04\/215.jpg\" class=\"attachment-full size-full\" alt=\"kontener toaleta wynajem\" aria-describedby=\"gallery-1-10930\" srcset=\"https:\/\/verohomes.pl\/wp-content\/uploads\/2024\/04\/215.jpg 1200w, https:\/\/verohomes.pl\/wp-content\/uploads\/2024\/04\/215-300x240.jpg 300w, https:\/\/verohomes.pl\/wp-content\/uploads\/2024\/04\/215-1024x819.jpg 1024w, https:\/\/verohomes.pl\/wp-content\/uploads\/2024\/04\/215-768x614.jpg 768w\" sizes=\"(max-width: 1200px) 100vw, 1200px\" \/><\/a>\n\t\t\t<\/div>\n\t\t\t\t<figcaption class='wp-caption-text gallery-caption' id='gallery-1-10930'>\n\t\t\t\txr:d:DAFbY5P2QnQ:102,j:7426860722690695133,t:24041510\n\t\t\t\t<\/figcaption><\/figure>\n\t\t<\/div>\n\t\t<\/div>\n\t\t\t\t\t\t<\/div>\n\t\t\t\t<\/div>\n\t\t\t\t\t<\/div>\n\t\t<\/div>\n\t\t\t\t\t<\/div>\n\t\t<\/section>\n\t\t\t\t<section class=\"elementor-section elementor-top-section elementor-element elementor-element-9d267b9 elementor-section-boxed elementor-section-height-default elementor-section-height-default\" data-id=\"9d267b9\" data-element_type=\"section\" data-e-type=\"section\">\n\t\t\t\t\t\t<div class=\"elementor-container elementor-column-gap-default\">\n\t\t\t\t\t<div class=\"elementor-column elementor-col-100 elementor-top-column elementor-element elementor-element-74a43bd\" data-id=\"74a43bd\" data-element_type=\"column\" data-e-type=\"column\">\n\t\t\t<div class=\"elementor-widget-wrap elementor-element-populated\">\n\t\t\t\t\t\t<div class=\"elementor-element elementor-element-14b2327 elementor-widget elementor-widget-heading\" data-id=\"14b2327\" data-element_type=\"widget\" data-e-type=\"widget\" data-widget_type=\"heading.default\">\n\t\t\t\t<div class=\"elementor-widget-container\">\n\t\t\t\t\t<h2 class=\"elementor-heading-title elementor-size-default\">P\u016fdorys<\/h2>\t\t\t\t<\/div>\n\t\t\t\t<\/div>\n\t\t\t\t\t<\/div>\n\t\t<\/div>\n\t\t\t\t\t<\/div>\n\t\t<\/section>\n\t\t\t\t<section class=\"elementor-section elementor-top-section elementor-element elementor-element-22a9c27 elementor-section-boxed elementor-section-height-default elementor-section-height-default\" data-id=\"22a9c27\" data-element_type=\"section\" data-e-type=\"section\">\n\t\t\t\t\t\t<div class=\"elementor-container elementor-column-gap-default\">\n\t\t\t\t\t<div class=\"elementor-column elementor-col-100 elementor-top-column elementor-element elementor-element-7322333\" data-id=\"7322333\" data-element_type=\"column\" data-e-type=\"column\">\n\t\t\t<div class=\"elementor-widget-wrap elementor-element-populated\">\n\t\t\t\t\t\t<div class=\"elementor-element elementor-element-14349d6 elementor-widget elementor-widget-image\" data-id=\"14349d6\" data-element_type=\"widget\" data-e-type=\"widget\" data-widget_type=\"image.default\">\n\t\t\t\t<div class=\"elementor-widget-container\">\n\t\t\t\t\t\t\t\t\t\t\t\t\t\t\t<img loading=\"lazy\" decoding=\"async\" width=\"969\" height=\"519\" src=\"https:\/\/verohomes.pl\/wp-content\/uploads\/2024\/11\/san.jpg\" class=\"attachment-large size-large wp-image-11964\" alt=\"modul-sanitarny\" srcset=\"https:\/\/verohomes.pl\/wp-content\/uploads\/2024\/11\/san.jpg 969w, https:\/\/verohomes.pl\/wp-content\/uploads\/2024\/11\/san-300x161.jpg 300w, https:\/\/verohomes.pl\/wp-content\/uploads\/2024\/11\/san-768x411.jpg 768w\" sizes=\"(max-width: 969px) 100vw, 969px\" \/>\t\t\t\t\t\t\t\t\t\t\t\t\t\t\t<\/div>\n\t\t\t\t<\/div>\n\t\t\t\t\t<\/div>\n\t\t<\/div>\n\t\t\t\t\t<\/div>\n\t\t<\/section>\n\t\t\t\t<\/div>\n\t\t","protected":false},"excerpt":{"rendered":"<p>Sanit\u00e1rn\u00ed modul VIRTU\u00c1LN\u00cd PROCH\u00c1ZKU Galerie P\u016fdorys<\/p>\n","protected":false},"author":2,"featured_media":0,"parent":6475,"menu_order":0,"comment_status":"closed","ping_status":"closed","template":"","meta":{"inline_featured_image":false,"site-sidebar-layout":"no-sidebar","site-content-layout":"page-builder","ast-site-content-layout":"full-width-container","site-content-style":"unboxed","site-sidebar-style":"unboxed","ast-global-header-display":"","ast-banner-title-visibility":"","ast-main-header-display":"","ast-hfb-above-header-display":"","ast-hfb-below-header-display":"","ast-hfb-mobile-header-display":"","site-post-title":"disabled","ast-breadcrumbs-content":"","ast-featured-img":"disabled","footer-sml-layout":"","theme-transparent-header-meta":"","adv-header-id-meta":"","stick-header-meta":"","header-above-stick-meta":"","header-main-stick-meta":"","header-below-stick-meta":"","astra-migrate-meta-layouts":"","footnotes":""},"class_list":["post-11001","page","type-page","status-publish","hentry"],"_links":{"self":[{"href":"https:\/\/verohomes.pl\/cs\/wp-json\/wp\/v2\/pages\/11001","targetHints":{"allow":["GET"]}}],"collection":[{"href":"https:\/\/verohomes.pl\/cs\/wp-json\/wp\/v2\/pages"}],"about":[{"href":"https:\/\/verohomes.pl\/cs\/wp-json\/wp\/v2\/types\/page"}],"author":[{"embeddable":true,"href":"https:\/\/verohomes.pl\/cs\/wp-json\/wp\/v2\/users\/2"}],"replies":[{"embeddable":true,"href":"https:\/\/verohomes.pl\/cs\/wp-json\/wp\/v2\/comments?post=11001"}],"version-history":[{"count":8,"href":"https:\/\/verohomes.pl\/cs\/wp-json\/wp\/v2\/pages\/11001\/revisions"}],"predecessor-version":[{"id":12990,"href":"https:\/\/verohomes.pl\/cs\/wp-json\/wp\/v2\/pages\/11001\/revisions\/12990"}],"up":[{"embeddable":true,"href":"https:\/\/verohomes.pl\/cs\/wp-json\/wp\/v2\/pages\/6475"}],"wp:attachment":[{"href":"https:\/\/verohomes.pl\/cs\/wp-json\/wp\/v2\/media?parent=11001"}],"curies":[{"name":"wp","href":"https:\/\/api.w.org\/{rel}","templated":true}]}}